{"id":105,"date":"2023-04-18T11:49:25","date_gmt":"2023-04-18T09:49:25","guid":{"rendered":"https:\/\/e-zfk.pl\/shop\/bez-kategorii\/baza-bolix-sil-00-complex-5l-farba-elewacyjna\/"},"modified":"2023-06-20T14:19:40","modified_gmt":"2023-06-20T12:19:40","slug":"baza-bolix-sil-00-complex-5l-farba-elewacyjna","status":"publish","type":"product","link":"https:\/\/e-zfk.pl\/de\/shop\/materialy-budowlane\/bolix\/baza-bolix-sil-00-complex-5l-farba-elewacyjna\/","title":{"rendered":"BASIS BOLIX SIL 00 KOMPLEX 5L- FASSADENFARBE"},"content":{"rendered":"<h3>Eigenschaften<\/h3>\n<ul>\n<li>hohe Best\u00e4ndigkeit gegen Witterung, UV-Strahlung - enth\u00e4lt \"UV-Absorber\".<\/li>\n<li>hoch: Hydrophobie - geringes Benetzungsverm\u00f6gen des Lackfilms, Dampfdurchl\u00e4ssigkeit, Farbstabilit\u00e4t<\/li>\n<li>erh\u00f6hte Resistenz gegen: Algen- und Pilzbewuchs, Versalzung - hat ein Kalzium-Ionen-Blockiersystem, sogenannte \"Kalzium-Blocker\".<\/li>\n<li>breite Palette von Farben<\/li>\n<li>ist ein Element der BOLIX-W\u00e4rmed\u00e4mmsysteme<\/li>\n<li><a href=\"https:\/\/e-zfk.pl\/wp-content\/uploads\/2023\/04\/9d142534a9089241cef1dba4b3e05fbb354fc31a.pdf\">PRODUKTKARTE<\/a><\/li>\n<\/ul>","protected":false},"excerpt":{"rendered":"<p>FASSADENFARBE<\/p>","protected":false},"featured_media":1364,"comment_status":"closed","ping_status":"closed","template":"","meta":{"om_disable_all_campaigns":false,"inline_featured_image":false,"_monsterinsights_skip_tracking":false,"_monsterinsights_sitenote_active":false,"_monsterinsights_sitenote_note":"","_monsterinsights_sitenote_category":0,"_uf_show_specific_survey":0,"_uf_disable_surveys":false},"product_cat":[69,15],"product_tag":[],"class_list":["post-105","product","type-product","status-publish","has-post-thumbnail","hentry","product_cat-bolix","product_cat-materialy-budowlane"],"aioseo_notices":[],"_links":{"self":[{"href":"https:\/\/e-zfk.pl\/de\/wp-json\/wp\/v2\/product\/105","targetHints":{"allow":["GET"]}}],"collection":[{"href":"https:\/\/e-zfk.pl\/de\/wp-json\/wp\/v2\/product"}],"about":[{"href":"https:\/\/e-zfk.pl\/de\/wp-json\/wp\/v2\/types\/product"}],"replies":[{"embeddable":true,"href":"https:\/\/e-zfk.pl\/de\/wp-json\/wp\/v2\/comments?post=105"}],"wp:featuredmedia":[{"embeddable":true,"href":"https:\/\/e-zfk.pl\/de\/wp-json\/wp\/v2\/media\/1364"}],"wp:attachment":[{"href":"https:\/\/e-zfk.pl\/de\/wp-json\/wp\/v2\/media?parent=105"}],"wp:term":[{"taxonomy":"product_cat","embeddable":true,"href":"https:\/\/e-zfk.pl\/de\/wp-json\/wp\/v2\/product_cat?post=105"},{"taxonomy":"product_tag","embeddable":true,"href":"https:\/\/e-zfk.pl\/de\/wp-json\/wp\/v2\/product_tag?post=105"}],"curies":[{"name":"wp","href":"https:\/\/api.w.org\/{rel}","templated":true}]}}