{"id":111,"date":"2023-04-18T11:49:36","date_gmt":"2023-04-18T09:49:36","guid":{"rendered":"https:\/\/e-zfk.pl\/shop\/bez-kategorii\/baza-soanta-biala-5l\/"},"modified":"2023-06-20T14:17:37","modified_gmt":"2023-06-20T12:17:37","slug":"baza-soanta-biala-5l","status":"publish","type":"product","link":"https:\/\/e-zfk.pl\/de\/shop\/materialy-budowlane\/bolix\/baza-soanta-biala-5l\/","title":{"rendered":"SOANTA BASE WEISS 5L"},"content":{"rendered":"<div class=\"item-description\">BOLIX Sonata ist eine schneewei\u00dfe Acrylfarbe f\u00fcr Wand- und Deckenanstriche in Wohn- und \u00f6ffentlichen R\u00e4umen.<\/div>\n<div class=\"item-description\">\n<h4>Merkmale:<\/h4>\n<p>ANWENDUNG<\/p>\n<p>Kann auf Zement-, Kalkzement- und Gipsputz, Gipskartonplatten und Betonuntergr\u00fcnden verwendet werden. Geeignet f\u00fcr Anstriche auf kleinen Steinen, Ziegeln, Holz und Holzwerkstoffen. Hat eine erh\u00f6hte Best\u00e4ndigkeit gegen die Bildung von Mikrorissen im Anstrichfilm. Enth\u00e4lt keine organischen L\u00f6sungsmittel.<\/p>\n<ul type=\"disc\">\n<li>Qualit\u00e4tserfassung - Klasse 1<\/li>\n<li>Nassabriebfestigkeit - Klasse 4<\/li>\n<li>sparsamer Verbrauch - bis zu 12 m 2 aus 1 Liter Farbe<\/li>\n<li>schneewei\u00dfe Farbe<\/li>\n<li>erf\u00fcllt die Anforderungen der VOC-Verordnung<\/li>\n<\/ul>\n<p>&nbsp;<\/p>\n<p>&nbsp;<\/p>\n<p>EIGENSCHAFTEN<\/p>\n<p>Verbrauch<b>:\u00a0<\/b>bis zu 12 m2\/Liter<\/p>\n<p>Anwendungstemperatur: +5 bis +25 C<\/p>\n<p>Trocknungszeit: min. 2 h<\/p>\n<p>Glanzgrad: tiefmatt<\/p>\n<p>Umgebungs- und Untergrundtemperatur w\u00e4hrend der Verarbeitung und Trocknung: +5\u00b0C bis +25\u00b0C<\/p>\n<p>Trocknungszeit der Oberfl\u00e4che:<b>\u00a0<\/b>min. 2h<\/p>\n<\/div>","protected":false},"excerpt":{"rendered":"<p>AKRYLFARBE<\/p>","protected":false},"featured_media":1380,"comment_status":"closed","ping_status":"closed","template":"","meta":{"om_disable_all_campaigns":false,"inline_featured_image":false,"_monsterinsights_skip_tracking":false,"_monsterinsights_sitenote_active":false,"_monsterinsights_sitenote_note":"","_monsterinsights_sitenote_category":0,"_uf_show_specific_survey":0,"_uf_disable_surveys":false},"product_cat":[69,15],"product_tag":[],"class_list":["post-111","product","type-product","status-publish","has-post-thumbnail","hentry","product_cat-bolix","product_cat-materialy-budowlane"],"aioseo_notices":[],"_links":{"self":[{"href":"https:\/\/e-zfk.pl\/de\/wp-json\/wp\/v2\/product\/111","targetHints":{"allow":["GET"]}}],"collection":[{"href":"https:\/\/e-zfk.pl\/de\/wp-json\/wp\/v2\/product"}],"about":[{"href":"https:\/\/e-zfk.pl\/de\/wp-json\/wp\/v2\/types\/product"}],"replies":[{"embeddable":true,"href":"https:\/\/e-zfk.pl\/de\/wp-json\/wp\/v2\/comments?post=111"}],"wp:featuredmedia":[{"embeddable":true,"href":"https:\/\/e-zfk.pl\/de\/wp-json\/wp\/v2\/media\/1380"}],"wp:attachment":[{"href":"https:\/\/e-zfk.pl\/de\/wp-json\/wp\/v2\/media?parent=111"}],"wp:term":[{"taxonomy":"product_cat","embeddable":true,"href":"https:\/\/e-zfk.pl\/de\/wp-json\/wp\/v2\/product_cat?post=111"},{"taxonomy":"product_tag","embeddable":true,"href":"https:\/\/e-zfk.pl\/de\/wp-json\/wp\/v2\/product_tag?post=111"}],"curies":[{"name":"wp","href":"https:\/\/api.w.org\/{rel}","templated":true}]}}