{"id":112,"date":"2023-04-18T11:49:38","date_gmt":"2023-04-18T09:49:38","guid":{"rendered":"https:\/\/e-zfk.pl\/shop\/bez-kategorii\/baza-tynku-balance-ecoside-15-00-25kg\/"},"modified":"2023-06-20T14:25:34","modified_gmt":"2023-06-20T12:25:34","slug":"baza-tynku-balance-ecoside-15-00-25kg","status":"publish","type":"product","link":"https:\/\/e-zfk.pl\/de\/shop\/materialy-budowlane\/bolix\/baza-tynku-balance-ecoside-15-00-25kg\/","title":{"rendered":"PUTZTR\u00c4GERBILANZ ECOSIDE 1.5 00 25KG"},"content":{"rendered":"<p>Der Silikonputz Balance EcoSide ist eine dekorative Putzmasse, die als Abschluss- und Dekorschicht bei der Au\u00dfenwandd\u00e4mmung von Geb\u00e4uden mit WDVS-Technologie auf Polystyrolschaum und Wolle verwendet wird. Der Putz ist auch f\u00fcr die Dekoration von nicht isolierten, mineralischen W\u00e4nden bestimmt, die entsprechend vorbereitet wurden, wie Zement- und Kalkzementputz, Beton. Der Putz ist f\u00fcr die Verwendung an Au\u00dfenfassaden von Einfamilienh\u00e4usern und in Innenr\u00e4umen bestimmt.<\/p>\n<ul>\n<li>Lambourn-Textur mit einer Korngr\u00f6\u00dfe von 1,5 mm und 2,0 mm<\/li>\n<li>einfaches und schnelles Ausmalen in 80 Trendfarben<\/li>\n<li>einfache Anwendung<\/li>\n<li>hohe Witterungsbest\u00e4ndigkeit<\/li>\n<li>Hydrophobie<\/li>\n<li>gute Best\u00e4ndigkeit gegen Glyby und Algenwachstum<\/li>\n<li>kann von Hand oder durch Spr\u00fchen aufgetragen werden<\/li>\n<li>zur Verwendung auf Wolle und Polystyrolschaum<\/li>\n<li><img decoding=\"async\" class=\"alignnone size-medium\" src=\"https:\/\/i-balance.pl\/files\/2018-06\/balance-ecoside-tynk-silikonowy.pdf\" width=\"596\" height=\"842\" \/><\/li>\n<\/ul>","protected":false},"excerpt":{"rendered":"<p>STRUNKUTURA BALANCE ECOSIDE WEISS<\/p>","protected":false},"featured_media":1383,"comment_status":"closed","ping_status":"closed","template":"","meta":{"om_disable_all_campaigns":false,"inline_featured_image":false,"_monsterinsights_skip_tracking":false,"_monsterinsights_sitenote_active":false,"_monsterinsights_sitenote_note":"","_monsterinsights_sitenote_category":0,"_uf_show_specific_survey":0,"_uf_disable_surveys":false},"product_cat":[69,15],"product_tag":[],"class_list":["post-112","product","type-product","status-publish","has-post-thumbnail","hentry","product_cat-bolix","product_cat-materialy-budowlane"],"aioseo_notices":[],"_links":{"self":[{"href":"https:\/\/e-zfk.pl\/de\/wp-json\/wp\/v2\/product\/112","targetHints":{"allow":["GET"]}}],"collection":[{"href":"https:\/\/e-zfk.pl\/de\/wp-json\/wp\/v2\/product"}],"about":[{"href":"https:\/\/e-zfk.pl\/de\/wp-json\/wp\/v2\/types\/product"}],"replies":[{"embeddable":true,"href":"https:\/\/e-zfk.pl\/de\/wp-json\/wp\/v2\/comments?post=112"}],"wp:featuredmedia":[{"embeddable":true,"href":"https:\/\/e-zfk.pl\/de\/wp-json\/wp\/v2\/media\/1383"}],"wp:attachment":[{"href":"https:\/\/e-zfk.pl\/de\/wp-json\/wp\/v2\/media?parent=112"}],"wp:term":[{"taxonomy":"product_cat","embeddable":true,"href":"https:\/\/e-zfk.pl\/de\/wp-json\/wp\/v2\/product_cat?post=112"},{"taxonomy":"product_tag","embeddable":true,"href":"https:\/\/e-zfk.pl\/de\/wp-json\/wp\/v2\/product_tag?post=112"}],"curies":[{"name":"wp","href":"https:\/\/api.w.org\/{rel}","templated":true}]}}