{"id":122,"date":"2023-04-18T11:49:58","date_gmt":"2023-04-18T09:49:58","guid":{"rendered":"https:\/\/e-zfk.pl\/shop\/bez-kategorii\/be-obrzeze-6x20x100-szary\/"},"modified":"2023-06-20T14:23:58","modified_gmt":"2023-06-20T12:23:58","slug":"be-obrzeze-6x20x100-szary","status":"publish","type":"product","link":"https:\/\/e-zfk.pl\/de\/shop\/materialy-budowlane\/kostka-brukowa\/be-obrzeze-6x20x100-szary\/","title":{"rendered":"BE EINFASSUNG 6X20X100 - GRAU"},"content":{"rendered":"<div class=\"title\">\n<h1>KANTEN PFLASTERN<\/h1>\n<\/div>\n<div class=\"description\">\n<p>Pflastereinfassungen sind das gebr\u00e4uchlichste Element, um Pflaster in G\u00e4rten, auf Wegen, Gehwegen und Pl\u00e4tzen von Rasenfl\u00e4chen und Vegetation abzugrenzen. Solche Pflastereinfassungen aus \"Trockenbeton\" sind ein unverzichtbares Halteelement, das die Pflastersteine vor dem Auseinandergleiten sch\u00fctzt. Bruk-Bet bietet Einfassungen in verschiedenen Gr\u00f6\u00dfen an. Sie sind alle einen Meter lang, aber Sie k\u00f6nnen je nach Ihren Bed\u00fcrfnissen h\u00f6here oder niedrigere, dickere oder d\u00fcnnere Elemente w\u00e4hlen. Pflastereinfassungen gibt es in den Gr\u00f6\u00dfen 8 x 30, 8 x 25 und 6 x 20 Zentimeter. Ihre Wahl sollte vom genauen Zweck und der Belastung des Gehweges abh\u00e4ngen. Diese Betonelemente gibt es auch in mehreren monochromen Farben, die sich gut miteinander kombinieren lassen: grau, graphit, rot oder braun. W\u00e4hlen Sie zwischen einseitig oder beidseitig abgeschr\u00e4gten Einfassungen.<\/p>\n<p><img decoding=\"async\" src=\"https:\/\/www.bruk-bet.pl\/public\/userfiles\/2021\/xobrzeze-betonowe-brukbet.jpg.pagespeed.ic.4TZoCxC03O.jpg\" alt=\"obrze\u017ca betonowe\" data-pagespeed-url-hash=\"1160312552\" \/><\/p>\n<p><a href=\"https:\/\/e-zfk.pl\/wp-content\/uploads\/2023\/04\/karta-produktowa-obrzeze-betonowe.pdf\">Produktkarte<\/a><\/p>\n<\/div>","protected":false},"excerpt":{"rendered":"<p>OBERZES<\/p>","protected":false},"featured_media":1411,"comment_status":"closed","ping_status":"closed","template":"","meta":{"om_disable_all_campaigns":false,"inline_featured_image":false,"_monsterinsights_skip_tracking":false,"_monsterinsights_sitenote_active":false,"_monsterinsights_sitenote_note":"","_monsterinsights_sitenote_category":0,"_uf_show_specific_survey":0,"_uf_disable_surveys":false},"product_cat":[67,15],"product_tag":[],"class_list":["post-122","product","type-product","status-publish","has-post-thumbnail","hentry","product_cat-kostka-brukowa","product_cat-materialy-budowlane"],"aioseo_notices":[],"_links":{"self":[{"href":"https:\/\/e-zfk.pl\/de\/wp-json\/wp\/v2\/product\/122","targetHints":{"allow":["GET"]}}],"collection":[{"href":"https:\/\/e-zfk.pl\/de\/wp-json\/wp\/v2\/product"}],"about":[{"href":"https:\/\/e-zfk.pl\/de\/wp-json\/wp\/v2\/types\/product"}],"replies":[{"embeddable":true,"href":"https:\/\/e-zfk.pl\/de\/wp-json\/wp\/v2\/comments?post=122"}],"wp:featuredmedia":[{"embeddable":true,"href":"https:\/\/e-zfk.pl\/de\/wp-json\/wp\/v2\/media\/1411"}],"wp:attachment":[{"href":"https:\/\/e-zfk.pl\/de\/wp-json\/wp\/v2\/media?parent=122"}],"wp:term":[{"taxonomy":"product_cat","embeddable":true,"href":"https:\/\/e-zfk.pl\/de\/wp-json\/wp\/v2\/product_cat?post=122"},{"taxonomy":"product_tag","embeddable":true,"href":"https:\/\/e-zfk.pl\/de\/wp-json\/wp\/v2\/product_tag?post=122"}],"curies":[{"name":"wp","href":"https:\/\/api.w.org\/{rel}","templated":true}]}}