{"id":133,"date":"2023-04-18T11:50:22","date_gmt":"2023-04-18T09:50:22","guid":{"rendered":"https:\/\/e-zfk.pl\/shop\/bez-kategorii\/bolix-n-5-kg-grunt\/"},"modified":"2023-06-20T14:17:23","modified_gmt":"2023-06-20T12:17:23","slug":"bolix-n-5-kg-grunt","status":"publish","type":"product","link":"https:\/\/e-zfk.pl\/de\/shop\/materialy-budowlane\/bolix\/bolix-n-5-kg-grunt\/","title":{"rendered":"BOLIX \"N\" 5 KG GRUNDIERUNG"},"content":{"rendered":"<h3>Eigenschaften<\/h3>\n<ul>\n<li>st\u00e4rkt das Substrat<\/li>\n<li>speziell f\u00fcr stark saugf\u00e4hige Substrate<\/li>\n<li>verbessert die Haftung auf dem Untergrund vor dem Auftragen der nachfolgenden Beschichtungen<\/li>\n<li>Verringert die Staubigkeit und sorgt f\u00fcr eine gleichm\u00e4\u00dfige Saugf\u00e4higkeit des Untergrunds<\/li>\n<li>sch\u00fctzt die grundierte Oberfl\u00e4che vor den sch\u00e4dlichen Auswirkungen von Feuchtigkeit<\/li>\n<li>verhindert die \u00dcbertragung von Verunreinigungen aus den Primern und minimiert die M\u00f6glichkeit von Fleckenbildung<\/li>\n<li>l\u00f6sungsmittelfrei<\/li>\n<li>ein Element des Reparatursystems f\u00fcr Au\u00dfenwandd\u00e4mmung, das unter die Technische Empfehlung des Instituts f\u00fcr Bauforschung (ITB) f\u00e4llt<\/li>\n<li><a href=\"https:\/\/e-zfk.pl\/wp-content\/uploads\/2023\/04\/baa35739750253ea60c95e21d36285c9b212e911.pdf\">PRODUKTKARTE<\/a><\/li>\n<\/ul>","protected":false},"excerpt":{"rendered":"<p>GRUNT<\/p>","protected":false},"featured_media":1428,"comment_status":"closed","ping_status":"closed","template":"","meta":{"om_disable_all_campaigns":false,"inline_featured_image":false,"_monsterinsights_skip_tracking":false,"_monsterinsights_sitenote_active":false,"_monsterinsights_sitenote_note":"","_monsterinsights_sitenote_category":0,"_uf_show_specific_survey":0,"_uf_disable_surveys":false},"product_cat":[69,15],"product_tag":[],"class_list":["post-133","product","type-product","status-publish","has-post-thumbnail","hentry","product_cat-bolix","product_cat-materialy-budowlane"],"aioseo_notices":[],"_links":{"self":[{"href":"https:\/\/e-zfk.pl\/de\/wp-json\/wp\/v2\/product\/133","targetHints":{"allow":["GET"]}}],"collection":[{"href":"https:\/\/e-zfk.pl\/de\/wp-json\/wp\/v2\/product"}],"about":[{"href":"https:\/\/e-zfk.pl\/de\/wp-json\/wp\/v2\/types\/product"}],"replies":[{"embeddable":true,"href":"https:\/\/e-zfk.pl\/de\/wp-json\/wp\/v2\/comments?post=133"}],"wp:featuredmedia":[{"embeddable":true,"href":"https:\/\/e-zfk.pl\/de\/wp-json\/wp\/v2\/media\/1428"}],"wp:attachment":[{"href":"https:\/\/e-zfk.pl\/de\/wp-json\/wp\/v2\/media?parent=133"}],"wp:term":[{"taxonomy":"product_cat","embeddable":true,"href":"https:\/\/e-zfk.pl\/de\/wp-json\/wp\/v2\/product_cat?post=133"},{"taxonomy":"product_tag","embeddable":true,"href":"https:\/\/e-zfk.pl\/de\/wp-json\/wp\/v2\/product_tag?post=133"}],"curies":[{"name":"wp","href":"https:\/\/api.w.org\/{rel}","templated":true}]}}