{"id":137,"date":"2023-04-18T11:50:32","date_gmt":"2023-04-18T09:50:32","guid":{"rendered":"https:\/\/e-zfk.pl\/shop\/bez-kategorii\/bolix-gc15-5l-grunt-pod-farby\/"},"modified":"2023-06-20T14:16:55","modified_gmt":"2023-06-20T12:16:55","slug":"bolix-gc15-5l-grunt-pod-farby","status":"publish","type":"product","link":"https:\/\/e-zfk.pl\/de\/shop\/materialy-budowlane\/bolix\/bolix-gc15-5l-grunt-pod-farby\/","title":{"rendered":"BOLIX GC15 5L - GRUNDIERUNG F\u00dcR ANSTRICHE"},"content":{"rendered":"<div class=\"page\" title=\"Seite 1\">\n<div class=\"section\">\n<div class=\"layoutArea\">\n<div class=\"column\">\n<p>PRODUKTMERKMALE:<\/p>\n<p>verbessert die Farbhaftung auf dem Untergrund,<br \/>\nverst\u00e4rkt den Untergrund, verringert die Staubentwicklung und sorgt f\u00fcr eine gleichm\u00e4\u00dfige Saugf\u00e4higkeit des Untergrunds,<\/p>\n<ul>\n<li>\u00a0verhindert die \u00dcbertragung von Verunreinigungen aus den Primern\n<p>und minimiert die M\u00f6glichkeit von Flecken nach einem Neuanstrich,<\/li>\n<li>wasserverd\u00fcnnbar und geruchlos - vernachl\u00e4ssigbarer Gehalt an fl\u00fcchtigen Bestandteilen\n<p>organische Verbindungen (VOC&lt;0,6 g\/l)<\/li>\n<li>Schnell trocknend<\/li>\n<li><a href=\"https:\/\/bolix.pl\/pl\/open-file\/1352\">https:\/\/bolix.pl\/pl\/open-file\/1352<\/a>\u00a0-PRODUKTBLATT<\/li>\n<\/ul>\n<\/div>\n<\/div>\n<\/div>\n<\/div>","protected":false},"excerpt":{"rendered":"<p>GRUNDIERUNG F\u00dcR ANSTRICHE<\/p>","protected":false},"featured_media":1439,"comment_status":"closed","ping_status":"closed","template":"","meta":{"om_disable_all_campaigns":false,"inline_featured_image":false,"_monsterinsights_skip_tracking":false,"_monsterinsights_sitenote_active":false,"_monsterinsights_sitenote_note":"","_monsterinsights_sitenote_category":0,"_uf_show_specific_survey":0,"_uf_disable_surveys":false},"product_cat":[69,15],"product_tag":[],"class_list":["post-137","product","type-product","status-publish","has-post-thumbnail","hentry","product_cat-bolix","product_cat-materialy-budowlane"],"aioseo_notices":[],"_links":{"self":[{"href":"https:\/\/e-zfk.pl\/de\/wp-json\/wp\/v2\/product\/137","targetHints":{"allow":["GET"]}}],"collection":[{"href":"https:\/\/e-zfk.pl\/de\/wp-json\/wp\/v2\/product"}],"about":[{"href":"https:\/\/e-zfk.pl\/de\/wp-json\/wp\/v2\/types\/product"}],"replies":[{"embeddable":true,"href":"https:\/\/e-zfk.pl\/de\/wp-json\/wp\/v2\/comments?post=137"}],"wp:featuredmedia":[{"embeddable":true,"href":"https:\/\/e-zfk.pl\/de\/wp-json\/wp\/v2\/media\/1439"}],"wp:attachment":[{"href":"https:\/\/e-zfk.pl\/de\/wp-json\/wp\/v2\/media?parent=137"}],"wp:term":[{"taxonomy":"product_cat","embeddable":true,"href":"https:\/\/e-zfk.pl\/de\/wp-json\/wp\/v2\/product_cat?post=137"},{"taxonomy":"product_tag","embeddable":true,"href":"https:\/\/e-zfk.pl\/de\/wp-json\/wp\/v2\/product_tag?post=137"}],"curies":[{"name":"wp","href":"https:\/\/api.w.org\/{rel}","templated":true}]}}