{"id":141,"date":"2023-04-18T11:50:41","date_gmt":"2023-04-18T09:50:41","guid":{"rendered":"https:\/\/e-zfk.pl\/shop\/bez-kategorii\/bolix-hydro-duo-complet-25kg85kg\/"},"modified":"2023-06-20T14:16:25","modified_gmt":"2023-06-20T12:16:25","slug":"bolix-hydro-duo-complet-25kg85kg","status":"publish","type":"product","link":"https:\/\/e-zfk.pl\/de\/shop\/materialy-budowlane\/bolix\/bolix-hydro-duo-complet-25kg85kg\/","title":{"rendered":"BOLIX HYDRO DUO COMPLET 25KG+8.5KG"},"content":{"rendered":"<h3>Eigenschaften<\/h3>\n<ul>\n<li>mit Fasern verst\u00e4rkt<\/li>\n<li>hochflexibel<\/li>\n<li>hat die F\u00e4higkeit, Risse im Substrat zu \u00fcberbr\u00fccken<\/li>\n<li>wasserdicht<\/li>\n<li>dampfdurchl\u00e4ssig<\/li>\n<li>frostbest\u00e4ndig nach Aush\u00e4rtung<\/li>\n<li>erfordert keine Grundierung des Untergrunds<\/li>\n<li>l\u00f6sungsmittelfrei<\/li>\n<li>f\u00fcr innen und au\u00dfen<\/li>\n<li>f\u00fcr Balkone, Loggias und Terrassen<\/li>\n<li>f\u00fcr W\u00e4nde und B\u00f6den auch mit Fu\u00dfbodenheizung<\/li>\n<li><a href=\"https:\/\/e-zfk.pl\/wp-content\/uploads\/2023\/04\/7cfa72f67d7eaf8f2d9a330ce7a39012b1b48c0f.pdf\">PRODUKTKARTE<\/a><\/li>\n<\/ul>","protected":false},"excerpt":{"rendered":"<p>Zwei-Komponenten-Dichtungsmasse<\/p>","protected":false},"featured_media":1451,"comment_status":"closed","ping_status":"closed","template":"","meta":{"om_disable_all_campaigns":false,"inline_featured_image":false,"_monsterinsights_skip_tracking":false,"_monsterinsights_sitenote_active":false,"_monsterinsights_sitenote_note":"","_monsterinsights_sitenote_category":0,"_uf_show_specific_survey":0,"_uf_disable_surveys":false},"product_cat":[69,15],"product_tag":[],"class_list":["post-141","product","type-product","status-publish","has-post-thumbnail","hentry","product_cat-bolix","product_cat-materialy-budowlane"],"aioseo_notices":[],"_links":{"self":[{"href":"https:\/\/e-zfk.pl\/de\/wp-json\/wp\/v2\/product\/141","targetHints":{"allow":["GET"]}}],"collection":[{"href":"https:\/\/e-zfk.pl\/de\/wp-json\/wp\/v2\/product"}],"about":[{"href":"https:\/\/e-zfk.pl\/de\/wp-json\/wp\/v2\/types\/product"}],"replies":[{"embeddable":true,"href":"https:\/\/e-zfk.pl\/de\/wp-json\/wp\/v2\/comments?post=141"}],"wp:featuredmedia":[{"embeddable":true,"href":"https:\/\/e-zfk.pl\/de\/wp-json\/wp\/v2\/media\/1451"}],"wp:attachment":[{"href":"https:\/\/e-zfk.pl\/de\/wp-json\/wp\/v2\/media?parent=141"}],"wp:term":[{"taxonomy":"product_cat","embeddable":true,"href":"https:\/\/e-zfk.pl\/de\/wp-json\/wp\/v2\/product_cat?post=141"},{"taxonomy":"product_tag","embeddable":true,"href":"https:\/\/e-zfk.pl\/de\/wp-json\/wp\/v2\/product_tag?post=141"}],"curies":[{"name":"wp","href":"https:\/\/api.w.org\/{rel}","templated":true}]}}