{"id":144,"date":"2023-04-18T11:50:47","date_gmt":"2023-04-18T09:50:47","guid":{"rendered":"https:\/\/e-zfk.pl\/shop\/bez-kategorii\/bolix-op-bialy-5-kg-grunt-szczepny-pod-tynik-min\/"},"modified":"2023-06-20T14:13:43","modified_gmt":"2023-06-20T12:13:43","slug":"bolix-op-bialy-5-kg-grunt-szczepny-pod-tynik-min","status":"publish","type":"product","link":"https:\/\/e-zfk.pl\/de\/shop\/materialy-budowlane\/bolix\/bolix-op-bialy-5-kg-grunt-szczepny-pod-tynik-min\/","title":{"rendered":"BOLIX OP WEISS 5 KG - VEREDELUNGSGRUNDIERUNG F\u00dcR GIPS MIN"},"content":{"rendered":"<h3>Eigenschaften<\/h3>\n<ul>\n<li>erleichtert das Auftragen von Pflastern - enth\u00e4lt Quarzmehl<\/li>\n<li>st\u00e4rkt das Substrat<\/li>\n<li>Verringert die Staubigkeit und sorgt f\u00fcr eine gleichm\u00e4\u00dfige Saugf\u00e4higkeit des Untergrunds<\/li>\n<li>sch\u00fctzt die grundierte Oberfl\u00e4che vor den sch\u00e4dlichen Auswirkungen von Feuchtigkeit<\/li>\n<li>verhindert die \u00dcbertragung von Verunreinigungen aus den Grundierungen auf den Putz und minimiert die M\u00f6glichkeit der Fleckenbildung<\/li>\n<li>reduziert den Effekt, dass die Farbe des Untergrunds durch die Putzstruktur hindurchscheint<\/li>\n<li>ist ein Element der BOLIX-W\u00e4rmed\u00e4mmsysteme auf EPS-Polystyrolschaumplatten und Mineralwollplatten<\/li>\n<li><a href=\"https:\/\/e-zfk.pl\/wp-content\/uploads\/2023\/04\/f52400028fffc16f6e1b31adf8bacb8493842e62.pdf\">PRODUKTKARTE<\/a><\/li>\n<\/ul>","protected":false},"excerpt":{"rendered":"<p>PLASTER PRIMER<\/p>","protected":false},"featured_media":1456,"comment_status":"closed","ping_status":"closed","template":"","meta":{"om_disable_all_campaigns":false,"inline_featured_image":false,"_monsterinsights_skip_tracking":false,"_monsterinsights_sitenote_active":false,"_monsterinsights_sitenote_note":"","_monsterinsights_sitenote_category":0,"_uf_show_specific_survey":0,"_uf_disable_surveys":false},"product_cat":[69,15],"product_tag":[],"class_list":["post-144","product","type-product","status-publish","has-post-thumbnail","hentry","product_cat-bolix","product_cat-materialy-budowlane"],"aioseo_notices":[],"_links":{"self":[{"href":"https:\/\/e-zfk.pl\/de\/wp-json\/wp\/v2\/product\/144","targetHints":{"allow":["GET"]}}],"collection":[{"href":"https:\/\/e-zfk.pl\/de\/wp-json\/wp\/v2\/product"}],"about":[{"href":"https:\/\/e-zfk.pl\/de\/wp-json\/wp\/v2\/types\/product"}],"replies":[{"embeddable":true,"href":"https:\/\/e-zfk.pl\/de\/wp-json\/wp\/v2\/comments?post=144"}],"wp:featuredmedia":[{"embeddable":true,"href":"https:\/\/e-zfk.pl\/de\/wp-json\/wp\/v2\/media\/1456"}],"wp:attachment":[{"href":"https:\/\/e-zfk.pl\/de\/wp-json\/wp\/v2\/media?parent=144"}],"wp:term":[{"taxonomy":"product_cat","embeddable":true,"href":"https:\/\/e-zfk.pl\/de\/wp-json\/wp\/v2\/product_cat?post=144"},{"taxonomy":"product_tag","embeddable":true,"href":"https:\/\/e-zfk.pl\/de\/wp-json\/wp\/v2\/product_tag?post=144"}],"curies":[{"name":"wp","href":"https:\/\/api.w.org\/{rel}","templated":true}]}}