{"id":147,"date":"2023-04-18T11:50:54","date_gmt":"2023-04-18T09:50:54","guid":{"rendered":"https:\/\/e-zfk.pl\/shop\/bez-kategorii\/bolix-us-25-kg-uniwersalny-klej-zbrojony\/"},"modified":"2023-06-20T14:13:20","modified_gmt":"2023-06-20T12:13:20","slug":"bolix-us-25-kg-uniwersalny-klej-zbrojony","status":"publish","type":"product","link":"https:\/\/e-zfk.pl\/de\/shop\/materialy-budowlane\/bolix\/bolix-us-25-kg-uniwersalny-klej-zbrojony\/","title":{"rendered":"BOLIX US 25 KG- UNIVERSAL VERST\u00c4RKTER KLEBER"},"content":{"rendered":"<h3>Eigenschaften<\/h3>\n<ul>\n<li>mit Mikrofasern verst\u00e4rkt - erh\u00f6hte Widerstandsf\u00e4higkeit gegen Risse und Kratzer<\/li>\n<li>sehr hohe Haftung auf mineralischen Untergr\u00fcnden und Polystyrolschaum<\/li>\n<li>dampfdurchl\u00e4ssig<\/li>\n<li>geeignet f\u00fcr die D\u00e4mmung von Passiv- und Energiesparh\u00e4usern mit bis zu 50 cm dicken EPS-Platten<\/li>\n<li>ein Element des Reparatursystems f\u00fcr die Au\u00dfenwandd\u00e4mmung, einschlie\u00dflich der Ausf\u00fchrung von \"D\u00e4mmung auf D\u00e4mmung\", das von der technischen Empfehlung des Instituts f\u00fcr Bauforschung (ITB) abgedeckt wird<\/li>\n<li>f\u00fcr Polystyrolplatten EPS, einschlie\u00dflich Graphit, und XPS<\/li>\n<li><a href=\"https:\/\/e-zfk.pl\/wp-content\/uploads\/2023\/04\/3f50cab28887e958369ceb2c59bc4fe40bf2d414-2.pdf\">PRODUKTKARTE<\/a><\/li>\n<\/ul>","protected":false},"excerpt":{"rendered":"<p>Verst\u00e4rkter Allzweckkleber f\u00fcr Polystyrol-D\u00e4mmsysteme<\/p>","protected":false},"featured_media":1469,"comment_status":"closed","ping_status":"closed","template":"","meta":{"om_disable_all_campaigns":false,"inline_featured_image":false,"_monsterinsights_skip_tracking":false,"_monsterinsights_sitenote_active":false,"_monsterinsights_sitenote_note":"","_monsterinsights_sitenote_category":0,"_uf_show_specific_survey":0,"_uf_disable_surveys":false},"product_cat":[69,15],"product_tag":[],"class_list":["post-147","product","type-product","status-publish","has-post-thumbnail","hentry","product_cat-bolix","product_cat-materialy-budowlane"],"aioseo_notices":[],"_links":{"self":[{"href":"https:\/\/e-zfk.pl\/de\/wp-json\/wp\/v2\/product\/147","targetHints":{"allow":["GET"]}}],"collection":[{"href":"https:\/\/e-zfk.pl\/de\/wp-json\/wp\/v2\/product"}],"about":[{"href":"https:\/\/e-zfk.pl\/de\/wp-json\/wp\/v2\/types\/product"}],"replies":[{"embeddable":true,"href":"https:\/\/e-zfk.pl\/de\/wp-json\/wp\/v2\/comments?post=147"}],"wp:featuredmedia":[{"embeddable":true,"href":"https:\/\/e-zfk.pl\/de\/wp-json\/wp\/v2\/media\/1469"}],"wp:attachment":[{"href":"https:\/\/e-zfk.pl\/de\/wp-json\/wp\/v2\/media?parent=147"}],"wp:term":[{"taxonomy":"product_cat","embeddable":true,"href":"https:\/\/e-zfk.pl\/de\/wp-json\/wp\/v2\/product_cat?post=147"},{"taxonomy":"product_tag","embeddable":true,"href":"https:\/\/e-zfk.pl\/de\/wp-json\/wp\/v2\/product_tag?post=147"}],"curies":[{"name":"wp","href":"https:\/\/api.w.org\/{rel}","templated":true}]}}