{"id":155,"date":"2023-04-18T11:51:11","date_gmt":"2023-04-18T09:51:11","guid":{"rendered":"https:\/\/e-zfk.pl\/shop\/bez-kategorii\/bp11-h3rs-l300-listwa-do-boniowania-z-siatka\/"},"modified":"2023-06-20T14:11:11","modified_gmt":"2023-06-20T12:11:11","slug":"bp11-h3rs-l300-listwa-do-boniowania-z-siatka","status":"publish","type":"product","link":"https:\/\/e-zfk.pl\/de\/shop\/materialy-budowlane\/ocieplanie-budynku\/bp11-h3rs-l300-listwa-do-boniowania-z-siatka\/","title":{"rendered":"BP11 H3RS L300 RUSTIKALES BAND MIT MASCHE"},"content":{"rendered":"<p><strong class=\"desc_title\">TECHNISCHE DATEN:<\/strong><\/p>\n<p><strong>Bella Plast BP11 H2 RS-Fassadenplatten<\/strong> mit Gewebe wird verwendet, um dekorative Rustizierungen in einer Isolierfassade zu schaffen. Sie werden sowohl f\u00fcr Mineralwolle- als auch f\u00fcr Polystyrol-Fassaden verwendet, sofern die Farbe der Polystyrol-Fassade keinen zu hohen Sonnenenergie-Absorptionskoeffizienten aufweist, der eine starke Erw\u00e4rmung der Fassadenoberfl\u00e4che und eine Schrumpfung des Polystyrols bis zu 15% im Volumen verursacht. Sie haben die folgenden Parameter:<\/p>\n<p><strong>- Breite: 20 mm<\/strong><br \/>\n- Tiefe: 30 mm<br \/>\n- L\u00e4nge: 300 cm<br \/>\n- Farbe: wei\u00df<\/p>\n<p><strong class=\"desc_title\">FUNKTIONELLE EIGENSCHAFTEN:<\/strong><\/p>\n<p>- Gew\u00e4hrleistung von geraden, gleichm\u00e4\u00dfigen Fugen in der Fassade<br \/>\n- Verst\u00e4rkung der Rillenr\u00e4nder durch Einlegen eines Hart-PVC-Streifens<br \/>\n- billiger und schneller zu montieren als die \"manuelle\" Rustikalisierung mit Netzb\u00fcgeln<br \/>\n- dichte Verbindung von Rustikalisierungsstreifen mittels Rustikalisierungsmuffen<br \/>\n- resistent gegen Wasser und mechanische Besch\u00e4digungen.<\/p>","protected":false},"excerpt":{"rendered":"<p>LISTE<\/p>","protected":false},"featured_media":2086,"comment_status":"closed","ping_status":"closed","template":"","meta":{"om_disable_all_campaigns":false,"inline_featured_image":false,"_monsterinsights_skip_tracking":false,"_monsterinsights_sitenote_active":false,"_monsterinsights_sitenote_note":"","_monsterinsights_sitenote_category":0,"_uf_show_specific_survey":0,"_uf_disable_surveys":false},"product_cat":[68,22,15],"product_tag":[],"class_list":["post-155","product","type-product","status-publish","has-post-thumbnail","hentry","product_cat-listwy-wykonczeniowe","product_cat-ocieplanie-budynku","product_cat-materialy-budowlane"],"aioseo_notices":[],"_links":{"self":[{"href":"https:\/\/e-zfk.pl\/de\/wp-json\/wp\/v2\/product\/155","targetHints":{"allow":["GET"]}}],"collection":[{"href":"https:\/\/e-zfk.pl\/de\/wp-json\/wp\/v2\/product"}],"about":[{"href":"https:\/\/e-zfk.pl\/de\/wp-json\/wp\/v2\/types\/product"}],"replies":[{"embeddable":true,"href":"https:\/\/e-zfk.pl\/de\/wp-json\/wp\/v2\/comments?post=155"}],"wp:featuredmedia":[{"embeddable":true,"href":"https:\/\/e-zfk.pl\/de\/wp-json\/wp\/v2\/media\/2086"}],"wp:attachment":[{"href":"https:\/\/e-zfk.pl\/de\/wp-json\/wp\/v2\/media?parent=155"}],"wp:term":[{"taxonomy":"product_cat","embeddable":true,"href":"https:\/\/e-zfk.pl\/de\/wp-json\/wp\/v2\/product_cat?post=155"},{"taxonomy":"product_tag","embeddable":true,"href":"https:\/\/e-zfk.pl\/de\/wp-json\/wp\/v2\/product_tag?post=155"}],"curies":[{"name":"wp","href":"https:\/\/api.w.org\/{rel}","templated":true}]}}