{"id":158,"date":"2023-04-18T11:51:16","date_gmt":"2023-04-18T09:51:16","guid":{"rendered":"https:\/\/e-zfk.pl\/shop\/bez-kategorii\/bp11-lacznik-h2-lacznik-wzdluzny-do-boni-h2\/"},"modified":"2023-06-20T14:10:46","modified_gmt":"2023-06-20T12:10:46","slug":"bp11-lacznik-h2-lacznik-wzdluzny-do-boni-h2","status":"publish","type":"product","link":"https:\/\/e-zfk.pl\/de\/shop\/materialy-budowlane\/ocieplanie-budynku\/bp11-lacznik-h2-lacznik-wzdluzny-do-boni-h2\/","title":{"rendered":"BP11 VERBINDUNG H2 L\u00c4NGSVERBINDER F\u00dcR BONI H2"},"content":{"rendered":"<p><strong>Nutzwerte:<\/strong><\/p>\n<ul>\n<li>Dichtet und verbindet Rustizierungsleisten und Eckwinkel dauerhaft mit Rustizierungsleisten.<\/li>\n<li>Verbessert die optische Wirkung der Verbindung.<\/li>\n<\/ul>\n<p><strong>Montage:<\/strong><\/p>\n<ul>\n<li>Die PVC-L\u00e4ngsverbinder f\u00fcr die Rustizierung sind in drei Gr\u00f6\u00dfen erh\u00e4ltlich, die den Abmessungen der Rustizierungsformteile entsprechen: 20 mm, 30 mm und 50 mm.<\/li>\n<li>Die Anschl\u00fcsse sind mit einem speziellen, nicht absorbierenden wei\u00dfen Klebeschaum und nicht absorbierenden schwarzen Dichtungen ausgestattet.<\/li>\n<li>Die Montage erfolgt durch Entfernen der gelben Folienabdeckung.<\/li>\n<li>Aufkleben eines Rustikalisierungsstreifens oder Rustikalisierungswinkels auf der halben L\u00e4nge des Verbinders.<\/li>\n<li>Das Ergebnis ist eine \u00e4sthetisch ansprechende, dichte und sichere Verbindung der Rustizierungsleisten.<\/li>\n<li>Befestigungs-, Winkel- und Rustizierungsstreifen (mit oder ohne Gewebe) werden in einem Arbeitsgang eingeklebt und mit Armierungsglasgewebe abgedeckt.<\/li>\n<li>Die Verbinder bilden eine \u00e4sthetisch ansprechende und dauerhafte Dichtung.<\/li>\n<\/ul>\n<p><strong>Gr\u00f6\u00dfentabelle f\u00fcr BP11-Stecker:<\/strong><\/p>\n<ul>\n<li>BP11 H1 - Breite - 10 mm<\/li>\n<li>BP11 H2 - Breite - 20 mm<\/li>\n<li>BP11 H3 - Breite - 30 mm<\/li>\n<\/ul>","protected":false},"excerpt":{"rendered":"<p>LINK<\/p>","protected":false},"featured_media":2083,"comment_status":"closed","ping_status":"closed","template":"","meta":{"om_disable_all_campaigns":false,"inline_featured_image":false,"_monsterinsights_skip_tracking":false,"_monsterinsights_sitenote_active":false,"_monsterinsights_sitenote_note":"","_monsterinsights_sitenote_category":0,"_uf_show_specific_survey":0,"_uf_disable_surveys":false},"product_cat":[68,22,15],"product_tag":[],"class_list":["post-158","product","type-product","status-publish","has-post-thumbnail","hentry","product_cat-listwy-wykonczeniowe","product_cat-ocieplanie-budynku","product_cat-materialy-budowlane"],"aioseo_notices":[],"_links":{"self":[{"href":"https:\/\/e-zfk.pl\/de\/wp-json\/wp\/v2\/product\/158","targetHints":{"allow":["GET"]}}],"collection":[{"href":"https:\/\/e-zfk.pl\/de\/wp-json\/wp\/v2\/product"}],"about":[{"href":"https:\/\/e-zfk.pl\/de\/wp-json\/wp\/v2\/types\/product"}],"replies":[{"embeddable":true,"href":"https:\/\/e-zfk.pl\/de\/wp-json\/wp\/v2\/comments?post=158"}],"wp:featuredmedia":[{"embeddable":true,"href":"https:\/\/e-zfk.pl\/de\/wp-json\/wp\/v2\/media\/2083"}],"wp:attachment":[{"href":"https:\/\/e-zfk.pl\/de\/wp-json\/wp\/v2\/media?parent=158"}],"wp:term":[{"taxonomy":"product_cat","embeddable":true,"href":"https:\/\/e-zfk.pl\/de\/wp-json\/wp\/v2\/product_cat?post=158"},{"taxonomy":"product_tag","embeddable":true,"href":"https:\/\/e-zfk.pl\/de\/wp-json\/wp\/v2\/product_tag?post=158"}],"curies":[{"name":"wp","href":"https:\/\/api.w.org\/{rel}","templated":true}]}}