{"id":159,"date":"2023-04-18T11:51:18","date_gmt":"2023-04-18T09:51:18","guid":{"rendered":"https:\/\/e-zfk.pl\/shop\/bez-kategorii\/bp12-l300-listwa-przyokienna-z-uszczelka-9-6\/"},"modified":"2023-06-20T14:10:34","modified_gmt":"2023-06-20T12:10:34","slug":"bp12-l300-listwa-przyokienna-z-uszczelka-9-6","status":"publish","type":"product","link":"https:\/\/e-zfk.pl\/de\/shop\/materialy-budowlane\/ocieplanie-budynku\/bp12-l300-listwa-przyokienna-z-uszczelka-9-6\/","title":{"rendered":"BP12 L300 SOCKELLEISTE MIT DICHTUNG 9\/6"},"content":{"rendered":"<h2><strong>\u00a0Sockelleiste BP12 MINI U L300 wei\u00df<\/strong><\/h2>\n<p>f\u00fcr die korrekte Ausf\u00fchrung der Dehnungsfuge zwischen dem Fensterrahmen und dem Innenputz. Die Sockelleiste besteht aus einem speziellen, nicht saugenden Dehnungsschaum, einer Dichtung zum Schutz des Schaums vor Schmutz und Besch\u00e4digung und einem verlorenen Element.<\/p>\n<h2><strong>Vorteile der BP12 MINI U-Latte:<\/strong><\/h2>\n<ul>\n<li>beseitigt Risse im Putz an der Verbindungsstelle zwischen Fensterrahmen und Putz<\/li>\n<li>dichtet die Fuge zwischen dem Fensterrahmen und dem Putz ab<\/li>\n<li>\u00e4sthetisch, schlie\u00dft die Fuge zwischen Fensterrahmen und Putz gleichm\u00e4\u00dfig ab<\/li>\n<li>beschleunigt die Verputzarbeiten<\/li>\n<li><a href=\"https:\/\/e-zfk.pl\/wp-content\/uploads\/2023\/04\/product-attachmentpr17445.pdf\">PRODUKTKARTE<\/a><\/li>\n<\/ul>","protected":false},"excerpt":{"rendered":"<p>LISTE<\/p>","protected":false},"featured_media":2075,"comment_status":"closed","ping_status":"closed","template":"","meta":{"om_disable_all_campaigns":false,"inline_featured_image":false,"_monsterinsights_skip_tracking":false,"_monsterinsights_sitenote_active":false,"_monsterinsights_sitenote_note":"","_monsterinsights_sitenote_category":0,"_uf_show_specific_survey":0,"_uf_disable_surveys":false},"product_cat":[68,22,15],"product_tag":[],"class_list":["post-159","product","type-product","status-publish","has-post-thumbnail","hentry","product_cat-listwy-wykonczeniowe","product_cat-ocieplanie-budynku","product_cat-materialy-budowlane"],"aioseo_notices":[],"_links":{"self":[{"href":"https:\/\/e-zfk.pl\/de\/wp-json\/wp\/v2\/product\/159","targetHints":{"allow":["GET"]}}],"collection":[{"href":"https:\/\/e-zfk.pl\/de\/wp-json\/wp\/v2\/product"}],"about":[{"href":"https:\/\/e-zfk.pl\/de\/wp-json\/wp\/v2\/types\/product"}],"replies":[{"embeddable":true,"href":"https:\/\/e-zfk.pl\/de\/wp-json\/wp\/v2\/comments?post=159"}],"wp:featuredmedia":[{"embeddable":true,"href":"https:\/\/e-zfk.pl\/de\/wp-json\/wp\/v2\/media\/2075"}],"wp:attachment":[{"href":"https:\/\/e-zfk.pl\/de\/wp-json\/wp\/v2\/media?parent=159"}],"wp:term":[{"taxonomy":"product_cat","embeddable":true,"href":"https:\/\/e-zfk.pl\/de\/wp-json\/wp\/v2\/product_cat?post=159"},{"taxonomy":"product_tag","embeddable":true,"href":"https:\/\/e-zfk.pl\/de\/wp-json\/wp\/v2\/product_tag?post=159"}],"curies":[{"name":"wp","href":"https:\/\/api.w.org\/{rel}","templated":true}]}}