{"id":161,"date":"2023-04-18T11:51:22","date_gmt":"2023-04-18T09:51:22","guid":{"rendered":"https:\/\/e-zfk.pl\/shop\/bez-kategorii\/bp12-mini-u-grey-l300-listwa-przyokienna-z-uszcz\/"},"modified":"2023-06-20T14:10:10","modified_gmt":"2023-06-20T12:10:10","slug":"bp12-mini-u-grey-l300-listwa-przyokienna-z-uszcz","status":"publish","type":"product","link":"https:\/\/e-zfk.pl\/de\/shop\/materialy-budowlane\/ocieplanie-budynku\/bp12-mini-u-grey-l300-listwa-przyokienna-z-uszcz\/","title":{"rendered":"BP12 MINI U GRAU L300 SOCKELLEISTE MIT DICHTUNG."},"content":{"rendered":"<p><strong>Anmeldung<\/strong>:<\/p>\n<p>Zur Herstellung von Dehnungsfugen zwischen dem Fensterrahmen und dem Innenputz (Gips, Kalkzement).<\/p>\n<p><strong>N\u00fctzliche Eigenschaften<\/strong>:<\/p>\n<ul>\n<li>beseitigt Risse im Putz an der Verbindungsstelle zwischen Fensterrahmen und Putz<\/li>\n<li>dichtet die Fuge zwischen dem Fensterrahmen und dem Putz ab<\/li>\n<li>schlie\u00dft die Fuge zwischen dem Fensterrahmen und dem Putz auf \u00e4sthetische und einfache Weise ab<\/li>\n<li>beschleunigt die Verputzarbeiten<\/li>\n<\/ul>\n<p>Die Sockelleisten der Serie BP12 sind typische, h\u00e4ufig verwendete Dehnungsfugensockelleisten f\u00fcr saubere Dehnungsfugen zwischen dem Fensterrahmen und dem Innenputz. Die Sockelleiste besteht aus einem speziellen, nicht saugf\u00e4higen Dehnungsschaum, einer Dichtung zum Schutz des Schaums vor Schmutz und Besch\u00e4digung und einem verlorenen Element. Wir bieten verschiedene Abmessungen von Sockelleisten an, je nach Ihren Bed\u00fcrfnissen. Wir bieten verschiedene Breiten der \u00e4u\u00dferen Leiste und verschiedene Breiten der inneren Putzmulde an.<\/p>\n<p><strong>Montage<\/strong>:<\/p>\n<p>Die Montage der Sockelleiste sollte mit dem Reinigen, Trocknen und Entfetten des Fensterrahmens beginnen. Dann wird die Stelle angezeichnet, an der die Sockelleiste der Serie BP12 auf den Fensterrahmen geklebt werden soll. Im n\u00e4chsten Schritt werden die entsprechenden L\u00e4ngen mit einem Messer abgeschnitten. Bevor Sie die Leiste aufkleben, entfernen Sie die gelbe Abdeckung vom wei\u00dfen Schaumstoff und kleben Sie die Leiste sofort auf den Rahmen. Nachdem Sie die Leiste auf den Rahmen geklebt haben, sollten Sie etwa zwei Stunden warten, damit der Kleber gut aush\u00e4rtet. Im n\u00e4chsten Schritt kleben Sie eine Folie auf das Fenster, um es vor Verschmutzung w\u00e4hrend der Putzarbeiten zu sch\u00fctzen. Die Lamellen der Serie BP12 sind mit einem beweglichen Nachlaufst\u00fcck ausgestattet, auf dem die Klebestelle mit einer gelben Abdeckung gesichert ist. Die gelbe Abdeckung muss entfernt und eine Folie auf die Leimspur geklebt werden. Bei einem so vorbereiteten Fenster kann mit den Putzarbeiten begonnen werden, ohne dass eine dauerhafte Verschmutzung des Fensters zu bef\u00fcrchten ist.<\/p>\n<p>Der Putz sollte so gespachtelt werden, dass er in die Mulde der BP12-Latten eindringt. Danach sollte der \u00fcbersch\u00fcssige Putz genau an der Au\u00dfenkante der Latte abgeschnitten werden. Sobald der Putz getrocknet ist (am besten nach einigen Tagen - je nach Witterung), entfernen Sie den Putz zusammen mit der Fensterschutzfolie von der Sockelleiste.<\/p>\n<p>Die Entfernung des verlorenen Elements sollte von der Fensterecke aus in einer einzigen Bewegung nach unten erfolgen.<\/p>\n<p><strong>Achtung<\/strong>:<\/p>\n<p>Die Sockelleisten der Serie BP12 sind vom Institut f\u00fcr Bauforschung in Warschau (ITB) positiv f\u00fcr die Montage auf PVC-, Holz- und Aluminiumfensterrahmen gepr\u00fcft worden.<\/p>\n<p><a href=\"https:\/\/e-zfk.pl\/wp-content\/uploads\/2023\/04\/KARTA-TECHNICZNA-WYROBU-seria-BP12-BP12MIDI-BP12MINI.pdf\">TECHNISCHES DATENBLATT<\/a><\/p>","protected":false},"excerpt":{"rendered":"<p>SKIRTING<\/p>","protected":false},"featured_media":1823,"comment_status":"closed","ping_status":"closed","template":"","meta":{"om_disable_all_campaigns":false,"inline_featured_image":false,"_monsterinsights_skip_tracking":false,"_monsterinsights_sitenote_active":false,"_monsterinsights_sitenote_note":"","_monsterinsights_sitenote_category":0,"_uf_show_specific_survey":0,"_uf_disable_surveys":false},"product_cat":[68,22,15],"product_tag":[],"class_list":["post-161","product","type-product","status-publish","has-post-thumbnail","hentry","product_cat-listwy-wykonczeniowe","product_cat-ocieplanie-budynku","product_cat-materialy-budowlane"],"aioseo_notices":[],"_links":{"self":[{"href":"https:\/\/e-zfk.pl\/de\/wp-json\/wp\/v2\/product\/161","targetHints":{"allow":["GET"]}}],"collection":[{"href":"https:\/\/e-zfk.pl\/de\/wp-json\/wp\/v2\/product"}],"about":[{"href":"https:\/\/e-zfk.pl\/de\/wp-json\/wp\/v2\/types\/product"}],"replies":[{"embeddable":true,"href":"https:\/\/e-zfk.pl\/de\/wp-json\/wp\/v2\/comments?post=161"}],"wp:featuredmedia":[{"embeddable":true,"href":"https:\/\/e-zfk.pl\/de\/wp-json\/wp\/v2\/media\/1823"}],"wp:attachment":[{"href":"https:\/\/e-zfk.pl\/de\/wp-json\/wp\/v2\/media?parent=161"}],"wp:term":[{"taxonomy":"product_cat","embeddable":true,"href":"https:\/\/e-zfk.pl\/de\/wp-json\/wp\/v2\/product_cat?post=161"},{"taxonomy":"product_tag","embeddable":true,"href":"https:\/\/e-zfk.pl\/de\/wp-json\/wp\/v2\/product_tag?post=161"}],"curies":[{"name":"wp","href":"https:\/\/api.w.org\/{rel}","templated":true}]}}