{"id":162,"date":"2023-04-18T11:51:24","date_gmt":"2023-04-18T09:51:24","guid":{"rendered":"https:\/\/e-zfk.pl\/shop\/bez-kategorii\/bp13-midi-l300-listwa-przyokienna-z-siatka-9-3\/"},"modified":"2023-06-20T14:09:59","modified_gmt":"2023-06-20T12:09:59","slug":"bp13-midi-l300-listwa-przyokienna-z-siatka-9-3","status":"publish","type":"product","link":"https:\/\/e-zfk.pl\/de\/shop\/materialy-budowlane\/ocieplanie-budynku\/bp13-midi-l300-listwa-przyokienna-z-siatka-9-3\/","title":{"rendered":"BP13 MIDI L300 SOCKELLEISTE MIT NETZ 9\/3"},"content":{"rendered":"<p><strong>Anmeldung<\/strong>:<\/p>\n<p>Zur Herstellung von Dehnungsfugen zwischen dem Fensterrahmen und dem Strukturputz.<\/p>\n<p><strong>N\u00fctzliche Eigenschaften<\/strong>:<\/p>\n<ul>\n<li>keine Risse an der Verbindung von Fensterrahmen und Putz<\/li>\n<li>kein Eindringen von Wasser unter die thermische Verkleidung an der Glyphe um das Fenster<\/li>\n<li>gleichm\u00e4\u00dfiger, \u00e4sthetischer und unkomplizierter Verputz rund um das Fenster<\/li>\n<li><a href=\"https:\/\/e-zfk.pl\/wp-content\/uploads\/2023\/04\/KARTA-TECHNICZNA-WYROBU-BP13-BP13MIDI-BP13MINI.pdf\">TECHNISCHES DATENBLATT<\/a><\/li>\n<\/ul>","protected":false},"excerpt":{"rendered":"<p>DEHNUNGSFUGENBAND<\/p>","protected":false},"featured_media":1475,"comment_status":"closed","ping_status":"closed","template":"","meta":{"om_disable_all_campaigns":false,"inline_featured_image":false,"_monsterinsights_skip_tracking":false,"_monsterinsights_sitenote_active":false,"_monsterinsights_sitenote_note":"","_monsterinsights_sitenote_category":0,"_uf_show_specific_survey":0,"_uf_disable_surveys":false},"product_cat":[68,22,15],"product_tag":[],"class_list":["post-162","product","type-product","status-publish","has-post-thumbnail","hentry","product_cat-listwy-wykonczeniowe","product_cat-ocieplanie-budynku","product_cat-materialy-budowlane"],"aioseo_notices":[],"_links":{"self":[{"href":"https:\/\/e-zfk.pl\/de\/wp-json\/wp\/v2\/product\/162","targetHints":{"allow":["GET"]}}],"collection":[{"href":"https:\/\/e-zfk.pl\/de\/wp-json\/wp\/v2\/product"}],"about":[{"href":"https:\/\/e-zfk.pl\/de\/wp-json\/wp\/v2\/types\/product"}],"replies":[{"embeddable":true,"href":"https:\/\/e-zfk.pl\/de\/wp-json\/wp\/v2\/comments?post=162"}],"wp:featuredmedia":[{"embeddable":true,"href":"https:\/\/e-zfk.pl\/de\/wp-json\/wp\/v2\/media\/1475"}],"wp:attachment":[{"href":"https:\/\/e-zfk.pl\/de\/wp-json\/wp\/v2\/media?parent=162"}],"wp:term":[{"taxonomy":"product_cat","embeddable":true,"href":"https:\/\/e-zfk.pl\/de\/wp-json\/wp\/v2\/product_cat?post=162"},{"taxonomy":"product_tag","embeddable":true,"href":"https:\/\/e-zfk.pl\/de\/wp-json\/wp\/v2\/product_tag?post=162"}],"curies":[{"name":"wp","href":"https:\/\/api.w.org\/{rel}","templated":true}]}}