{"id":163,"date":"2023-04-18T11:51:30","date_gmt":"2023-04-18T09:51:30","guid":{"rendered":"https:\/\/e-zfk.pl\/shop\/bez-kategorii\/bp14-plus-n-l300-listwa-okapnikowa-z-siatka\/"},"modified":"2023-06-20T14:09:51","modified_gmt":"2023-06-20T12:09:51","slug":"bp14-plus-n-l300-listwa-okapnikowa-z-siatka","status":"publish","type":"product","link":"https:\/\/e-zfk.pl\/de\/shop\/materialy-budowlane\/ocieplanie-budynku\/bp14-plus-n-l300-listwa-okapnikowa-z-siatka\/","title":{"rendered":"BP14 PLUS N L300 MASCHE TROPFLEISTE"},"content":{"rendered":"<p class=\"wypunktowanie\"><strong><span class=\"charoverride-26\">Anwendung:<\/span><\/strong><\/p>\n<p class=\"wypunktowanie\"><span class=\"charoverride-16\">Zum Ableiten von Wasser von der D\u00e4mmfassade.<\/span><\/p>\n<p class=\"wypunktowanie\"><strong><span class=\"charoverride-26\">Nutzwerte:<\/span><\/strong><\/p>\n<ul>\n<li class=\"wypunktowanie\"><span class=\"podstawowy\">Entw\u00e4sserung von der Fassadenoberfl\u00e4che weg<\/span><\/li>\n<li class=\"wypunktowanie\"><span class=\"charoverride-16\">Verst\u00e4rkung und gleichm\u00e4\u00dfiger und \u00e4sthetischer Abschluss der unteren Fassadenkanten<\/span><\/li>\n<li class=\"wypunktowanie\"><span class=\"charoverride-16\">einfache, schnelle Installation<\/span><\/li>\n<\/ul>\n<p class=\"wypunktowanie\"><strong><span class=\"charoverride-26\">Montage:<\/span><\/strong><\/p>\n<p class=\"wypunktowanie\"><span class=\"charoverride-16\">Die Tropfkappe sollte an Stellen angebracht werden, an denen eine Entw\u00e4sserung von der Fassadenoberfl\u00e4che weg erforderlich ist - vor allem oberhalb des Geb\u00e4udesockels und unter Terrassen, Balkonen, Gesimsen, \u00fcber Fenstern und anderen Stellen, an denen das an der Fassade herabflie\u00dfende Wasser unter die Fassadenvorspr\u00fcnge laufen kann. <\/span><\/p>\n<p class=\"wypunktowanie\"><span class=\"charoverride-16\">F\u00fcr eine ordnungsgem\u00e4\u00dfe Installation muss das Glasfasergewebe, das ein integraler Bestandteil der Tropfkappe ist, in einen Klebstoff eingebettet werden, der f\u00fcr die Installation von Glasgewebe f\u00fcr Polystyrol oder Glaswolle vorgesehen ist.<\/span><\/p>\n<p class=\"wypunktowanie\"><span class=\"charoverride-16\">Der Kleber wird mit einem speziellen Spachtel auf die Oberfl\u00e4che des Styropors oder der Wolle aufgetragen, wobei darauf zu achten ist, dass er gleichm\u00e4\u00dfig verteilt wird. Dann wird das von der Tropfleiste kommende Glasgitter in den Kleber eingeschmolzen und sofort mit dem Systemglasgitter mit einer \u00dcberlappung von 10 cm abgedeckt. Dieser Vorgang sollte vorzugsweise in einem Arbeitsgang erfolgen, damit beide Glasgitter (Tropfgitter und Systemgitter) in einer Schicht (Struktur) in den Kleber eingebettet sind.<\/span><\/p>\n<p class=\"wypunktowanie\"><span class=\"charoverride-16\">Sobald der Kleber getrocknet ist, kann mit dem Verputzen begonnen werden. Der Putz sollte gleichm\u00e4\u00dfig aufgetragen werden, wobei darauf zu achten ist, dass der gesamte freie Raum im Tropfbereich ausgef\u00fcllt wird. <\/span><\/p>\n<p class=\"wypunktowanie\"><span class=\"charoverride-16\">Aufgrund der asymmetrischen Natur der Tropfleisten ist es ratsam, die Ausrichtung (vertikal, horizontal) der Leiste vor dem Einbau zu unterscheiden, siehe Schnittzeichnungen.<\/span><\/p>\n<p><a href=\"https:\/\/e-zfk.pl\/wp-content\/uploads\/2023\/04\/KARTA-TECHNICZNA-WYROBU-BP14-seria-okapniki-pvc-Bella-Plast.pdf\">TECHNISCHES-BLATT-<\/a><\/p>","protected":false},"excerpt":{"rendered":"<p>LISTE<\/p>","protected":false},"featured_media":1820,"comment_status":"closed","ping_status":"closed","template":"","meta":{"om_disable_all_campaigns":false,"inline_featured_image":false,"_monsterinsights_skip_tracking":false,"_monsterinsights_sitenote_active":false,"_monsterinsights_sitenote_note":"","_monsterinsights_sitenote_category":0,"_uf_show_specific_survey":0,"_uf_disable_surveys":false},"product_cat":[68,22,15],"product_tag":[],"class_list":["post-163","product","type-product","status-publish","has-post-thumbnail","hentry","product_cat-listwy-wykonczeniowe","product_cat-ocieplanie-budynku","product_cat-materialy-budowlane"],"aioseo_notices":[],"_links":{"self":[{"href":"https:\/\/e-zfk.pl\/de\/wp-json\/wp\/v2\/product\/163","targetHints":{"allow":["GET"]}}],"collection":[{"href":"https:\/\/e-zfk.pl\/de\/wp-json\/wp\/v2\/product"}],"about":[{"href":"https:\/\/e-zfk.pl\/de\/wp-json\/wp\/v2\/types\/product"}],"replies":[{"embeddable":true,"href":"https:\/\/e-zfk.pl\/de\/wp-json\/wp\/v2\/comments?post=163"}],"wp:featuredmedia":[{"embeddable":true,"href":"https:\/\/e-zfk.pl\/de\/wp-json\/wp\/v2\/media\/1820"}],"wp:attachment":[{"href":"https:\/\/e-zfk.pl\/de\/wp-json\/wp\/v2\/media?parent=163"}],"wp:term":[{"taxonomy":"product_cat","embeddable":true,"href":"https:\/\/e-zfk.pl\/de\/wp-json\/wp\/v2\/product_cat?post=163"},{"taxonomy":"product_tag","embeddable":true,"href":"https:\/\/e-zfk.pl\/de\/wp-json\/wp\/v2\/product_tag?post=163"}],"curies":[{"name":"wp","href":"https:\/\/api.w.org\/{rel}","templated":true}]}}