{"id":164,"date":"2023-04-18T11:51:32","date_gmt":"2023-04-18T09:51:32","guid":{"rendered":"https:\/\/e-zfk.pl\/shop\/bez-kategorii\/bp15-l250-listwa-dylatacyjna-z-siatka\/"},"modified":"2023-06-20T14:09:40","modified_gmt":"2023-06-20T12:09:40","slug":"bp15-l250-listwa-dylatacyjna-z-siatka","status":"publish","type":"product","link":"https:\/\/e-zfk.pl\/de\/shop\/materialy-budowlane\/ocieplanie-budynku\/bp15-l250-listwa-dylatacyjna-z-siatka\/","title":{"rendered":"BP15 L250 DEHNUNGSFUGENSCHIENE MIT MASCHE"},"content":{"rendered":"<p><strong>Anmeldung<\/strong>:<\/p>\n<p>Zur Herstellung von Dehnungsfugen in einer Isolierfassade.<\/p>\n<p><strong>N\u00fctzliche Eigenschaften<\/strong>:<\/p>\n<ul>\n<li>f\u00fcllt die Dehnungsfuge, um das Eindringen von Wasser unter die Fassade zu verhindern<\/li>\n<li>mildert die Belastungen der Fassade<\/li>\n<li>schlie\u00dft die R\u00e4nder der Dehnungsfuge \u00e4sthetisch, gleichm\u00e4\u00dfig und geradlinig ab<\/li>\n<\/ul>\n<p><strong>Montage<\/strong>:<\/p>\n<p>Die PVC-Sockelleiste BP15 Typ E besteht aus zwei PVC-Winkeln mit einem First, einer Dehnungsfuge aus Weich-PVC-Membran und einem Glasgewebe. Die Sockelleiste BP15 Typ E wird verwendet, um eine Dehnungsfuge auf der flachen Oberfl\u00e4che einer D\u00e4mmfassade zu schaffen. Die Leiste wird verlegt, indem die Membrane in der Dehnungsfuge platziert wird, wobei ein Spalt von ca. 5 mm zwischen den Winkeln gelassen wird. Die Leiste wird auf die Kanten des Polystyrols geklebt, wobei die Winkel, die Teil der BP15-Leiste sind, eingesetzt werden. Dann \u00fcberlappen Sie von oben - zur Verst\u00e4rkung des Fassadengewebes - Streifen aus Glasgewebe, in die die BP15-Raupe eingearbeitet ist, und versenken sie im Kleber.<\/p>\n<p>Die Verleimung der Leiste und die \u00dcberlappung des Netzes sollten - vorzugsweise - in einem Arbeitsgang durchgef\u00fchrt werden.<\/p>\n<p>Sobald der Kleber getrocknet und grundiert ist, kann mit dem Verputzen begonnen werden. Die Sockelleiste BP15 hat am Ende des Sockelteils eine spezielle Verl\u00e4ngerung der Dehnungsmembran, die \u00fcber die L\u00e4nge der PVC-Winkel hinausragt. Die um einige Zentimeter \u00fcberstehende Membran dient dazu, die beiden Leisten vertikal in der so genannten \"Fischschuppen\"-Manier zu verbinden - d.h. die Membran am unteren Ende der vertikal verlegten BP15-Leiste sollte die Membran der darunter liegenden BP15-Leiste \u00fcberlappen. Auf diese Weise l\u00e4uft das Regenwasser an der Membrane herunter, ohne unter die Dehnungsmembrane zu flie\u00dfen und unter die Fassade zu gelangen.<\/p>\n<p>Die Latte sollte verwendet werden, wenn das Geb\u00e4ude auf separaten Fundamenten gegr\u00fcndet ist oder \/und die Breite der Fassade mehr als 15 Meter betr\u00e4gt, und \u00fcberall dort, wo Spannungen an der Fassade auftreten k\u00f6nnen.<\/p>","protected":false},"excerpt":{"rendered":"<p>LISTE<\/p>","protected":false},"featured_media":1817,"comment_status":"closed","ping_status":"closed","template":"","meta":{"om_disable_all_campaigns":false,"inline_featured_image":false,"_monsterinsights_skip_tracking":false,"_monsterinsights_sitenote_active":false,"_monsterinsights_sitenote_note":"","_monsterinsights_sitenote_category":0,"_uf_show_specific_survey":0,"_uf_disable_surveys":false},"product_cat":[68,22,15],"product_tag":[],"class_list":["post-164","product","type-product","status-publish","has-post-thumbnail","hentry","product_cat-listwy-wykonczeniowe","product_cat-ocieplanie-budynku","product_cat-materialy-budowlane"],"aioseo_notices":[],"_links":{"self":[{"href":"https:\/\/e-zfk.pl\/de\/wp-json\/wp\/v2\/product\/164","targetHints":{"allow":["GET"]}}],"collection":[{"href":"https:\/\/e-zfk.pl\/de\/wp-json\/wp\/v2\/product"}],"about":[{"href":"https:\/\/e-zfk.pl\/de\/wp-json\/wp\/v2\/types\/product"}],"replies":[{"embeddable":true,"href":"https:\/\/e-zfk.pl\/de\/wp-json\/wp\/v2\/comments?post=164"}],"wp:featuredmedia":[{"embeddable":true,"href":"https:\/\/e-zfk.pl\/de\/wp-json\/wp\/v2\/media\/1817"}],"wp:attachment":[{"href":"https:\/\/e-zfk.pl\/de\/wp-json\/wp\/v2\/media?parent=164"}],"wp:term":[{"taxonomy":"product_cat","embeddable":true,"href":"https:\/\/e-zfk.pl\/de\/wp-json\/wp\/v2\/product_cat?post=164"},{"taxonomy":"product_tag","embeddable":true,"href":"https:\/\/e-zfk.pl\/de\/wp-json\/wp\/v2\/product_tag?post=164"}],"curies":[{"name":"wp","href":"https:\/\/api.w.org\/{rel}","templated":true}]}}