{"id":165,"date":"2023-04-18T11:51:35","date_gmt":"2023-04-18T09:51:35","guid":{"rendered":"https:\/\/e-zfk.pl\/shop\/bez-kategorii\/bp19-cap-zatyczka-do-listwy-narabek\/"},"modified":"2023-06-20T14:09:31","modified_gmt":"2023-06-20T12:09:31","slug":"bp19-cap-zatyczka-do-listwy-narabek","status":"publish","type":"product","link":"https:\/\/e-zfk.pl\/de\/shop\/materialy-budowlane\/ocieplanie-budynku\/bp19-cap-zatyczka-do-listwy-narabek\/","title":{"rendered":"BP19 DECKELSTOPFEN F\u00dcR \"NAR\u0104BEK\" STREIFEN"},"content":{"rendered":"<p><strong>BP19 CAP-Stopfen<\/strong> <strong>f\u00fcr Lamelle BP19<\/strong> wurde von Bella Plast entwickelt, um ein \u00e4sthetisch ansprechendes BSO-Finish auf der Fassadenoberfl\u00e4che von sogenannten Falzblechen - identische \u00e4u\u00dfere L\u00e4ngsrillen - zu erzielen.<\/p>","protected":false},"excerpt":{"rendered":"<p>BEKLEIDUNG<\/p>","protected":false},"featured_media":1814,"comment_status":"closed","ping_status":"closed","template":"","meta":{"om_disable_all_campaigns":false,"inline_featured_image":false,"_monsterinsights_skip_tracking":false,"_monsterinsights_sitenote_active":false,"_monsterinsights_sitenote_note":"","_monsterinsights_sitenote_category":0,"_uf_show_specific_survey":0,"_uf_disable_surveys":false},"product_cat":[68,22,15],"product_tag":[],"class_list":["post-165","product","type-product","status-publish","has-post-thumbnail","hentry","product_cat-listwy-wykonczeniowe","product_cat-ocieplanie-budynku","product_cat-materialy-budowlane"],"aioseo_notices":[],"_links":{"self":[{"href":"https:\/\/e-zfk.pl\/de\/wp-json\/wp\/v2\/product\/165","targetHints":{"allow":["GET"]}}],"collection":[{"href":"https:\/\/e-zfk.pl\/de\/wp-json\/wp\/v2\/product"}],"about":[{"href":"https:\/\/e-zfk.pl\/de\/wp-json\/wp\/v2\/types\/product"}],"replies":[{"embeddable":true,"href":"https:\/\/e-zfk.pl\/de\/wp-json\/wp\/v2\/comments?post=165"}],"wp:featuredmedia":[{"embeddable":true,"href":"https:\/\/e-zfk.pl\/de\/wp-json\/wp\/v2\/media\/1814"}],"wp:attachment":[{"href":"https:\/\/e-zfk.pl\/de\/wp-json\/wp\/v2\/media?parent=165"}],"wp:term":[{"taxonomy":"product_cat","embeddable":true,"href":"https:\/\/e-zfk.pl\/de\/wp-json\/wp\/v2\/product_cat?post=165"},{"taxonomy":"product_tag","embeddable":true,"href":"https:\/\/e-zfk.pl\/de\/wp-json\/wp\/v2\/product_tag?post=165"}],"curies":[{"name":"wp","href":"https:\/\/api.w.org\/{rel}","templated":true}]}}