{"id":166,"date":"2023-04-18T11:51:37","date_gmt":"2023-04-18T09:51:37","guid":{"rendered":"https:\/\/e-zfk.pl\/shop\/bez-kategorii\/bp19-l300-listwa-z-siatka-ozdobna\/"},"modified":"2023-06-20T14:09:20","modified_gmt":"2023-06-20T12:09:20","slug":"bp19-l300-listwa-z-siatka-ozdobna","status":"publish","type":"product","link":"https:\/\/e-zfk.pl\/de\/shop\/materialy-budowlane\/ocieplanie-budynku\/bp19-l300-listwa-z-siatka-ozdobna\/","title":{"rendered":"BP19 L300 DEKORATIVER MASCHENSTREIFEN"},"content":{"rendered":"<div class=\"fusion-text fusion-text-1\">\n<p><strong>Anmeldung<\/strong>:<\/p>\n<p>F\u00fcr dekorative L\u00e4ngsrillen in Form einer \"Naht\" auf der Oberfl\u00e4che einer D\u00e4mmfassade.<\/p>\n<p><strong>N\u00fctzliche Eigenschaften<\/strong>:<\/p>\n<ul>\n<li>die Herstellung von \u00e4u\u00dferen L\u00e4ngsnahtfugen in der \"lichtnassen\" BSO-, WDVS-D\u00e4mmsystemtechnik<\/li>\n<li>freie Positionierung der Naht (Abstand zwischen aufeinanderfolgenden N\u00e4hten) in Bezug auf die Nahtl\u00f6sung<\/li>\n<li>billiger und schneller zu installieren als die Falzplattentechnik<\/li>\n<\/ul>\n<p><strong>Montage<\/strong>:<\/p>\n<p>Die Montage der Sockelleiste BP19 erfolgt analog zur Montage anderer Sockelleisten und Profile, die f\u00fcr \"leicht feuchte\" BSO- und WDVS-D\u00e4mmsysteme vorgesehen sind.<\/p>\n<p>Die BP19-Lamelle hat auf beiden Seiten der \u00e4u\u00dferen Naht (PVC-K\u00f6rper) Streifen aus Glasgewebe. Das Glasgitter wird mittels einer Ultraschallschwei\u00dfung, die sich durch eine hohe Bruchfestigkeit auszeichnet, dauerhaft am K\u00f6rper befestigt, wodurch eine sichere Verbindung zwischen dem PVC-Profil (K\u00f6rper) und den Glasgitterstreifen gew\u00e4hrleistet wird.<\/p>\n<p>Die Montage der Sockelleiste BP19 an der Fassadenoberfl\u00e4che ist intuitiv und erfordert keine Nuten im Fassadenvolumen wie bei den Rustizierungssockelleisten. Es ist notwendig, vorher den Kleber f\u00fcr die Einbettung des Glasgewebes auf die thermische Verkleidung aufzutragen und das Systemglasgewebe auf die Fassade aufzutragen und die Sockelleiste BP19 aufzukleben, und dann die Glasgewebestreifen, mit denen die Sockelleiste BP19 ausgestattet ist, von oben mit einem anderen Systemglasgewebe auf der Fassade zu \u00fcberlappen und das gesamte Gewebe in einem Klebevorgang einzubetten. Der n\u00e4chste Schritt ist nat\u00fcrlich das Auftragen der Putzschicht.<\/p>\n<p>Der PVC-Streifen BP19 mit Ziergitter \"auf der Naht\" wird in technischem Wei\u00df f\u00fcr den Anstrich mit Acryl-, Silikat- und Silikonfassadenfarben hergestellt.<\/p>\n<p>Der beste Effekt wird erzielt, wenn die Farbe des Putzes und die Farbe der Farbe, mit der wir den BP19 \"Nahtstreifen\" streichen, \u00fcbereinstimmen - dann ist der Effekt der Nachahmung einer Blechnaht am besten.<\/p>\n<p>Es ist auch m\u00f6glich, die Sockelleiste BP19 in der Masse in jeder beliebigen Farbe, einschlie\u00dflich Metallic, Silber usw., abzut\u00f6nen.<\/p>\n<\/div>\n<div class=\"fusion-separator fusion-full-width-sep\"><\/div>\n<div class=\"fusion-builder-row fusion-builder-row-inner fusion-row fusion-flex-align-items-flex-start\">\n<div class=\"fusion-layout-column fusion_builder_column_inner fusion-builder-nested-column-0 fusion_builder_column_inner_1_1 1_1 fusion-flex-column\">\n<div class=\"fusion-column-wrapper fusion-column-has-shadow fusion-flex-justify-content-flex-start fusion-content-layout-column\">\n<div class=\"fusion-title title fusion-title-9 fusion-sep-none fusion-title-text fusion-title-size-five\"><\/div>\n<\/div>\n<\/div>\n<\/div>","protected":false},"excerpt":{"rendered":"<p>LISTE<\/p>","protected":false},"featured_media":1812,"comment_status":"closed","ping_status":"closed","template":"","meta":{"om_disable_all_campaigns":false,"inline_featured_image":false,"_monsterinsights_skip_tracking":false,"_monsterinsights_sitenote_active":false,"_monsterinsights_sitenote_note":"","_monsterinsights_sitenote_category":0,"_uf_show_specific_survey":0,"_uf_disable_surveys":false},"product_cat":[68,22,15],"product_tag":[],"class_list":["post-166","product","type-product","status-publish","has-post-thumbnail","hentry","product_cat-listwy-wykonczeniowe","product_cat-ocieplanie-budynku","product_cat-materialy-budowlane"],"aioseo_notices":[],"_links":{"self":[{"href":"https:\/\/e-zfk.pl\/de\/wp-json\/wp\/v2\/product\/166","targetHints":{"allow":["GET"]}}],"collection":[{"href":"https:\/\/e-zfk.pl\/de\/wp-json\/wp\/v2\/product"}],"about":[{"href":"https:\/\/e-zfk.pl\/de\/wp-json\/wp\/v2\/types\/product"}],"replies":[{"embeddable":true,"href":"https:\/\/e-zfk.pl\/de\/wp-json\/wp\/v2\/comments?post=166"}],"wp:featuredmedia":[{"embeddable":true,"href":"https:\/\/e-zfk.pl\/de\/wp-json\/wp\/v2\/media\/1812"}],"wp:attachment":[{"href":"https:\/\/e-zfk.pl\/de\/wp-json\/wp\/v2\/media?parent=166"}],"wp:term":[{"taxonomy":"product_cat","embeddable":true,"href":"https:\/\/e-zfk.pl\/de\/wp-json\/wp\/v2\/product_cat?post=166"},{"taxonomy":"product_tag","embeddable":true,"href":"https:\/\/e-zfk.pl\/de\/wp-json\/wp\/v2\/product_tag?post=166"}],"curies":[{"name":"wp","href":"https:\/\/api.w.org\/{rel}","templated":true}]}}