{"id":167,"date":"2023-04-18T11:51:38","date_gmt":"2023-04-18T09:51:38","guid":{"rendered":"https:\/\/e-zfk.pl\/shop\/bez-kategorii\/bp20-l200-listwa-pod-parapetowa-z-siatka\/"},"modified":"2023-06-20T14:09:07","modified_gmt":"2023-06-20T12:09:07","slug":"bp20-l200-listwa-pod-parapetowa-z-siatka","status":"publish","type":"product","link":"https:\/\/e-zfk.pl\/de\/shop\/materialy-budowlane\/ocieplanie-budynku\/bp20-l200-listwa-pod-parapetowa-z-siatka\/","title":{"rendered":"BP20 L200 SCHWELLERVERKLEIDUNG MIT NETZ"},"content":{"rendered":"<p><strong>BP20 Schwellenleiste Bella Plast<\/strong><\/p>\n<ul>\n<li>Sammelpackung mit 25 St\u00fcck, L\u00e4nge 2,0 m.<\/li>\n<li>Hervorragend geeignet f\u00fcr die Herstellung von Verbindungen zwischen jeder Art von Br\u00fcstung und der Geb\u00e4udefassade mit thermischer Verkleidung.<\/li>\n<\/ul>\n<p><strong>Nutzwerte:<\/strong><\/p>\n<ul>\n<li>gew\u00e4hrleistet die Dichtheit der Verbindung zwischen Schwelle und Fassade<\/li>\n<li>einfache und schnelle Montage des BP20-Gitters durch Aufkleben des Schaumstoffs auf die Fensterbank und Verkleben des Fasernetzes mit Klebstoff<\/li>\n<li>leicht zuschneidbar<\/li>\n<li>die Verwendung der Sockelleiste verhindert die Bildung von W\u00e4rmebr\u00fccken unter der Fensterbank dank des warmen und breiten Schaums<\/li>\n<li>Schwellerleiste verhindert den Zugang von Wind unter dem Schweller: kein Pfeifen und K\u00fchlung<\/li>\n<\/ul>","protected":false},"excerpt":{"rendered":"<p>LISTE<\/p>","protected":false},"featured_media":1810,"comment_status":"closed","ping_status":"closed","template":"","meta":{"om_disable_all_campaigns":false,"inline_featured_image":false,"_monsterinsights_skip_tracking":false,"_monsterinsights_sitenote_active":false,"_monsterinsights_sitenote_note":"","_monsterinsights_sitenote_category":0,"_uf_show_specific_survey":0,"_uf_disable_surveys":false},"product_cat":[68,22,15],"product_tag":[],"class_list":["post-167","product","type-product","status-publish","has-post-thumbnail","hentry","product_cat-listwy-wykonczeniowe","product_cat-ocieplanie-budynku","product_cat-materialy-budowlane"],"aioseo_notices":[],"_links":{"self":[{"href":"https:\/\/e-zfk.pl\/de\/wp-json\/wp\/v2\/product\/167","targetHints":{"allow":["GET"]}}],"collection":[{"href":"https:\/\/e-zfk.pl\/de\/wp-json\/wp\/v2\/product"}],"about":[{"href":"https:\/\/e-zfk.pl\/de\/wp-json\/wp\/v2\/types\/product"}],"replies":[{"embeddable":true,"href":"https:\/\/e-zfk.pl\/de\/wp-json\/wp\/v2\/comments?post=167"}],"wp:featuredmedia":[{"embeddable":true,"href":"https:\/\/e-zfk.pl\/de\/wp-json\/wp\/v2\/media\/1810"}],"wp:attachment":[{"href":"https:\/\/e-zfk.pl\/de\/wp-json\/wp\/v2\/media?parent=167"}],"wp:term":[{"taxonomy":"product_cat","embeddable":true,"href":"https:\/\/e-zfk.pl\/de\/wp-json\/wp\/v2\/product_cat?post=167"},{"taxonomy":"product_tag","embeddable":true,"href":"https:\/\/e-zfk.pl\/de\/wp-json\/wp\/v2\/product_tag?post=167"}],"curies":[{"name":"wp","href":"https:\/\/api.w.org\/{rel}","templated":true}]}}