{"id":168,"date":"2023-04-18T11:51:40","date_gmt":"2023-04-18T09:51:40","guid":{"rendered":"https:\/\/e-zfk.pl\/shop\/bez-kategorii\/bp30s-pvc-l200-listwa-startowa-z-siatka-10-14cm\/"},"modified":"2023-06-20T14:07:46","modified_gmt":"2023-06-20T12:07:46","slug":"bp30s-pvc-l200-listwa-startowa-z-siatka-10-14cm","status":"publish","type":"product","link":"https:\/\/e-zfk.pl\/de\/shop\/materialy-budowlane\/ocieplanie-budynku\/bp30s-pvc-l200-listwa-startowa-z-siatka-10-14cm\/","title":{"rendered":"BP30S PVC L200 GITTER STARTERSTREIFEN 10-14CM"},"content":{"rendered":"<p><strong>Anmeldung<\/strong>:<\/p>\n<p>Zur Herstellung einer Startmulde in einer D\u00e4mmfassade f\u00fcr Polystyrolplatten und Mineralwolle.<\/p>\n<p><strong>N\u00fctzliche Eigenschaften<\/strong>:<\/p>\n<p>PVC-Sockelleisten werden verwendet, um eine untere Basis f\u00fcr den Beginn der Verlegung von Polystyrol- und Mineralwolleplatten an der Geb\u00e4udewand zu schaffen. Die Startrinne erleichtert die horizontale Verlegung von W\u00e4rmed\u00e4mmplatten. Der Einbau einer Startmulde wird empfohlen, wenn die W\u00e4rmed\u00e4mmschicht des Geb\u00e4udes im Verh\u00e4ltnis zur W\u00e4rmed\u00e4mmschicht des Fundaments deutlich nach au\u00dfen ragt oder wenn die H\u00f6he der W\u00e4rmed\u00e4mmschicht des Fundaments (Fundamentwand) so hoch ist (bei gleichzeitigem erheblichen \u00dcberstand der W\u00e4rmed\u00e4mmfl\u00e4che des Geb\u00e4udes \u00fcber die Ebene der W\u00e4rmed\u00e4mmung des Fundaments), dass eine \u00e4sthetische Fertigstellung der W\u00e4rmed\u00e4mmschicht des Geb\u00e4udes von unten erforderlich ist.<\/p>\n<p><strong>Montage<\/strong>:<\/p>\n<p>Die Montage der PVC-Sockelleisten an der Geb\u00e4udewand erfolgt mit Stahlschrauben. Die Sockelleisten sollten waagerecht und b\u00fcndig verlegt werden, was am besten mit Bella Plast-Abstandshaltern namens: BPD3, BPD5, BPD10 mit einer Dicke von jeweils: 3mm, 5mm, 10mm. Die PVC-Startleisten haben ein integriertes Glasgitter, das durch Ultraschallschwei\u00dfen an der PVC-Wanne befestigt ist. Das Glasgewebe sollte von oben \u00fcberlappend mit dem System-Glasfassadengewebe abgedeckt und - vorzugsweise - in einem Klebevorgang versenkt werden. PVC-Startleisten bestehen aus zwei Teilen: einem Sockel, der an der Geb\u00e4udewand befestigt wird, und einem beweglichen Teil, der in den Sockel geschoben wird. Um die richtige Breite der PVC-Startleiste zu erhalten, muss das bewegliche Teil mit der entsprechenden Breite ausgew\u00e4hlt werden - siehe Tabelle.<\/p>","protected":false},"excerpt":{"rendered":"<p>LISTE<\/p>","protected":false},"featured_media":1809,"comment_status":"closed","ping_status":"closed","template":"","meta":{"om_disable_all_campaigns":false,"inline_featured_image":false,"_monsterinsights_skip_tracking":false,"_monsterinsights_sitenote_active":false,"_monsterinsights_sitenote_note":"","_monsterinsights_sitenote_category":0,"_uf_show_specific_survey":0,"_uf_disable_surveys":false},"product_cat":[68,22,15],"product_tag":[],"class_list":["post-168","product","type-product","status-publish","has-post-thumbnail","hentry","product_cat-listwy-wykonczeniowe","product_cat-ocieplanie-budynku","product_cat-materialy-budowlane"],"aioseo_notices":[],"_links":{"self":[{"href":"https:\/\/e-zfk.pl\/de\/wp-json\/wp\/v2\/product\/168","targetHints":{"allow":["GET"]}}],"collection":[{"href":"https:\/\/e-zfk.pl\/de\/wp-json\/wp\/v2\/product"}],"about":[{"href":"https:\/\/e-zfk.pl\/de\/wp-json\/wp\/v2\/types\/product"}],"replies":[{"embeddable":true,"href":"https:\/\/e-zfk.pl\/de\/wp-json\/wp\/v2\/comments?post=168"}],"wp:featuredmedia":[{"embeddable":true,"href":"https:\/\/e-zfk.pl\/de\/wp-json\/wp\/v2\/media\/1809"}],"wp:attachment":[{"href":"https:\/\/e-zfk.pl\/de\/wp-json\/wp\/v2\/media?parent=168"}],"wp:term":[{"taxonomy":"product_cat","embeddable":true,"href":"https:\/\/e-zfk.pl\/de\/wp-json\/wp\/v2\/product_cat?post=168"},{"taxonomy":"product_tag","embeddable":true,"href":"https:\/\/e-zfk.pl\/de\/wp-json\/wp\/v2\/product_tag?post=168"}],"curies":[{"name":"wp","href":"https:\/\/api.w.org\/{rel}","templated":true}]}}