{"id":171,"date":"2023-04-18T11:51:46","date_gmt":"2023-04-18T09:51:46","guid":{"rendered":"https:\/\/e-zfk.pl\/shop\/bez-kategorii\/b-sm04032k-insert-katowy\/"},"modified":"2023-06-20T14:04:20","modified_gmt":"2023-06-20T12:04:20","slug":"b-sm04032k-insert-katowy","status":"publish","type":"product","link":"https:\/\/e-zfk.pl\/de\/shop\/materialy-budowlane\/sruby-kotwy\/b-sm04032k-insert-katowy\/","title":{"rendered":"B-SM04032K WINKELEINSATZ"},"content":{"rendered":"<p><strong>KOELNER SCHRAUBE MOLLY WINKEL HAKEN 4X32MM INTERSET B-SM04032K 5PCS\/PACK\u00a0<\/strong><\/p>\n<p>&nbsp;<\/p>\n<p><strong>Merkmale:<\/strong><\/p>\n<ul>\n<li>Verzinkte Metallhalterung mit metrischer Schraube f\u00fcr Materialien mit Hohlr\u00e4umen.<\/li>\n<li>Dank seines breiten Abmessungsspektrums erm\u00f6glicht der Halter den Einbau in Plattendicken von 2-38 mm f\u00fcr eine Vielzahl von Anwendungen.<\/li>\n<li>Schraube mit metrischem Gewinde f\u00fcr Gipskarton oder OSB.<\/li>\n<li>F\u00fcr die Befestigung schwerer Trockenbauelemente.<\/li>\n<li>Kann mit einem Schraubendreher oder einem Einbausetzger\u00e4t installiert werden.<\/li>\n<li>Die schwenkbaren Arme dr\u00fccken auf die Platte und sorgen f\u00fcr eine sichere Befestigung.<\/li>\n<li>Die Verankerungsst\u00e4rke wird durch einen einteiligen K\u00f6rper in Kombination mit einem Innengewinde und einem Flansch erh\u00f6ht.<\/li>\n<li>Die schwenkbaren Arme der Kupplung garantieren eine sichere Befestigung, w\u00e4hrend ihre gro\u00dfe Kontaktfl\u00e4che die Sicherheit und Tragf\u00e4higkeit erh\u00f6ht.<\/li>\n<\/ul>\n<p>&nbsp;<\/p>\n<p><strong>Anwendung:\u00a0<\/strong><\/p>\n<ul id=\"applicationSection\" class=\"wide clearfix\">\n<li class=\"column column-25\">Wandregale und Badezimmerzubeh\u00f6r, die an Gipskartonw\u00e4nden befestigt werden.<\/li>\n<li class=\"column column-25\">Heizk\u00f6rper und K\u00fcchenschr\u00e4nke auf Gipskarton.<\/li>\n<li class=\"column column-25\">Bilder und Fotografien.<\/li>\n<li class=\"column column-25\">Handtuchb\u00fcgel.<\/li>\n<li class=\"column column-25\">Lampen.<\/li>\n<li class=\"column column-25\">Vorhangschienen.<\/li>\n<li class=\"column column-25\">Spiegel.<\/li>\n<\/ul>\n<p><strong>Auch zur Verwendung in:\u00a0<\/strong><\/p>\n<ul>\n<li>Gipskarton.<\/li>\n<li>Zement-Gips-Platten.<\/li>\n<li>Spanplatte.<\/li>\n<li>Holzwerkstoffplatte.<\/li>\n<\/ul>\n<p><strong>Parameter:\u00a0<\/strong><\/p>\n<ul>\n<li>Schneckendurchmesser (d) mm: <strong>4mm<\/strong><\/li>\n<li>Schraubenl\u00e4nge (L) mm: <strong>32mm<\/strong><\/li>\n<li>Produkt-Code: <strong>B-SM04032K<\/strong><\/li>\n<\/ul>","protected":false},"excerpt":{"rendered":"<p>BOLT<\/p>","protected":false},"featured_media":2138,"comment_status":"closed","ping_status":"closed","template":"","meta":{"om_disable_all_campaigns":false,"inline_featured_image":false,"_monsterinsights_skip_tracking":false,"_monsterinsights_sitenote_active":false,"_monsterinsights_sitenote_note":"","_monsterinsights_sitenote_category":0,"_uf_show_specific_survey":0,"_uf_disable_surveys":false},"product_cat":[56,15],"product_tag":[],"class_list":["post-171","product","type-product","status-publish","has-post-thumbnail","hentry","product_cat-sruby-kotwy","product_cat-materialy-budowlane"],"aioseo_notices":[],"_links":{"self":[{"href":"https:\/\/e-zfk.pl\/de\/wp-json\/wp\/v2\/product\/171","targetHints":{"allow":["GET"]}}],"collection":[{"href":"https:\/\/e-zfk.pl\/de\/wp-json\/wp\/v2\/product"}],"about":[{"href":"https:\/\/e-zfk.pl\/de\/wp-json\/wp\/v2\/types\/product"}],"replies":[{"embeddable":true,"href":"https:\/\/e-zfk.pl\/de\/wp-json\/wp\/v2\/comments?post=171"}],"wp:featuredmedia":[{"embeddable":true,"href":"https:\/\/e-zfk.pl\/de\/wp-json\/wp\/v2\/media\/2138"}],"wp:attachment":[{"href":"https:\/\/e-zfk.pl\/de\/wp-json\/wp\/v2\/media?parent=171"}],"wp:term":[{"taxonomy":"product_cat","embeddable":true,"href":"https:\/\/e-zfk.pl\/de\/wp-json\/wp\/v2\/product_cat?post=171"},{"taxonomy":"product_tag","embeddable":true,"href":"https:\/\/e-zfk.pl\/de\/wp-json\/wp\/v2\/product_tag?post=171"}],"curies":[{"name":"wp","href":"https:\/\/api.w.org\/{rel}","templated":true}]}}