{"id":172,"date":"2023-04-18T11:51:48","date_gmt":"2023-04-18T09:51:48","guid":{"rendered":"https:\/\/e-zfk.pl\/shop\/bez-kategorii\/b-sm04032s-sufitowy\/"},"modified":"2023-06-20T14:04:08","modified_gmt":"2023-06-20T12:04:08","slug":"b-sm04032s-sufitowy","status":"publish","type":"product","link":"https:\/\/e-zfk.pl\/de\/shop\/materialy-budowlane\/sruby-kotwy\/b-sm04032s-sufitowy\/","title":{"rendered":"B-SM04032S DECKE"},"content":{"rendered":"<h4>Merkmale und Vorteile:<\/h4>\n<ul>\n<li>Dank seines breiten Gr\u00f6\u00dfenbereichs erm\u00f6glicht der Halter den Einbau in 2 bis 38 mm dicke Platten f\u00fcr eine Vielzahl von Anwendungen.<\/li>\n<li>Die Halterung kann mit einem einfachen Schraubendreher oder Montagewerkzeug montiert werden<\/li>\n<li>Einteiliger K\u00f6rper mit integriertem Innengewinde und Flansch f\u00fcr erh\u00f6hte Verankerungsfestigkeit.<\/li>\n<li>Die schwenkbaren Arme dr\u00fccken auf die Platte, um eine sichere Befestigung zu gew\u00e4hrleisten<\/li>\n<li>Gro\u00dfe Kontaktfl\u00e4che zwischen den ausgestreckten Armen und dem Boden erh\u00f6ht die Tragf\u00e4higkeit und Sicherheit<\/li>\n<li>Integrierte Verdrehsicherungsfl\u00fcgel garantieren Sicherheit bei der Montage<\/li>\n<li>Die Befestigung erm\u00f6glicht es, das Befestigungselement auszutauschen und mit der gleichen Schraube wieder zu montieren.<\/li>\n<li>Produkt wird mit Schraube geliefert<\/li>\n<\/ul>\n<h4>Anwendungen:<\/h4>\n<ul>\n<li>Wandregale und Badezimmerzubeh\u00f6r, die an Gipskartonw\u00e4nden befestigt werden<\/li>\n<li>Heizk\u00f6rper und K\u00fcchenschr\u00e4nke auf Gipskarton<\/li>\n<li>Bilder und Fotografien<\/li>\n<li>Lampen<\/li>\n<li>Handtuchb\u00fcgel<\/li>\n<li>Vorhangschienen<\/li>\n<li>Spiegel<\/li>\n<\/ul>\n<h4>Auch zur Verwendung in:<\/h4>\n<ul>\n<li>Gipskarton<\/li>\n<li>Zement-Gips-Platten<\/li>\n<li>Spanplatte<\/li>\n<li>Holzwerkstoffplatte<\/li>\n<\/ul>\n<h4>Bohrungsdurchmesser - 8 mm.<\/h4>\n<h4>Durchmesser des D\u00fcbels - 4 mm.<\/h4>\n<h4>D\u00fcbell\u00e4nge - 32 mm.<\/h4>","protected":false},"excerpt":{"rendered":"<p>LINK<\/p>","protected":false},"featured_media":2139,"comment_status":"closed","ping_status":"closed","template":"","meta":{"om_disable_all_campaigns":false,"inline_featured_image":false,"_monsterinsights_skip_tracking":false,"_monsterinsights_sitenote_active":false,"_monsterinsights_sitenote_note":"","_monsterinsights_sitenote_category":0,"_uf_show_specific_survey":0,"_uf_disable_surveys":false},"product_cat":[56,15],"product_tag":[],"class_list":["post-172","product","type-product","status-publish","has-post-thumbnail","hentry","product_cat-sruby-kotwy","product_cat-materialy-budowlane"],"aioseo_notices":[],"_links":{"self":[{"href":"https:\/\/e-zfk.pl\/de\/wp-json\/wp\/v2\/product\/172","targetHints":{"allow":["GET"]}}],"collection":[{"href":"https:\/\/e-zfk.pl\/de\/wp-json\/wp\/v2\/product"}],"about":[{"href":"https:\/\/e-zfk.pl\/de\/wp-json\/wp\/v2\/types\/product"}],"replies":[{"embeddable":true,"href":"https:\/\/e-zfk.pl\/de\/wp-json\/wp\/v2\/comments?post=172"}],"wp:featuredmedia":[{"embeddable":true,"href":"https:\/\/e-zfk.pl\/de\/wp-json\/wp\/v2\/media\/2139"}],"wp:attachment":[{"href":"https:\/\/e-zfk.pl\/de\/wp-json\/wp\/v2\/media?parent=172"}],"wp:term":[{"taxonomy":"product_cat","embeddable":true,"href":"https:\/\/e-zfk.pl\/de\/wp-json\/wp\/v2\/product_cat?post=172"},{"taxonomy":"product_tag","embeddable":true,"href":"https:\/\/e-zfk.pl\/de\/wp-json\/wp\/v2\/product_tag?post=172"}],"curies":[{"name":"wp","href":"https:\/\/api.w.org\/{rel}","templated":true}]}}