{"id":173,"date":"2023-04-18T11:51:50","date_gmt":"2023-04-18T09:51:50","guid":{"rendered":"https:\/\/e-zfk.pl\/shop\/bez-kategorii\/b-sm04059-insert-motylek-59mm\/"},"modified":"2023-06-20T14:03:55","modified_gmt":"2023-06-20T12:03:55","slug":"b-sm04059-insert-motylek-59mm","status":"publish","type":"product","link":"https:\/\/e-zfk.pl\/de\/shop\/materialy-budowlane\/sruby-kotwy\/b-sm04059-insert-motylek-59mm\/","title":{"rendered":"B-SM04059 SCHMETTERLINGSEINSATZ 59MM"},"content":{"rendered":"<h3>Merkmale und Vorteile<\/h3>\n<ul class=\"style-check\">\n<li>Dank seines breiten Gr\u00f6\u00dfenbereichs erm\u00f6glicht der Halter den Einbau in 2 bis 38 mm dicke Platten f\u00fcr eine Vielzahl von Anwendungen.<\/li>\n<li>Die Halterung kann mit einem einfachen Schraubendreher oder Montagewerkzeug montiert werden<\/li>\n<li>Einteiliger K\u00f6rper mit integriertem Innengewinde und Flansch f\u00fcr erh\u00f6hte Verankerungsfestigkeit.<\/li>\n<li>Die schwenkbaren Arme dr\u00fccken auf die Platte, um eine sichere Befestigung zu gew\u00e4hrleisten<\/li>\n<li>Gro\u00dfe Kontaktfl\u00e4che zwischen den ausgestreckten Armen und dem Boden erh\u00f6ht die Tragf\u00e4higkeit und Sicherheit<\/li>\n<li>Integrierte Verdrehsicherungsfl\u00fcgel garantieren Sicherheit bei der Montage<\/li>\n<li>Die Befestigung erm\u00f6glicht es, das Befestigungselement auszutauschen und mit der gleichen Schraube wieder zu montieren.<\/li>\n<li><a href=\"https:\/\/e-zfk.pl\/wp-content\/uploads\/2023\/04\/1951.KOELNER.PL_.SM-INTERSET.pdf\">PRODUKTKARTE<\/a><\/li>\n<\/ul>","protected":false},"excerpt":{"rendered":"<p>Befestigungsmittel f\u00fcr Gipskartonplatten<\/p>","protected":false},"featured_media":2136,"comment_status":"closed","ping_status":"closed","template":"","meta":{"om_disable_all_campaigns":false,"inline_featured_image":false,"_monsterinsights_skip_tracking":false,"_monsterinsights_sitenote_active":false,"_monsterinsights_sitenote_note":"","_monsterinsights_sitenote_category":0,"_uf_show_specific_survey":0,"_uf_disable_surveys":false},"product_cat":[56,15],"product_tag":[],"class_list":["post-173","product","type-product","status-publish","has-post-thumbnail","hentry","product_cat-sruby-kotwy","product_cat-materialy-budowlane"],"aioseo_notices":[],"_links":{"self":[{"href":"https:\/\/e-zfk.pl\/de\/wp-json\/wp\/v2\/product\/173","targetHints":{"allow":["GET"]}}],"collection":[{"href":"https:\/\/e-zfk.pl\/de\/wp-json\/wp\/v2\/product"}],"about":[{"href":"https:\/\/e-zfk.pl\/de\/wp-json\/wp\/v2\/types\/product"}],"replies":[{"embeddable":true,"href":"https:\/\/e-zfk.pl\/de\/wp-json\/wp\/v2\/comments?post=173"}],"wp:featuredmedia":[{"embeddable":true,"href":"https:\/\/e-zfk.pl\/de\/wp-json\/wp\/v2\/media\/2136"}],"wp:attachment":[{"href":"https:\/\/e-zfk.pl\/de\/wp-json\/wp\/v2\/media?parent=173"}],"wp:term":[{"taxonomy":"product_cat","embeddable":true,"href":"https:\/\/e-zfk.pl\/de\/wp-json\/wp\/v2\/product_cat?post=173"},{"taxonomy":"product_tag","embeddable":true,"href":"https:\/\/e-zfk.pl\/de\/wp-json\/wp\/v2\/product_tag?post=173"}],"curies":[{"name":"wp","href":"https:\/\/api.w.org\/{rel}","templated":true}]}}