{"id":180,"date":"2023-04-18T11:52:02","date_gmt":"2023-04-18T09:52:02","guid":{"rendered":"https:\/\/e-zfk.pl\/shop\/bez-kategorii\/b-spo475z-kolek-rozkladany-z-hakiem-zamknietym\/"},"modified":"2023-06-20T14:02:27","modified_gmt":"2023-06-20T12:02:27","slug":"b-spo475z-kolek-rozkladany-z-hakiem-zamknietym","status":"publish","type":"product","link":"https:\/\/e-zfk.pl\/de\/shop\/materialy-budowlane\/sruby-kotwy\/b-spo475z-kolek-rozkladany-z-hakiem-zamknietym\/","title":{"rendered":"B-SPO475Z KLAPPBARER D\u00dcBEL MIT GESCHLOSSENEM HAKEN"},"content":{"rendered":"<h2>Merkmale und Vorteile<\/h2>\n<ul>\n<li>Montage mit verl\u00e4ngertem metrischen Schraubenabschnitt<\/li>\n<li>Verteilt die Last auf eine gro\u00dfe Fl\u00e4che f\u00fcr zus\u00e4tzliche Tragf\u00e4higkeit<\/li>\n<li>Erm\u00f6glicht eine einfache Installation in Einzel- oder Doppeltafeln, auch in sehr kleinen R\u00e4umen.<\/li>\n<li>Selbstmontierende Erweiterungshalterung f\u00fcr einfache Installation<\/li>\n<li>Geeignet f\u00fcr Deckenanwendungen<\/li>\n<li><a href=\"https:\/\/e-zfk.pl\/wp-content\/uploads\/2023\/04\/484719.pdf\">PRODUKTKARTE<\/a><\/li>\n<\/ul>","protected":false},"excerpt":{"rendered":"<p>KLAPPD\u00dcBEL MIT GESCHLOSSENEM HAKEN<\/p>","protected":false},"featured_media":2127,"comment_status":"closed","ping_status":"closed","template":"","meta":{"om_disable_all_campaigns":false,"inline_featured_image":false,"_monsterinsights_skip_tracking":false,"_monsterinsights_sitenote_active":false,"_monsterinsights_sitenote_note":"","_monsterinsights_sitenote_category":0,"_uf_show_specific_survey":0,"_uf_disable_surveys":false},"product_cat":[56,15],"product_tag":[],"class_list":["post-180","product","type-product","status-publish","has-post-thumbnail","hentry","product_cat-sruby-kotwy","product_cat-materialy-budowlane"],"aioseo_notices":[],"_links":{"self":[{"href":"https:\/\/e-zfk.pl\/de\/wp-json\/wp\/v2\/product\/180","targetHints":{"allow":["GET"]}}],"collection":[{"href":"https:\/\/e-zfk.pl\/de\/wp-json\/wp\/v2\/product"}],"about":[{"href":"https:\/\/e-zfk.pl\/de\/wp-json\/wp\/v2\/types\/product"}],"replies":[{"embeddable":true,"href":"https:\/\/e-zfk.pl\/de\/wp-json\/wp\/v2\/comments?post=180"}],"wp:featuredmedia":[{"embeddable":true,"href":"https:\/\/e-zfk.pl\/de\/wp-json\/wp\/v2\/media\/2127"}],"wp:attachment":[{"href":"https:\/\/e-zfk.pl\/de\/wp-json\/wp\/v2\/media?parent=180"}],"wp:term":[{"taxonomy":"product_cat","embeddable":true,"href":"https:\/\/e-zfk.pl\/de\/wp-json\/wp\/v2\/product_cat?post=180"},{"taxonomy":"product_tag","embeddable":true,"href":"https:\/\/e-zfk.pl\/de\/wp-json\/wp\/v2\/product_tag?post=180"}],"curies":[{"name":"wp","href":"https:\/\/api.w.org\/{rel}","templated":true}]}}