{"id":202,"date":"2023-04-18T11:52:46","date_gmt":"2023-04-18T09:52:46","guid":{"rendered":"https:\/\/e-zfk.pl\/shop\/bez-kategorii\/eps-m2-fasada-eko-grafit-150mm-0033l\/"},"modified":"2023-11-16T12:48:17","modified_gmt":"2023-11-16T11:48:17","slug":"eps-m2-fasada-eko-grafit-150mm-0033l","status":"publish","type":"product","link":"https:\/\/e-zfk.pl\/de\/shop\/materialy-budowlane\/ocieplanie-budynku\/eps-m2-fasada-eko-grafit-150mm-0033l\/","title":{"rendered":"EPS M2 FASSADE EKO GRAPHIT 150MM 0.033L"},"content":{"rendered":"<p><b>Arbet - EKO GRAFIT - Polystyrol Fassade graphit \/ lambda 0,33 \/ 20 cm :<\/b><\/p>\n<ul>\n<li>Einsatz in Anwendungen, die keine hohen mechanischen Belastungen erfordern<\/li>\n<li>Empfohlen f\u00fcr die W\u00e4rmed\u00e4mmung von Energiespar- und Passivh\u00e4usern<\/li>\n<li>Die Platten k\u00f6nnen unter anderem zur Isolierung von<\/li>\n<li>von W\u00e4nden in W\u00e4rmed\u00e4mmverbundsystemen WDVS (\"Licht-Nass\"-Verfahren, fugenloses W\u00e4rmed\u00e4mmsystem BSO)<\/li>\n<li>W\u00e4nde mit Verkleidung und hinterl\u00fcftetem Luftspalt<\/li>\n<li>Hohlraumw\u00e4nde mit bel\u00fcftetem Luftspalt<\/li>\n<li>Hohlraumw\u00e4nde mit nicht bel\u00fcftetem Luftspalt<\/li>\n<li>bei internen Trennwandkonstruktionen<\/li>\n<li>Fachwerkw\u00e4nde mit Verschalung<\/li>\n<li>Decken von unten im WDV-System (BSO, \"Licht-Nass-Verfahren\")<\/li>\n<li>Decken mit darunter liegenden Verkleidungen<\/li>\n<li>steile D\u00e4cher zwischen den Dachsparren<\/li>\n<li>steile D\u00e4cher unter einer tragenden Konstruktion<\/li>\n<li>bel\u00fcftete Flachd\u00e4cher<\/li>\n<\/ul>","protected":false},"excerpt":{"rendered":"<p>STYROPIAN<\/p>","protected":false},"featured_media":2094,"comment_status":"closed","ping_status":"closed","template":"","meta":{"om_disable_all_campaigns":false,"inline_featured_image":false,"_monsterinsights_skip_tracking":false,"_monsterinsights_sitenote_active":false,"_monsterinsights_sitenote_note":"","_monsterinsights_sitenote_category":0,"_uf_show_specific_survey":0,"_uf_disable_surveys":false},"product_cat":[22,15],"product_tag":[],"class_list":["post-202","product","type-product","status-publish","has-post-thumbnail","hentry","product_cat-ocieplanie-budynku","product_cat-materialy-budowlane"],"aioseo_notices":[],"_links":{"self":[{"href":"https:\/\/e-zfk.pl\/de\/wp-json\/wp\/v2\/product\/202","targetHints":{"allow":["GET"]}}],"collection":[{"href":"https:\/\/e-zfk.pl\/de\/wp-json\/wp\/v2\/product"}],"about":[{"href":"https:\/\/e-zfk.pl\/de\/wp-json\/wp\/v2\/types\/product"}],"replies":[{"embeddable":true,"href":"https:\/\/e-zfk.pl\/de\/wp-json\/wp\/v2\/comments?post=202"}],"wp:featuredmedia":[{"embeddable":true,"href":"https:\/\/e-zfk.pl\/de\/wp-json\/wp\/v2\/media\/2094"}],"wp:attachment":[{"href":"https:\/\/e-zfk.pl\/de\/wp-json\/wp\/v2\/media?parent=202"}],"wp:term":[{"taxonomy":"product_cat","embeddable":true,"href":"https:\/\/e-zfk.pl\/de\/wp-json\/wp\/v2\/product_cat?post=202"},{"taxonomy":"product_tag","embeddable":true,"href":"https:\/\/e-zfk.pl\/de\/wp-json\/wp\/v2\/product_tag?post=202"}],"curies":[{"name":"wp","href":"https:\/\/api.w.org\/{rel}","templated":true}]}}