{"id":204,"date":"2023-04-18T11:52:51","date_gmt":"2023-04-18T09:52:51","guid":{"rendered":"https:\/\/e-zfk.pl\/shop\/bez-kategorii\/farsz-balance-ekostone-25-66kg\/"},"modified":"2023-06-20T14:21:20","modified_gmt":"2023-06-20T12:21:20","slug":"farsz-balance-ekostone-25-66kg","status":"publish","type":"product","link":"https:\/\/e-zfk.pl\/de\/shop\/materialy-budowlane\/bolix\/farsz-balance-ekostone-25-66kg\/","title":{"rendered":"WAAGE F\u00dcLLUNG ECOSTONE 25 6.6KG"},"content":{"rendered":"<p>1 ST. FARASH + 8 S\u00c4CKE SPLITT = HARZSTRUKTUR !!!!!<\/p>\n<div class=\"abs-short-desc\">BALANCE EcoStone Mosaikputz ist eine dekorative Putzmasse aus farbigen nat\u00fcrlichen Zuschlagstoffen und hochwertigem Acrylharz. Sie ergibt einen mehrfarbigen Mosaik-Effekt. Er ist f\u00fcr die dekorative Gestaltung von Fassaden und Innenr\u00e4umen bestimmt.<\/div>\n<p>&nbsp;<\/p>","protected":false},"excerpt":{"rendered":"<p>MOSAIK-PLASTER<\/p>","protected":false},"featured_media":2090,"comment_status":"closed","ping_status":"closed","template":"","meta":{"om_disable_all_campaigns":false,"inline_featured_image":false,"_monsterinsights_skip_tracking":false,"_monsterinsights_sitenote_active":false,"_monsterinsights_sitenote_note":"","_monsterinsights_sitenote_category":0,"_uf_show_specific_survey":0,"_uf_disable_surveys":false},"product_cat":[69,15],"product_tag":[],"class_list":["post-204","product","type-product","status-publish","has-post-thumbnail","hentry","product_cat-bolix","product_cat-materialy-budowlane"],"aioseo_notices":[],"_links":{"self":[{"href":"https:\/\/e-zfk.pl\/de\/wp-json\/wp\/v2\/product\/204","targetHints":{"allow":["GET"]}}],"collection":[{"href":"https:\/\/e-zfk.pl\/de\/wp-json\/wp\/v2\/product"}],"about":[{"href":"https:\/\/e-zfk.pl\/de\/wp-json\/wp\/v2\/types\/product"}],"replies":[{"embeddable":true,"href":"https:\/\/e-zfk.pl\/de\/wp-json\/wp\/v2\/comments?post=204"}],"wp:featuredmedia":[{"embeddable":true,"href":"https:\/\/e-zfk.pl\/de\/wp-json\/wp\/v2\/media\/2090"}],"wp:attachment":[{"href":"https:\/\/e-zfk.pl\/de\/wp-json\/wp\/v2\/media?parent=204"}],"wp:term":[{"taxonomy":"product_cat","embeddable":true,"href":"https:\/\/e-zfk.pl\/de\/wp-json\/wp\/v2\/product_cat?post=204"},{"taxonomy":"product_tag","embeddable":true,"href":"https:\/\/e-zfk.pl\/de\/wp-json\/wp\/v2\/product_tag?post=204"}],"curies":[{"name":"wp","href":"https:\/\/api.w.org\/{rel}","templated":true}]}}