{"id":2262,"date":"2023-10-06T15:26:53","date_gmt":"2023-10-06T13:26:53","guid":{"rendered":"https:\/\/e-zfk.pl\/?post_type=product&#038;p=2262"},"modified":"2023-10-06T15:26:55","modified_gmt":"2023-10-06T13:26:55","slug":"zestaw-wiertarko-wkretarka-ladowarka-18v-aku-20ah-mn-91-148","status":"publish","type":"product","link":"https:\/\/e-zfk.pl\/de\/shop\/sprzet-budowlany\/modeco-expert\/zestaw-wiertarko-wkretarka-ladowarka-18v-aku-20ah-mn-91-148\/","title":{"rendered":"Bohrmaschine\/Schrauber Set + Ladeger\u00e4t 18v + Aku 2,0Ah MN-91-148"},"content":{"rendered":"<h3><em>Modeco-Ger\u00e4t MN-91-148<\/em><\/h3>\n<h3><strong>Merkmale und Vorteile<\/strong><\/h3>\n<ul class=\"style-check\">\n<li>Elektrowerkzeug kompatibel mit Modeco System 18V-Akkus<\/li>\n<li>Einh\u00fclsen-Bohrfutter 10 mm<\/li>\n<li>Zwei G\u00e4nge zur Anpassung von Geschwindigkeit und Drehmoment an die jeweilige Aufgabe<\/li>\n<li>20 Einstellpositionen der Kupplung erm\u00f6glichen eine optimale Auswahl des Drehmoments f\u00fcr das Verschrauben von Schrauben und Bolzen verschiedener Gr\u00f6\u00dfen je nach Untergrund<\/li>\n<li>Ergonomisch angeordneter Rechts-\/Linkslauf-Schalter f\u00fcr bequemen und schnellen Wechsel zwischen Verschrauben und L\u00f6sen<\/li>\n<li>Elektronischer Schutz schaltet das Ger\u00e4t ab, wenn der Bohrer im Material stecken bleibt, um den Benutzer und das Ger\u00e4t (Motor und Akku) zu sch\u00fctzen<\/li>\n<li>LED beleuchtet den Arbeitsbereich<\/li>\n<li>Der G\u00fcrtelclip zum Aufh\u00e4ngen des Schraubendrehers erleichtert das Arbeiten in Bereichen, in denen es nicht m\u00f6glich ist, das Ger\u00e4t abzustellen.<\/li>\n<li>Kann auf der rechten oder linken Seite des Ger\u00e4ts f\u00fcr Rechts- und Linksh\u00e4nder montiert werden<\/li>\n<li>Gummierter, konturierter Griff erh\u00f6ht die Griffigkeit und den Komfort Bequemes und leichtes Design reduziert die Erm\u00fcdung bei l\u00e4ngerem Arbeiten und erm\u00f6glicht eine komfortable Einhandbedienung<\/li>\n<li>Die Zahnr\u00e4der des Planetengetriebes sind aus hochwertigem Stahl gefertigt, was sich in einer langen Lebensdauer niederschl\u00e4gt<\/li>\n<\/ul>\n<p><em><strong>BATTERIE 2.0Ah<\/strong><\/em><\/p>\n<h3>Merkmale und Vorteile<\/h3>\n<ul class=\"style-check\">\n<li>Akkupack kompatibel mit allen Modeco System 18V Elektrowerkzeugen und Ladeger\u00e4ten<\/li>\n<li>Modernste Lithium-Ionen-Technologie gew\u00e4hrleistet hohe Batterieleistung<\/li>\n<li>Schnelles Aufladen reduziert Ausfallzeiten w\u00e4hrend des Betriebs<\/li>\n<li>Die Verwendung eines Batterietyps f\u00fcr mehrere Ger\u00e4te erh\u00f6ht den Nutzungskomfort und senkt die Kosten<\/li>\n<li>Ladezustandsanzeige zur optimalen Planung der Betriebszeit<\/li>\n<li>Elektronisches Tiefentladeschutzsystem verl\u00e4ngert die Lebensdauer der Batterie<\/li>\n<\/ul>\n<p><em><strong>LOADER<\/strong><\/em><\/p>\n<h3>Merkmale und Vorteile<\/h3>\n<ul class=\"style-check\">\n<li>Ladeger\u00e4t kompatibel mit allen Modeco System 18V Elektrowerkzeugen und Batterien<\/li>\n<li>Modernste Lithium-Ionen-Technologie gew\u00e4hrleistet hohe Batterieleistung<\/li>\n<li>Schnelles Aufladen reduziert Ausfallzeiten w\u00e4hrend des Betriebs<\/li>\n<li>Die Verwendung eines Batterietyps und eines Ladeger\u00e4ts f\u00fcr mehrere Ger\u00e4te erh\u00f6ht den Nutzungskomfort und senkt die Kosten<\/li>\n<li>Elektronisches Ladestabilisierungssystem verl\u00e4ngert die Lebensdauer der Batterie<\/li>\n<\/ul>\n<p>&nbsp;<\/p>","protected":false},"excerpt":{"rendered":"<p>MODECO MN-91-148<\/p>","protected":false},"featured_media":2263,"comment_status":"open","ping_status":"closed","template":"","meta":{"om_disable_all_campaigns":false,"inline_featured_image":false,"_monsterinsights_skip_tracking":false,"_monsterinsights_sitenote_active":false,"_monsterinsights_sitenote_note":"","_monsterinsights_sitenote_category":0,"_uf_show_specific_survey":0,"_uf_disable_surveys":false},"product_cat":[27,16],"product_tag":[72],"class_list":["post-2262","product","type-product","status-publish","has-post-thumbnail","hentry","product_cat-modeco-expert","product_cat-sprzet-budowlany","product_tag-wirtarko-wkretarka"],"aioseo_notices":[],"_links":{"self":[{"href":"https:\/\/e-zfk.pl\/de\/wp-json\/wp\/v2\/product\/2262","targetHints":{"allow":["GET"]}}],"collection":[{"href":"https:\/\/e-zfk.pl\/de\/wp-json\/wp\/v2\/product"}],"about":[{"href":"https:\/\/e-zfk.pl\/de\/wp-json\/wp\/v2\/types\/product"}],"replies":[{"embeddable":true,"href":"https:\/\/e-zfk.pl\/de\/wp-json\/wp\/v2\/comments?post=2262"}],"wp:featuredmedia":[{"embeddable":true,"href":"https:\/\/e-zfk.pl\/de\/wp-json\/wp\/v2\/media\/2263"}],"wp:attachment":[{"href":"https:\/\/e-zfk.pl\/de\/wp-json\/wp\/v2\/media?parent=2262"}],"wp:term":[{"taxonomy":"product_cat","embeddable":true,"href":"https:\/\/e-zfk.pl\/de\/wp-json\/wp\/v2\/product_cat?post=2262"},{"taxonomy":"product_tag","embeddable":true,"href":"https:\/\/e-zfk.pl\/de\/wp-json\/wp\/v2\/product_tag?post=2262"}],"curies":[{"name":"wp","href":"https:\/\/api.w.org\/{rel}","templated":true}]}}