{"id":2266,"date":"2023-10-06T15:27:27","date_gmt":"2023-10-06T13:27:27","guid":{"rendered":"https:\/\/e-zfk.pl\/?post_type=product&#038;p=2266"},"modified":"2023-10-06T15:43:13","modified_gmt":"2023-10-06T13:43:13","slug":"mn-91-141-mlotowiertarka-18v-sds-plus-09j","status":"publish","type":"product","link":"https:\/\/e-zfk.pl\/de\/shop\/sprzet-budowlany\/modeco-expert\/mn-91-141-mlotowiertarka-18v-sds-plus-09j\/","title":{"rendered":"MN-91-141 18V SDS-PLUS Bohrhammer 0,9J"},"content":{"rendered":"<h2><em>Ger\u00e4t <\/em>MN-91-141 18V SDS-PLUS Bohrhammer 0,9J<\/h2>\n<h4>Merkmale und Vorteile<\/h4>\n<ul>\n<li style=\"list-style-type: none;\">\n<ul class=\"style-check\">\n<li>Elektrowerkzeug kompatibel mit Modeco System 18V-Akkus<\/li>\n<li>SDS-Plus Werkzeughalter<\/li>\n<li>Ergonomischer Betriebsartenschalter f\u00fcr den bequemen und schnellen Wechsel zwischen Schlag- und Nichtschlagbohrmodus<\/li>\n<li>Elektronischer Schutz stoppt die Maschine, wenn die Spindel blockiert ist<\/li>\n<li>LED beleuchtet den Arbeitsbereich<\/li>\n<li>Gummierter, konturierter Griff f\u00fcr besseren Halt und Komfort<\/li>\n<li>Komfortables und leichtes Design reduziert die Erm\u00fcdung bei l\u00e4ngerem Arbeiten und erm\u00f6glicht eine bequeme Einhandbedienung<\/li>\n<\/ul>\n<\/li>\n<\/ul>\n<p><em><strong>BATTERIE 2.0Ah<\/strong><\/em><\/p>\n<h4>Merkmale und Vorteile<\/h4>\n<ul class=\"style-check\">\n<li>Akkupack kompatibel mit allen Modeco System 18V Elektrowerkzeugen und Ladeger\u00e4ten<\/li>\n<li>Modernste Lithium-Ionen-Technologie gew\u00e4hrleistet hohe Batterieleistung<\/li>\n<li>Schnelles Aufladen reduziert Ausfallzeiten w\u00e4hrend des Betriebs<\/li>\n<li>Die Verwendung eines Batterietyps f\u00fcr mehrere Ger\u00e4te erh\u00f6ht den Nutzungskomfort und senkt die Kosten<\/li>\n<li>Ladezustandsanzeige zur optimalen Planung der Betriebszeit<\/li>\n<li>Elektronisches Tiefentladeschutzsystem verl\u00e4ngert die Lebensdauer der Batterie<\/li>\n<\/ul>\n<p><em><strong>LOADER<\/strong><\/em><\/p>\n<h4>Merkmale und Vorteile<\/h4>\n<ul class=\"style-check\">\n<li>Ladeger\u00e4t kompatibel mit allen Modeco System 18V Elektrowerkzeugen und Batterien<\/li>\n<li>Modernste Lithium-Ionen-Technologie gew\u00e4hrleistet hohe Batterieleistung<\/li>\n<li>Schnelles Aufladen reduziert Ausfallzeiten w\u00e4hrend des Betriebs<\/li>\n<li>Die Verwendung eines Batterietyps und eines Ladeger\u00e4ts f\u00fcr mehrere Ger\u00e4te erh\u00f6ht den Nutzungskomfort und senkt die Kosten<\/li>\n<li>Elektronisches Ladestabilisierungssystem verl\u00e4ngert die Lebensdauer der Batterie<\/li>\n<\/ul>\n<p>&nbsp;<\/p>","protected":false},"excerpt":{"rendered":"<p>MODECO MN-91-141<\/p>","protected":false},"featured_media":2267,"comment_status":"open","ping_status":"closed","template":"","meta":{"om_disable_all_campaigns":false,"inline_featured_image":false,"_monsterinsights_skip_tracking":false,"_monsterinsights_sitenote_active":false,"_monsterinsights_sitenote_note":"","_monsterinsights_sitenote_category":0,"_uf_show_specific_survey":0,"_uf_disable_surveys":false},"product_cat":[27,16],"product_tag":[72],"class_list":["post-2266","product","type-product","status-publish","has-post-thumbnail","hentry","product_cat-modeco-expert","product_cat-sprzet-budowlany","product_tag-wirtarko-wkretarka"],"aioseo_notices":[],"_links":{"self":[{"href":"https:\/\/e-zfk.pl\/de\/wp-json\/wp\/v2\/product\/2266","targetHints":{"allow":["GET"]}}],"collection":[{"href":"https:\/\/e-zfk.pl\/de\/wp-json\/wp\/v2\/product"}],"about":[{"href":"https:\/\/e-zfk.pl\/de\/wp-json\/wp\/v2\/types\/product"}],"replies":[{"embeddable":true,"href":"https:\/\/e-zfk.pl\/de\/wp-json\/wp\/v2\/comments?post=2266"}],"wp:featuredmedia":[{"embeddable":true,"href":"https:\/\/e-zfk.pl\/de\/wp-json\/wp\/v2\/media\/2267"}],"wp:attachment":[{"href":"https:\/\/e-zfk.pl\/de\/wp-json\/wp\/v2\/media?parent=2266"}],"wp:term":[{"taxonomy":"product_cat","embeddable":true,"href":"https:\/\/e-zfk.pl\/de\/wp-json\/wp\/v2\/product_cat?post=2266"},{"taxonomy":"product_tag","embeddable":true,"href":"https:\/\/e-zfk.pl\/de\/wp-json\/wp\/v2\/product_tag?post=2266"}],"curies":[{"name":"wp","href":"https:\/\/api.w.org\/{rel}","templated":true}]}}