{"id":227,"date":"2023-04-18T11:53:50","date_gmt":"2023-04-18T09:53:50","guid":{"rendered":"https:\/\/e-zfk.pl\/shop\/bez-kategorii\/fx-06l050-kolek-szybkiego-montazu-x100\/"},"modified":"2023-06-20T13:05:08","modified_gmt":"2023-06-20T11:05:08","slug":"fx-06l050-kolek-szybkiego-montazu-x100","status":"publish","type":"product","link":"https:\/\/e-zfk.pl\/de\/shop\/materialy-budowlane\/sruby-kotwy\/fx-06l050-kolek-szybkiego-montazu-x100\/","title":{"rendered":"FX-06L050 SCHNELLBEFESTIGUNGSD\u00dcBEL X100"},"content":{"rendered":"<h3>Merkmale und Vorteile<\/h3>\n<ul class=\"style-check\">\n<li>Schnelle Hammermontage reduziert den Zeitaufwand und erm\u00f6glicht eine kosteng\u00fcnstige Serienmontage<\/li>\n<li>Die Kombination aus einer Pozidriv-Spitze und einem Schraubgewinde erm\u00f6glicht es, den Nagel bei Bedarf zu entfernen und erleichtert die Demontage.<\/li>\n<li>Die gro\u00dfe Auswahl an Produkten, Durchmesserl\u00e4ngen und Pilzspitzen stellt sicher, dass f\u00fcr jedes Szenario der richtige Anschluss verf\u00fcgbar ist.<\/li>\n<li>Konzipiert f\u00fcr Durchschleifinstallationen<\/li>\n<li>100 BL\u00c4TTER<\/li>\n<li><a href=\"https:\/\/e-zfk.pl\/wp-content\/uploads\/2023\/04\/1881.RAWLPLUG.PL_.FX-L-HAMMER-IN-FIXING-WITH-COUNTERSUNK-HEAD.pdf\">PRODUKTKARTE<\/a><\/li>\n<\/ul>","protected":false},"excerpt":{"rendered":"<p>KO\u0141EK<\/p>","protected":false},"featured_media":1992,"comment_status":"closed","ping_status":"closed","template":"","meta":{"om_disable_all_campaigns":false,"inline_featured_image":false,"_monsterinsights_skip_tracking":false,"_monsterinsights_sitenote_active":false,"_monsterinsights_sitenote_note":"","_monsterinsights_sitenote_category":0,"_uf_show_specific_survey":0,"_uf_disable_surveys":false},"product_cat":[56,15],"product_tag":[],"class_list":["post-227","product","type-product","status-publish","has-post-thumbnail","hentry","product_cat-sruby-kotwy","product_cat-materialy-budowlane"],"aioseo_notices":[],"_links":{"self":[{"href":"https:\/\/e-zfk.pl\/de\/wp-json\/wp\/v2\/product\/227","targetHints":{"allow":["GET"]}}],"collection":[{"href":"https:\/\/e-zfk.pl\/de\/wp-json\/wp\/v2\/product"}],"about":[{"href":"https:\/\/e-zfk.pl\/de\/wp-json\/wp\/v2\/types\/product"}],"replies":[{"embeddable":true,"href":"https:\/\/e-zfk.pl\/de\/wp-json\/wp\/v2\/comments?post=227"}],"wp:featuredmedia":[{"embeddable":true,"href":"https:\/\/e-zfk.pl\/de\/wp-json\/wp\/v2\/media\/1992"}],"wp:attachment":[{"href":"https:\/\/e-zfk.pl\/de\/wp-json\/wp\/v2\/media?parent=227"}],"wp:term":[{"taxonomy":"product_cat","embeddable":true,"href":"https:\/\/e-zfk.pl\/de\/wp-json\/wp\/v2\/product_cat?post=227"},{"taxonomy":"product_tag","embeddable":true,"href":"https:\/\/e-zfk.pl\/de\/wp-json\/wp\/v2\/product_tag?post=227"}],"curies":[{"name":"wp","href":"https:\/\/api.w.org\/{rel}","templated":true}]}}