{"id":245,"date":"2023-04-18T11:54:31","date_gmt":"2023-04-18T09:54:31","guid":{"rendered":"https:\/\/e-zfk.pl\/shop\/bez-kategorii\/hydropian-5cm\/"},"modified":"2023-06-20T12:48:10","modified_gmt":"2023-06-20T10:48:10","slug":"hydropian-5cm","status":"publish","type":"product","link":"https:\/\/e-zfk.pl\/de\/shop\/materialy-budowlane\/ocieplanie-budynku\/hydropian-5cm\/","title":{"rendered":"HYDROPIAN 5CM"},"content":{"rendered":"<h2>Beschreibung des Produkts<\/h2>\n<p>EPS 100 Hydroschaum von Arbet ist f\u00fcr den Einsatz auf Fundamenten in feuchtigkeitsgef\u00e4hrdeten Bereichen bestimmt. Preis pro Packung von 0,3 m3 in Dicken von 2 bis 20 cm. Es zeichnet sich durch eine geringe Wasseraufnahme, ein gutes Lambda von 036 und eine hohe Belastbarkeit aus. Dieses Polystyrol wird aus hydrophobiertem Polystyrol hergestellt. Aufgrund der sehr guten Koh\u00e4sion und H\u00e4rte des Materials ist die Wasseraufnahme auch bei Eintauchen in Wasser begrenzt.<\/p>\n<h2>Hydro-Schaum-Anwendungen<\/h2>\n<p>Arbet Hydrophobiertes Fundamentpolystyrol kann bei neuen oder modernisierten Geb\u00e4uden verwendet werden.  Aufgrund seiner Hydrophobierung sollte dieses Produkt in besonders feuchtigkeitsgef\u00e4hrdeten und stark belasteten Bereichen eingesetzt werden.<\/p>\n<ul>\n<li>Styropor f\u00fcr Keller- und Grundmauern,<\/li>\n<li>auch f\u00fcr Bodenbel\u00e4ge und Fu\u00dfb\u00f6den auf dem Boden sowie Terrassen, f\u00fcr Nutzlasten von bis zu 3 Tonnen pro m2,<\/li>\n<li>Spezialpolystyrol f\u00fcr Flachd\u00e4cher und Gr\u00fcnd\u00e4cher, auch f\u00fcr Parkpl\u00e4tze auf dem Dach,<\/li>\n<li>als B\u00f6schungssch\u00fcttung im Stra\u00dfenbau,<\/li>\n<li>als W\u00e4rmed\u00e4mmung f\u00fcr die Fundamente von Bauwerken.<\/li>\n<\/ul>","protected":false},"excerpt":{"rendered":"<p>HYDROPIAN<\/p>","protected":false},"featured_media":1989,"comment_status":"closed","ping_status":"closed","template":"","meta":{"om_disable_all_campaigns":false,"inline_featured_image":false,"_monsterinsights_skip_tracking":false,"_monsterinsights_sitenote_active":false,"_monsterinsights_sitenote_note":"","_monsterinsights_sitenote_category":0,"_uf_show_specific_survey":0,"_uf_disable_surveys":false},"product_cat":[22,15],"product_tag":[],"class_list":["post-245","product","type-product","status-publish","has-post-thumbnail","hentry","product_cat-ocieplanie-budynku","product_cat-materialy-budowlane"],"aioseo_notices":[],"_links":{"self":[{"href":"https:\/\/e-zfk.pl\/de\/wp-json\/wp\/v2\/product\/245","targetHints":{"allow":["GET"]}}],"collection":[{"href":"https:\/\/e-zfk.pl\/de\/wp-json\/wp\/v2\/product"}],"about":[{"href":"https:\/\/e-zfk.pl\/de\/wp-json\/wp\/v2\/types\/product"}],"replies":[{"embeddable":true,"href":"https:\/\/e-zfk.pl\/de\/wp-json\/wp\/v2\/comments?post=245"}],"wp:featuredmedia":[{"embeddable":true,"href":"https:\/\/e-zfk.pl\/de\/wp-json\/wp\/v2\/media\/1989"}],"wp:attachment":[{"href":"https:\/\/e-zfk.pl\/de\/wp-json\/wp\/v2\/media?parent=245"}],"wp:term":[{"taxonomy":"product_cat","embeddable":true,"href":"https:\/\/e-zfk.pl\/de\/wp-json\/wp\/v2\/product_cat?post=245"},{"taxonomy":"product_tag","embeddable":true,"href":"https:\/\/e-zfk.pl\/de\/wp-json\/wp\/v2\/product_tag?post=245"}],"curies":[{"name":"wp","href":"https:\/\/api.w.org\/{rel}","templated":true}]}}