{"id":248,"date":"2023-04-18T11:54:37","date_gmt":"2023-04-18T09:54:37","guid":{"rendered":"https:\/\/e-zfk.pl\/shop\/bez-kategorii\/ki-260n-kolek-do-styropianu-10-200\/"},"modified":"2023-06-20T12:47:24","modified_gmt":"2023-06-20T10:47:24","slug":"ki-260n-kolek-do-styropianu-10-200","status":"publish","type":"product","link":"https:\/\/e-zfk.pl\/de\/shop\/materialy-budowlane\/ocieplanie-budynku\/ki-260n-kolek-do-styropianu-10-200\/","title":{"rendered":"KI-260N POLYSTYROL-D\u00dcBEL 10\/200"},"content":{"rendered":"<section class=\"product-description-section block-section\">\n<div class=\"section-content\">\n<div class=\"product-description\">\n<div class=\"rte-content\">\n<p><strong class=\"desc_title\">ANWENDUNG:<\/strong><\/p>\n<p><strong>Koelner Stifte KI-260N<\/strong> sind Einschlagd\u00fcbel f\u00fcr Polystyrol-, Woll-, Polyurethanplatten mit einer langen Strebenzone von 60 mm. F\u00fcr Substrate der Gruppen:<\/p>\n<p>- B: Vollziegel, Silikatsteine, Betonsteine, Stein,<br \/>\n- C: Hohlziegel, Dachstuhl, Lehmziegel,<br \/>\n- D: Leichtbetonsteine, z. B. Porenbeton,<br \/>\n- E: Porenbeton (Porenbeton).<\/p>\n<p><strong class=\"desc_title\">INSTALLATIONSEMPFEHLUNGEN:<\/strong><\/p>\n<p>Einbauempfehlung f\u00fcr KI-260N-D\u00fcbel:<\/p>\n<p>- ETA Mindestverankerungstiefe (Neubau), f\u00fcr die Gruppen B-E: 70 mm (60 mm + 10 mm Klebem\u00f6rtelschicht). <strong>Daher betr\u00e4gt die empfohlene Dicke des befestigten Elements bei dieser D\u00fcbell\u00e4nge 190 mm.<\/strong><br \/>\n- Bohrerdurchmesser: 10 mm<\/p>\n<p><strong class=\"desc_title\">ZUS\u00c4TZLICHE INFORMATIONEN:<\/strong><\/p>\n<p><strong>- Verf\u00fcgbare L\u00e4ngen<\/strong>: 120mm, 140mm, 160mm, 180mm, 200mm, 220mm,<strong> 260mm<\/strong> und 300mm<br \/>\n- Durchmesser der Scheibe: 60 mm<br \/>\n- F\u00fcr die Befestigung von weicher W\u00e4rmed\u00e4mmung und Lamellenwolle empfiehlt sich die Verwendung des D\u00fcbels KI-10N mit zus\u00e4tzlicher Druckplatte KWL, Typ <strong>KWL-90, KWL-110, KWL-140<\/strong><br \/>\n- Scheibensteifigkeit: 0,6 kN\/mm, die hohe Scheibensteifigkeit gew\u00e4hrleistet die Stabilit\u00e4t des D\u00e4mmsystems gegen Schwingungen, die durch Windsogkr\u00e4fte verursacht werden.<\/p>\n<p><strong class=\"desc_title\">MATERIAL:<\/strong><\/p>\n<p>- D\u00fcbel: schlagfestes Polypropylen-Copolymer PP<br \/>\n- Stift (Nagel): galvanisch verzinkter Stahl<br \/>\n- Kopf: Polyamid PA 6.0 (Nylon), modifiziert mit Glasfasern<\/p>\n<p><strong class=\"desc_title\">BEST\u00c4TIGUNGEN:<\/strong><\/p>\n<p>- Europ\u00e4ische Technische Zulassung: ETA-07\/0221<br \/>\n- AT-15-9119\/2013<\/p>\n<p><strong class=\"desc_title\">BENEFITS:<\/strong><\/p>\n<p>- einfache Installation und beste Leistung in Bohrlochsubstraten<br \/>\n- Produkt zertifiziert f\u00fcr die Verwendung in B-, C-, D- und E-Substraten<br \/>\n- Mit Hilfe eines Stahlnagels l\u00e4sst sich die Verstrebungszone einfach und problemlos im Boden verankern.<br \/>\n- kann mit einer zus\u00e4tzlichen KWL-Scheibe verwendet werden (empfohlen f\u00fcr die Verwendung mit Lamellenwolle).<\/p>\n<\/div>\n<\/div>\n<\/div>\n<\/section>","protected":false},"excerpt":{"rendered":"<p>STYROFOAM STECKER<\/p>","protected":false},"featured_media":1982,"comment_status":"closed","ping_status":"closed","template":"","meta":{"om_disable_all_campaigns":false,"inline_featured_image":false,"_monsterinsights_skip_tracking":false,"_monsterinsights_sitenote_active":false,"_monsterinsights_sitenote_note":"","_monsterinsights_sitenote_category":0,"_uf_show_specific_survey":0,"_uf_disable_surveys":false},"product_cat":[22,15],"product_tag":[],"class_list":["post-248","product","type-product","status-publish","has-post-thumbnail","hentry","product_cat-ocieplanie-budynku","product_cat-materialy-budowlane"],"aioseo_notices":[],"_links":{"self":[{"href":"https:\/\/e-zfk.pl\/de\/wp-json\/wp\/v2\/product\/248","targetHints":{"allow":["GET"]}}],"collection":[{"href":"https:\/\/e-zfk.pl\/de\/wp-json\/wp\/v2\/product"}],"about":[{"href":"https:\/\/e-zfk.pl\/de\/wp-json\/wp\/v2\/types\/product"}],"replies":[{"embeddable":true,"href":"https:\/\/e-zfk.pl\/de\/wp-json\/wp\/v2\/comments?post=248"}],"wp:featuredmedia":[{"embeddable":true,"href":"https:\/\/e-zfk.pl\/de\/wp-json\/wp\/v2\/media\/1982"}],"wp:attachment":[{"href":"https:\/\/e-zfk.pl\/de\/wp-json\/wp\/v2\/media?parent=248"}],"wp:term":[{"taxonomy":"product_cat","embeddable":true,"href":"https:\/\/e-zfk.pl\/de\/wp-json\/wp\/v2\/product_cat?post=248"},{"taxonomy":"product_tag","embeddable":true,"href":"https:\/\/e-zfk.pl\/de\/wp-json\/wp\/v2\/product_tag?post=248"}],"curies":[{"name":"wp","href":"https:\/\/api.w.org\/{rel}","templated":true}]}}