{"id":255,"date":"2023-04-18T11:54:53","date_gmt":"2023-04-18T09:54:53","guid":{"rendered":"https:\/\/e-zfk.pl\/shop\/bez-kategorii\/kolek-do-mocowania-10-160\/"},"modified":"2023-06-20T12:22:46","modified_gmt":"2023-06-20T10:22:46","slug":"kolek-do-mocowania-10-160","status":"publish","type":"product","link":"https:\/\/e-zfk.pl\/de\/shop\/materialy-budowlane\/ocieplanie-budynku\/kolek-do-mocowania-10-160\/","title":{"rendered":"BEFESTIGUNGSD\u00dcBEL 10\/160"},"content":{"rendered":"<p><strong class=\"desc_title\"><strong>BESCHREIBUNG:<\/strong><\/strong><\/p>\n<p>- h\u00f6chste Tragf\u00e4higkeit bei k\u00fcrzester Verankerungstiefe<br \/>\n- kurze Einbauzeit durch k\u00fcrzeste Bohrtiefe<br \/>\n- H\u00f6chste technische Parameter f\u00fcr eine sichere Anwendung<br \/>\n- verringerte thermische Durchdringung des D\u00fcbels aufgrund der langen D\u00fcbel\u00fcberformung<br \/>\n- ein Ringstift zur Stabilisierung der Verankerung des Verbinders bei langfristiger Nutzung<br \/>\n- einfache und traditionelle Methode der D\u00fcbelmontage ohne zus\u00e4tzliches Zubeh\u00f6r<br \/>\n- einfache und schnelle Produktinstallation, die kein zus\u00e4tzliches Montagezubeh\u00f6r erfordert.<\/p>","protected":false},"excerpt":{"rendered":"<p>STYROFOAM STECKER<\/p>","protected":false},"featured_media":2033,"comment_status":"closed","ping_status":"closed","template":"","meta":{"om_disable_all_campaigns":false,"inline_featured_image":false,"_monsterinsights_skip_tracking":false,"_monsterinsights_sitenote_active":false,"_monsterinsights_sitenote_note":"","_monsterinsights_sitenote_category":0,"_uf_show_specific_survey":0,"_uf_disable_surveys":false},"product_cat":[22,15],"product_tag":[],"class_list":["post-255","product","type-product","status-publish","has-post-thumbnail","hentry","product_cat-ocieplanie-budynku","product_cat-materialy-budowlane"],"aioseo_notices":[],"_links":{"self":[{"href":"https:\/\/e-zfk.pl\/de\/wp-json\/wp\/v2\/product\/255","targetHints":{"allow":["GET"]}}],"collection":[{"href":"https:\/\/e-zfk.pl\/de\/wp-json\/wp\/v2\/product"}],"about":[{"href":"https:\/\/e-zfk.pl\/de\/wp-json\/wp\/v2\/types\/product"}],"replies":[{"embeddable":true,"href":"https:\/\/e-zfk.pl\/de\/wp-json\/wp\/v2\/comments?post=255"}],"wp:featuredmedia":[{"embeddable":true,"href":"https:\/\/e-zfk.pl\/de\/wp-json\/wp\/v2\/media\/2033"}],"wp:attachment":[{"href":"https:\/\/e-zfk.pl\/de\/wp-json\/wp\/v2\/media?parent=255"}],"wp:term":[{"taxonomy":"product_cat","embeddable":true,"href":"https:\/\/e-zfk.pl\/de\/wp-json\/wp\/v2\/product_cat?post=255"},{"taxonomy":"product_tag","embeddable":true,"href":"https:\/\/e-zfk.pl\/de\/wp-json\/wp\/v2\/product_tag?post=255"}],"curies":[{"name":"wp","href":"https:\/\/api.w.org\/{rel}","templated":true}]}}