{"id":257,"date":"2023-04-18T11:54:59","date_gmt":"2023-04-18T09:54:59","guid":{"rendered":"https:\/\/e-zfk.pl\/shop\/bez-kategorii\/kolek-do-styropianu-10-200\/"},"modified":"2023-06-20T12:22:31","modified_gmt":"2023-06-20T10:22:31","slug":"kolek-do-styropianu-10-200","status":"publish","type":"product","link":"https:\/\/e-zfk.pl\/de\/shop\/materialy-budowlane\/ocieplanie-budynku\/kolek-do-styropianu-10-200\/","title":{"rendered":"STYROPOR-D\u00dcBEL 10\/200"},"content":{"rendered":"<h3 class=\"ccb9d67a _17d3fa36 _78852320 bae4848b cc6bbaee eddf1b8e\">Merkmale und Vorteile<\/h3>\n<p class=\"ccb9d67a _17d3fa36 _4fd271c8 df59bc7a cc6bbaee\">Sind Sie besorgt, dass die W\u00e4rmed\u00e4mmung der Fassade Ihres Geb\u00e4udes instabil ist? Verwenden Sie bei der Anbringung von Polystyrolschaum den vorgestellten D\u00fcbel, der eine ordnungsgem\u00e4\u00dfe Montage einer solchen Konstruktion erm\u00f6glicht. Das Objekt wurde aus Polypropylen hergestellt, was der Grund f\u00fcr seine hohe Widerstandsf\u00e4higkeit gegen mechanische Besch\u00e4digungen ist.<\/p>","protected":false},"excerpt":{"rendered":"<p>STYROFOAM STECKER<\/p>","protected":false},"featured_media":1965,"comment_status":"closed","ping_status":"closed","template":"","meta":{"om_disable_all_campaigns":false,"inline_featured_image":false,"_monsterinsights_skip_tracking":false,"_monsterinsights_sitenote_active":false,"_monsterinsights_sitenote_note":"","_monsterinsights_sitenote_category":0,"_uf_show_specific_survey":0,"_uf_disable_surveys":false},"product_cat":[22,15],"product_tag":[],"class_list":["post-257","product","type-product","status-publish","has-post-thumbnail","hentry","product_cat-ocieplanie-budynku","product_cat-materialy-budowlane"],"aioseo_notices":[],"_links":{"self":[{"href":"https:\/\/e-zfk.pl\/de\/wp-json\/wp\/v2\/product\/257","targetHints":{"allow":["GET"]}}],"collection":[{"href":"https:\/\/e-zfk.pl\/de\/wp-json\/wp\/v2\/product"}],"about":[{"href":"https:\/\/e-zfk.pl\/de\/wp-json\/wp\/v2\/types\/product"}],"replies":[{"embeddable":true,"href":"https:\/\/e-zfk.pl\/de\/wp-json\/wp\/v2\/comments?post=257"}],"wp:featuredmedia":[{"embeddable":true,"href":"https:\/\/e-zfk.pl\/de\/wp-json\/wp\/v2\/media\/1965"}],"wp:attachment":[{"href":"https:\/\/e-zfk.pl\/de\/wp-json\/wp\/v2\/media?parent=257"}],"wp:term":[{"taxonomy":"product_cat","embeddable":true,"href":"https:\/\/e-zfk.pl\/de\/wp-json\/wp\/v2\/product_cat?post=257"},{"taxonomy":"product_tag","embeddable":true,"href":"https:\/\/e-zfk.pl\/de\/wp-json\/wp\/v2\/product_tag?post=257"}],"curies":[{"name":"wp","href":"https:\/\/api.w.org\/{rel}","templated":true}]}}