{"id":259,"date":"2023-04-18T11:55:03","date_gmt":"2023-04-18T09:55:03","guid":{"rendered":"https:\/\/e-zfk.pl\/shop\/bez-kategorii\/komplet-pedzili-niebieski-4szt\/"},"modified":"2023-06-20T12:21:57","modified_gmt":"2023-06-20T10:21:57","slug":"komplet-pedzili-niebieski-4szt","status":"publish","type":"product","link":"https:\/\/e-zfk.pl\/de\/shop\/narzedzia-reczne\/walki-i-pedzle\/komplet-pedzili-niebieski-4szt\/","title":{"rendered":"B\u00dcRSTENSET BLAU 4TLG."},"content":{"rendered":"<p>Das Pinselset kann bei Renovierungsarbeiten verwendet werden. Es ist besonders f\u00fcr das Streichen mit Acrylfarben und Lacken geeignet.<\/p>\n<p>&nbsp;<\/p>\n<h2>Vorteil\/Nutzen:<\/h2>\n<p>Das Set erm\u00f6glicht es Ihnen, die am besten geeignete Pinselgr\u00f6\u00dfe frei zu w\u00e4hlen. Der 2K-Griff sorgt f\u00fcr einen guten Sitz in der Hand.<\/p>","protected":false},"excerpt":{"rendered":"<p>UNIVERSAL-B\u00dcRSTENSET<\/p>","protected":false},"featured_media":2031,"comment_status":"closed","ping_status":"closed","template":"","meta":{"om_disable_all_campaigns":false,"inline_featured_image":false,"_monsterinsights_skip_tracking":false,"_monsterinsights_sitenote_active":false,"_monsterinsights_sitenote_note":"","_monsterinsights_sitenote_category":0,"_uf_show_specific_survey":0,"_uf_disable_surveys":false},"product_cat":[49,18],"product_tag":[],"class_list":["post-259","product","type-product","status-publish","has-post-thumbnail","hentry","product_cat-walki-i-pedzle","product_cat-narzedzia-reczne"],"aioseo_notices":[],"_links":{"self":[{"href":"https:\/\/e-zfk.pl\/de\/wp-json\/wp\/v2\/product\/259","targetHints":{"allow":["GET"]}}],"collection":[{"href":"https:\/\/e-zfk.pl\/de\/wp-json\/wp\/v2\/product"}],"about":[{"href":"https:\/\/e-zfk.pl\/de\/wp-json\/wp\/v2\/types\/product"}],"replies":[{"embeddable":true,"href":"https:\/\/e-zfk.pl\/de\/wp-json\/wp\/v2\/comments?post=259"}],"wp:featuredmedia":[{"embeddable":true,"href":"https:\/\/e-zfk.pl\/de\/wp-json\/wp\/v2\/media\/2031"}],"wp:attachment":[{"href":"https:\/\/e-zfk.pl\/de\/wp-json\/wp\/v2\/media?parent=259"}],"wp:term":[{"taxonomy":"product_cat","embeddable":true,"href":"https:\/\/e-zfk.pl\/de\/wp-json\/wp\/v2\/product_cat?post=259"},{"taxonomy":"product_tag","embeddable":true,"href":"https:\/\/e-zfk.pl\/de\/wp-json\/wp\/v2\/product_tag?post=259"}],"curies":[{"name":"wp","href":"https:\/\/api.w.org\/{rel}","templated":true}]}}