{"id":260,"date":"2023-04-18T11:55:05","date_gmt":"2023-04-18T09:55:05","guid":{"rendered":"https:\/\/e-zfk.pl\/shop\/bez-kategorii\/kostka-behaton-8cm\/"},"modified":"2023-06-20T12:20:25","modified_gmt":"2023-06-20T10:20:25","slug":"kostka-behaton-8cm","status":"publish","type":"product","link":"https:\/\/e-zfk.pl\/de\/shop\/materialy-budowlane\/kostka-brukowa\/kostka-behaton-8cm\/","title":{"rendered":"BEHATON W\u00dcRFEL 8CM"},"content":{"rendered":"<p><strong>Behaton<\/strong> ist ein Pflasterstein, der f\u00fcr stark beanspruchte Industriefl\u00e4chen entwickelt wurde. Die Form der Behaton-Pflastersteine sorgt daf\u00fcr, dass die W\u00fcrfel in L\u00e4ngsrichtung zusammengehalten werden, was f\u00fcr die Verlegung in Hanglagen wichtig ist. Behaton-Pflastersteine sind in verschiedenen Dicken und Farben sowie als Halb- und Randsteine (nur mit Fase) erh\u00e4ltlich. Behaton-Pflastersteine in 8 cm St\u00e4rke sind mit und ohne Fase erh\u00e4ltlich.<\/p>\n<p><a href=\"https:\/\/e-zfk.pl\/wp-content\/uploads\/2023\/04\/karta-produktowa-behaton-6.pdf\">Produktkarte<\/a><\/p>","protected":false},"excerpt":{"rendered":"<p>KOSTKA<\/p>","protected":false},"featured_media":1959,"comment_status":"closed","ping_status":"closed","template":"","meta":{"om_disable_all_campaigns":false,"inline_featured_image":false,"_monsterinsights_skip_tracking":false,"_monsterinsights_sitenote_active":false,"_monsterinsights_sitenote_note":"","_monsterinsights_sitenote_category":0,"_uf_show_specific_survey":0,"_uf_disable_surveys":false},"product_cat":[67,15],"product_tag":[],"class_list":["post-260","product","type-product","status-publish","has-post-thumbnail","hentry","product_cat-kostka-brukowa","product_cat-materialy-budowlane"],"aioseo_notices":[],"_links":{"self":[{"href":"https:\/\/e-zfk.pl\/de\/wp-json\/wp\/v2\/product\/260","targetHints":{"allow":["GET"]}}],"collection":[{"href":"https:\/\/e-zfk.pl\/de\/wp-json\/wp\/v2\/product"}],"about":[{"href":"https:\/\/e-zfk.pl\/de\/wp-json\/wp\/v2\/types\/product"}],"replies":[{"embeddable":true,"href":"https:\/\/e-zfk.pl\/de\/wp-json\/wp\/v2\/comments?post=260"}],"wp:featuredmedia":[{"embeddable":true,"href":"https:\/\/e-zfk.pl\/de\/wp-json\/wp\/v2\/media\/1959"}],"wp:attachment":[{"href":"https:\/\/e-zfk.pl\/de\/wp-json\/wp\/v2\/media?parent=260"}],"wp:term":[{"taxonomy":"product_cat","embeddable":true,"href":"https:\/\/e-zfk.pl\/de\/wp-json\/wp\/v2\/product_cat?post=260"},{"taxonomy":"product_tag","embeddable":true,"href":"https:\/\/e-zfk.pl\/de\/wp-json\/wp\/v2\/product_tag?post=260"}],"curies":[{"name":"wp","href":"https:\/\/api.w.org\/{rel}","templated":true}]}}