{"id":274,"date":"2023-04-18T11:55:33","date_gmt":"2023-04-18T09:55:33","guid":{"rendered":"https:\/\/e-zfk.pl\/shop\/bez-kategorii\/listwa-stratowa-alu-25m\/"},"modified":"2023-11-16T16:39:19","modified_gmt":"2023-11-16T15:39:19","slug":"listwa-stratowa-alu-25m","status":"publish","type":"product","link":"https:\/\/e-zfk.pl\/de\/shop\/materialy-budowlane\/ocieplanie-budynku\/listwa-stratowa-alu-25m\/","title":{"rendered":"ALU-STARTLEISTE 2,5M"},"content":{"rendered":"<p><strong>Profil des Sockels\u00a0<\/strong>auch bekannt als\u00a0<strong>bootstrap\u00a0<\/strong>wird verwendet, um die erste Schicht Polystyrolschaum bei der Isolierung eines Geb\u00e4udes korrekt anzubringen. Neben der Erleichterung des Einbaus dient es folgenden Zwecken <strong>sch\u00fctzen die Fassade vor eindringender Feuchtigkeit, Staun\u00e4sse, Nagetieren und Insekten. <\/strong><\/p>\n<p>&nbsp;<\/p>\n<p><strong>Startleiste <\/strong>funktioniert auch gut w\u00e4hrend\u00a0<strong>Steinwolle oder Mieral-Fassade.\u00a0<\/strong>Sein Profil erm\u00f6glicht den Einsatz beim Fassadenbau mit beidem:<\/p>\n<ul>\n<li>wei\u00dfes Polystyrol<\/li>\n<li>Graphit-Polystyrol<\/li>\n<li>Steinwolle<\/li>\n<li>Mineralwolle<\/li>\n<li>reine Schaumstoffe<\/li>\n<\/ul>","protected":false},"excerpt":{"rendered":"<p>LISTE<\/p>","protected":false},"featured_media":1941,"comment_status":"closed","ping_status":"closed","template":"","meta":{"om_disable_all_campaigns":false,"inline_featured_image":false,"_monsterinsights_skip_tracking":false,"_monsterinsights_sitenote_active":false,"_monsterinsights_sitenote_note":"","_monsterinsights_sitenote_category":0,"_uf_show_specific_survey":0,"_uf_disable_surveys":false},"product_cat":[22,15],"product_tag":[],"class_list":["post-274","product","type-product","status-publish","has-post-thumbnail","hentry","product_cat-ocieplanie-budynku","product_cat-materialy-budowlane"],"aioseo_notices":[],"_links":{"self":[{"href":"https:\/\/e-zfk.pl\/de\/wp-json\/wp\/v2\/product\/274","targetHints":{"allow":["GET"]}}],"collection":[{"href":"https:\/\/e-zfk.pl\/de\/wp-json\/wp\/v2\/product"}],"about":[{"href":"https:\/\/e-zfk.pl\/de\/wp-json\/wp\/v2\/types\/product"}],"replies":[{"embeddable":true,"href":"https:\/\/e-zfk.pl\/de\/wp-json\/wp\/v2\/comments?post=274"}],"wp:featuredmedia":[{"embeddable":true,"href":"https:\/\/e-zfk.pl\/de\/wp-json\/wp\/v2\/media\/1941"}],"wp:attachment":[{"href":"https:\/\/e-zfk.pl\/de\/wp-json\/wp\/v2\/media?parent=274"}],"wp:term":[{"taxonomy":"product_cat","embeddable":true,"href":"https:\/\/e-zfk.pl\/de\/wp-json\/wp\/v2\/product_cat?post=274"},{"taxonomy":"product_tag","embeddable":true,"href":"https:\/\/e-zfk.pl\/de\/wp-json\/wp\/v2\/product_tag?post=274"}],"curies":[{"name":"wp","href":"https:\/\/api.w.org\/{rel}","templated":true}]}}