{"id":279,"date":"2023-04-18T11:55:43","date_gmt":"2023-04-18T09:55:43","guid":{"rendered":"https:\/\/e-zfk.pl\/shop\/bez-kategorii\/mn-02-508-pas-transportowy-8mx50mm\/"},"modified":"2023-06-20T12:08:33","modified_gmt":"2023-06-20T10:08:33","slug":"mn-02-508-pas-transportowy-8mx50mm","status":"publish","type":"product","link":"https:\/\/e-zfk.pl\/de\/shop\/bhp\/pasy-zawiesia\/mn-02-508-pas-transportowy-8mx50mm\/","title":{"rendered":"MN-02-508 -Transportband 8mX50mm"},"content":{"rendered":"<h3>Merkmale und Vorteile<\/h3>\n<ul class=\"style-check\">\n<li>Zweiteiliger Gurt mit Doppelhaken und doppelseitiger Ratsche zum sicheren Befestigen von Lasten, z. B. auf Pkw-Anh\u00e4ngern oder Transportern<\/li>\n<li>Das Design des orangefarbenen G\u00fcrtels sorgt daf\u00fcr, dass er auch bei schwierigen Wetterbedingungen auff\u00e4llt.<\/li>\n<li>Hochwertiges Polyester-Gurtband erm\u00f6glicht die Befestigung von Gegenst\u00e4nden mit einem Gewicht von bis zu 4.000 kg (ein 25 mm breites Gurtband erm\u00f6glicht die Befestigung von Gegenst\u00e4nden mit einem Gewicht von bis zu 2.500 kg).<\/li>\n<li>Die F\u00f6rderb\u00e4nder werden gem\u00e4\u00df der Norm EN-12195-2 hergestellt und sind daher sicher und zuverl\u00e4ssig in der Anwendung.<\/li>\n<li><a href=\"https:\/\/e-zfk.pl\/wp-content\/uploads\/2023\/04\/33924.MODECO-EXPERT.PL_.MN-02-50-RATCHET-STRAPS.pdf\">PRODUKTKARTE<\/a><\/li>\n<\/ul>","protected":false},"excerpt":{"rendered":"<p>TRANSPORTBAND<\/p>","protected":false},"featured_media":1936,"comment_status":"closed","ping_status":"closed","template":"","meta":{"om_disable_all_campaigns":false,"inline_featured_image":false,"_monsterinsights_skip_tracking":false,"_monsterinsights_sitenote_active":false,"_monsterinsights_sitenote_note":"","_monsterinsights_sitenote_category":0,"_uf_show_specific_survey":0,"_uf_disable_surveys":false},"product_cat":[46,66],"product_tag":[],"class_list":["post-279","product","type-product","status-publish","has-post-thumbnail","hentry","product_cat-bhp","product_cat-pasy-zawiesia"],"aioseo_notices":[],"_links":{"self":[{"href":"https:\/\/e-zfk.pl\/de\/wp-json\/wp\/v2\/product\/279","targetHints":{"allow":["GET"]}}],"collection":[{"href":"https:\/\/e-zfk.pl\/de\/wp-json\/wp\/v2\/product"}],"about":[{"href":"https:\/\/e-zfk.pl\/de\/wp-json\/wp\/v2\/types\/product"}],"replies":[{"embeddable":true,"href":"https:\/\/e-zfk.pl\/de\/wp-json\/wp\/v2\/comments?post=279"}],"wp:featuredmedia":[{"embeddable":true,"href":"https:\/\/e-zfk.pl\/de\/wp-json\/wp\/v2\/media\/1936"}],"wp:attachment":[{"href":"https:\/\/e-zfk.pl\/de\/wp-json\/wp\/v2\/media?parent=279"}],"wp:term":[{"taxonomy":"product_cat","embeddable":true,"href":"https:\/\/e-zfk.pl\/de\/wp-json\/wp\/v2\/product_cat?post=279"},{"taxonomy":"product_tag","embeddable":true,"href":"https:\/\/e-zfk.pl\/de\/wp-json\/wp\/v2\/product_tag?post=279"}],"curies":[{"name":"wp","href":"https:\/\/api.w.org\/{rel}","templated":true}]}}