{"id":294,"date":"2023-04-18T11:56:11","date_gmt":"2023-04-18T09:56:11","guid":{"rendered":"https:\/\/e-zfk.pl\/shop\/bez-kategorii\/mn-06-171-11-rekawice-ze-skory-bydlecej-xxl\/"},"modified":"2023-06-20T11:46:54","modified_gmt":"2023-06-20T09:46:54","slug":"mn-06-171-11-rekawice-ze-skory-bydlecej-xxl","status":"publish","type":"product","link":"https:\/\/e-zfk.pl\/de\/shop\/bhp\/rekawice\/mn-06-171-11-rekawice-ze-skory-bydlecej-xxl\/","title":{"rendered":"MN-06-171\/11 RINDSLEDERHANDSCHUHE XXL"},"content":{"rendered":"<h3>Merkmale und Vorteile<\/h3>\n<ul class=\"style-check\">\n<li>Versteifte und gummierte Manschette bietet Schutz f\u00fcr das Handgelenk<\/li>\n<li>Innen weiches Futter f\u00fcr mehr Komfort<\/li>\n<li>Hergestellt aus Denim, verst\u00e4rkt mit Rindsleder f\u00fcr hohe Abriebfestigkeit<\/li>\n<li>Doppelt gen\u00e4ht f\u00fcr erh\u00f6hte Rei\u00dffestigkeit<\/li>\n<li>Oberteil aus Stoff f\u00fcr mehr Komfort<\/li>\n<li><a href=\"https:\/\/e-zfk.pl\/wp-content\/uploads\/2023\/04\/34666.MODECO-EXPERT.PL_.MN-06-171-LINED-COWHIDE-GLOVES-LUX.pdf\">PRODUKTKARTE<\/a><\/li>\n<\/ul>","protected":false},"excerpt":{"rendered":"<p>HANDSCHUHE<\/p>","protected":false},"featured_media":1905,"comment_status":"closed","ping_status":"closed","template":"","meta":{"om_disable_all_campaigns":false,"inline_featured_image":false,"_monsterinsights_skip_tracking":false,"_monsterinsights_sitenote_active":false,"_monsterinsights_sitenote_note":"","_monsterinsights_sitenote_category":0,"_uf_show_specific_survey":0,"_uf_disable_surveys":false},"product_cat":[46,59],"product_tag":[],"class_list":["post-294","product","type-product","status-publish","has-post-thumbnail","hentry","product_cat-bhp","product_cat-rekawice"],"aioseo_notices":[],"_links":{"self":[{"href":"https:\/\/e-zfk.pl\/de\/wp-json\/wp\/v2\/product\/294","targetHints":{"allow":["GET"]}}],"collection":[{"href":"https:\/\/e-zfk.pl\/de\/wp-json\/wp\/v2\/product"}],"about":[{"href":"https:\/\/e-zfk.pl\/de\/wp-json\/wp\/v2\/types\/product"}],"replies":[{"embeddable":true,"href":"https:\/\/e-zfk.pl\/de\/wp-json\/wp\/v2\/comments?post=294"}],"wp:featuredmedia":[{"embeddable":true,"href":"https:\/\/e-zfk.pl\/de\/wp-json\/wp\/v2\/media\/1905"}],"wp:attachment":[{"href":"https:\/\/e-zfk.pl\/de\/wp-json\/wp\/v2\/media?parent=294"}],"wp:term":[{"taxonomy":"product_cat","embeddable":true,"href":"https:\/\/e-zfk.pl\/de\/wp-json\/wp\/v2\/product_cat?post=294"},{"taxonomy":"product_tag","embeddable":true,"href":"https:\/\/e-zfk.pl\/de\/wp-json\/wp\/v2\/product_tag?post=294"}],"curies":[{"name":"wp","href":"https:\/\/api.w.org\/{rel}","templated":true}]}}