{"id":296,"date":"2023-04-18T11:56:15","date_gmt":"2023-04-18T09:56:15","guid":{"rendered":"https:\/\/e-zfk.pl\/shop\/bez-kategorii\/mn-06-220-rekawice-poliestrowe-czarne\/"},"modified":"2023-06-20T11:46:31","modified_gmt":"2023-06-20T09:46:31","slug":"mn-06-220-rekawice-poliestrowe-czarne","status":"publish","type":"product","link":"https:\/\/e-zfk.pl\/de\/shop\/bhp\/rekawice\/mn-06-220-rekawice-poliestrowe-czarne\/","title":{"rendered":"MN-06-220 POLYESTER-HANDSCHUHE SCHWARZ"},"content":{"rendered":"<h3>Merkmale und Vorteile<\/h3>\n<ul class=\"style-check\">\n<li>Hergestellt aus feinem Polyestergarn f\u00fcr verbesserte Griffpr\u00e4zision<\/li>\n<li>Nahtloses Design sch\u00fctzt die Haut vor Irritationen<\/li>\n<li>Beschichtet mit gesch\u00e4umtem Latex f\u00fcr erh\u00f6hte Abrieb- und Rei\u00dffestigkeit<\/li>\n<li>Welt-Finish verhindert das Abrutschen der Handschuhe w\u00e4hrend der Arbeit<\/li>\n<li><a href=\"https:\/\/e-zfk.pl\/wp-content\/uploads\/2023\/04\/69178.MODECO-EXPERT.PL_.MN-06-220-GLOVES-1.pdf\">PRODUKTKARTE<\/a><\/li>\n<\/ul>","protected":false},"excerpt":{"rendered":"<p>HANDSCHUHE<\/p>","protected":false},"featured_media":1896,"comment_status":"closed","ping_status":"closed","template":"","meta":{"om_disable_all_campaigns":false,"inline_featured_image":false,"_monsterinsights_skip_tracking":false,"_monsterinsights_sitenote_active":false,"_monsterinsights_sitenote_note":"","_monsterinsights_sitenote_category":0,"_uf_show_specific_survey":0,"_uf_disable_surveys":false},"product_cat":[46,59],"product_tag":[],"class_list":["post-296","product","type-product","status-publish","has-post-thumbnail","hentry","product_cat-bhp","product_cat-rekawice"],"aioseo_notices":[],"_links":{"self":[{"href":"https:\/\/e-zfk.pl\/de\/wp-json\/wp\/v2\/product\/296","targetHints":{"allow":["GET"]}}],"collection":[{"href":"https:\/\/e-zfk.pl\/de\/wp-json\/wp\/v2\/product"}],"about":[{"href":"https:\/\/e-zfk.pl\/de\/wp-json\/wp\/v2\/types\/product"}],"replies":[{"embeddable":true,"href":"https:\/\/e-zfk.pl\/de\/wp-json\/wp\/v2\/comments?post=296"}],"wp:featuredmedia":[{"embeddable":true,"href":"https:\/\/e-zfk.pl\/de\/wp-json\/wp\/v2\/media\/1896"}],"wp:attachment":[{"href":"https:\/\/e-zfk.pl\/de\/wp-json\/wp\/v2\/media?parent=296"}],"wp:term":[{"taxonomy":"product_cat","embeddable":true,"href":"https:\/\/e-zfk.pl\/de\/wp-json\/wp\/v2\/product_cat?post=296"},{"taxonomy":"product_tag","embeddable":true,"href":"https:\/\/e-zfk.pl\/de\/wp-json\/wp\/v2\/product_tag?post=296"}],"curies":[{"name":"wp","href":"https:\/\/api.w.org\/{rel}","templated":true}]}}