{"id":299,"date":"2023-04-18T11:56:21","date_gmt":"2023-04-18T09:56:21","guid":{"rendered":"https:\/\/e-zfk.pl\/shop\/bez-kategorii\/mn-11-022-komplet-wkretakow-x26\/"},"modified":"2023-06-20T11:45:43","modified_gmt":"2023-06-20T09:45:43","slug":"mn-11-022-komplet-wkretakow-x26","status":"publish","type":"product","link":"https:\/\/e-zfk.pl\/de\/shop\/narzedzia-reczne\/wkretaki\/mn-11-022-komplet-wkretakow-x26\/","title":{"rendered":"MN-11-022 SCHRAUBENDREHER-SATZ X26"},"content":{"rendered":"<div class=\"mpof_ki myre_zn myre_8v_l _0d3bd_SI-b1\">\n<div class=\"mp4t_16_s mryx_16_s mr3m_1 mli2_1 mh85_56 mh85_0_l\">\n<div class=\"mgn2_16 _0d3bd_r3bCg\">\n<p><b>Merkmale und Vorteile<\/b><\/p>\n<ul>\n<li>Ergonomischer Zweikomponenten-Gummigriff verhindert, dass der Schraubendreher w\u00e4hrend der Arbeit aus der Hand rutscht<\/li>\n<li>Klinge aus Chrom-Vanadium-Stahl f\u00fcr eine lange Lebensdauer<\/li>\n<li>Schraubendreher mit Ratsche f\u00fcr pr\u00e4ziseres Arbeiten erm\u00f6glicht die Verwendung verschiedener im Set enthaltener Klingentypen<\/li>\n<\/ul>\n<p><b>Anmeldung<\/b><\/p>\n<ul>\n<li>Konzipiert f\u00fcr Schraub- und Schraubarbeiten in allen Bereichen des Bauwesens, der Installation, des Tischlerhandwerks und der Mechanik<\/li>\n<\/ul>\n<p><b>Ausr\u00fcstung<\/b><\/p>\n<ul>\n<li>1\/4-Zoll-Ratschenschraubendreher<\/li>\n<li>Schraubendreher PH2X150mm<\/li>\n<li>Schraubendreher PH1X75mm<\/li>\n<li>Schraubendreher PH0X75mm<\/li>\n<li>P\u00b3 4X75mm Schraubendreher<\/li>\n<li>P\u00b3 3X75mm Schraubendreher<\/li>\n<li>PLATFORMWERKZEUGE: 3,4,5,6mm<\/li>\n<li>PHILIPS-Pfeilspitzen: PH0,PH1,PH2X2,PH3<\/li>\n<li>POZIDRIVE-Pfeilspitzen: PZ0,PZ1,PZ2X2,PZ3<\/li>\n<li>TORX-Klingen: T10,T15,T20,T25,T30,T40<\/li>\n<\/ul>\n<\/div>\n<\/div>\n<div class=\"mp4t_16_s mryx_16_s mr3m_1 mli2_1 mh85_56 mh85_0_l\">\n<div class=\"mg9e_8 mg9e_0_s mvrt_0_s mj7a_8 mj7a_0_s mh36_0_s mzmg_6m munh_16_l m3h2_16_l\">\n<div class=\"mp4t_0 mryx_0 munh_56 m3h2_56\">\n<div class=\"mp7g_oh\"><\/div>\n<\/div>\n<\/div>\n<\/div>\n<\/div>\n<div class=\"mpof_ki myre_zn myre_8v_l _0d3bd_SI-b1\">\n<div class=\"mp4t_16_s mryx_16_s mr3m_1 mli2_1 mh85_56 mh85_0_l\">\n<div class=\"mg9e_8 mg9e_0_s mvrt_0_s mj7a_8 mj7a_0_s mh36_0_s mzmg_6m munh_16_l m3h2_16_l\">\n<div class=\"mp4t_0 mryx_0 munh_56 m3h2_56\"><\/div>\n<\/div>\n<\/div>\n<\/div>","protected":false},"excerpt":{"rendered":"<p>SATZ SCHRAUBENDREHER<\/p>","protected":false},"featured_media":1890,"comment_status":"closed","ping_status":"closed","template":"","meta":{"om_disable_all_campaigns":false,"inline_featured_image":false,"_monsterinsights_skip_tracking":false,"_monsterinsights_sitenote_active":false,"_monsterinsights_sitenote_note":"","_monsterinsights_sitenote_category":0,"_uf_show_specific_survey":0,"_uf_disable_surveys":false},"product_cat":[34,18],"product_tag":[],"class_list":["post-299","product","type-product","status-publish","has-post-thumbnail","hentry","product_cat-wkretaki","product_cat-narzedzia-reczne"],"aioseo_notices":[],"_links":{"self":[{"href":"https:\/\/e-zfk.pl\/de\/wp-json\/wp\/v2\/product\/299","targetHints":{"allow":["GET"]}}],"collection":[{"href":"https:\/\/e-zfk.pl\/de\/wp-json\/wp\/v2\/product"}],"about":[{"href":"https:\/\/e-zfk.pl\/de\/wp-json\/wp\/v2\/types\/product"}],"replies":[{"embeddable":true,"href":"https:\/\/e-zfk.pl\/de\/wp-json\/wp\/v2\/comments?post=299"}],"wp:featuredmedia":[{"embeddable":true,"href":"https:\/\/e-zfk.pl\/de\/wp-json\/wp\/v2\/media\/1890"}],"wp:attachment":[{"href":"https:\/\/e-zfk.pl\/de\/wp-json\/wp\/v2\/media?parent=299"}],"wp:term":[{"taxonomy":"product_cat","embeddable":true,"href":"https:\/\/e-zfk.pl\/de\/wp-json\/wp\/v2\/product_cat?post=299"},{"taxonomy":"product_tag","embeddable":true,"href":"https:\/\/e-zfk.pl\/de\/wp-json\/wp\/v2\/product_tag?post=299"}],"curies":[{"name":"wp","href":"https:\/\/api.w.org\/{rel}","templated":true}]}}