{"id":400,"date":"2023-04-18T11:59:44","date_gmt":"2023-04-18T09:59:44","guid":{"rendered":"https:\/\/e-zfk.pl\/shop\/bez-kategorii\/mn-74-210-kielenka-sztukatorska-60mm\/"},"modified":"2023-06-20T09:59:27","modified_gmt":"2023-06-20T07:59:27","slug":"mn-74-210-kielenka-sztukatorska-60mm","status":"publish","type":"product","link":"https:\/\/e-zfk.pl\/de\/shop\/narzedzia-reczne\/szpachle-pace-noze\/mn-74-210-kielenka-sztukatorska-60mm\/","title":{"rendered":"MN-74-210 STUCKATEURKELLE 60MM"},"content":{"rendered":"<h3>Merkmale und Vorteile<\/h3>\n<ul class=\"style-check\">\n<li>Der Zwei-Komponenten-Griff bietet einen festen und ergonomischen Halt<\/li>\n<li>Konstruktion aus rostfreiem Stahl f\u00fcr Korrosionsbest\u00e4ndigkeit<\/li>\n<li>Die Vier-Punkt-Schwei\u00dfung garantiert die Festigkeit der Arbeitsplatte<\/li>\n<li>Befestigungsstange f\u00fcr Tischplatte aus s\u00e4urebest\u00e4ndigem Stahl f\u00fcr Korrosionsbest\u00e4ndigkeit<\/li>\n<li><a href=\"https:\/\/e-zfk.pl\/wp-content\/uploads\/2023\/04\/154972.MODECO-EXPERT.PL_.MN-74-21-STAINLESS-STEEL-TROWELS-FOR-PLASTER-WITH-2-COMPONENT-HANDLE.pdf\">PRODUKTKARTE<\/a><\/li>\n<\/ul>","protected":false},"excerpt":{"rendered":"<p>KIELENKA<\/p>","protected":false},"featured_media":1668,"comment_status":"closed","ping_status":"closed","template":"","meta":{"om_disable_all_campaigns":false,"inline_featured_image":false,"_monsterinsights_skip_tracking":false,"_monsterinsights_sitenote_active":false,"_monsterinsights_sitenote_note":"","_monsterinsights_sitenote_category":0,"_uf_show_specific_survey":0,"_uf_disable_surveys":false},"product_cat":[53,18],"product_tag":[],"class_list":["post-400","product","type-product","status-publish","has-post-thumbnail","hentry","product_cat-szpachle-pace-noze","product_cat-narzedzia-reczne"],"aioseo_notices":[],"_links":{"self":[{"href":"https:\/\/e-zfk.pl\/de\/wp-json\/wp\/v2\/product\/400","targetHints":{"allow":["GET"]}}],"collection":[{"href":"https:\/\/e-zfk.pl\/de\/wp-json\/wp\/v2\/product"}],"about":[{"href":"https:\/\/e-zfk.pl\/de\/wp-json\/wp\/v2\/types\/product"}],"replies":[{"embeddable":true,"href":"https:\/\/e-zfk.pl\/de\/wp-json\/wp\/v2\/comments?post=400"}],"wp:featuredmedia":[{"embeddable":true,"href":"https:\/\/e-zfk.pl\/de\/wp-json\/wp\/v2\/media\/1668"}],"wp:attachment":[{"href":"https:\/\/e-zfk.pl\/de\/wp-json\/wp\/v2\/media?parent=400"}],"wp:term":[{"taxonomy":"product_cat","embeddable":true,"href":"https:\/\/e-zfk.pl\/de\/wp-json\/wp\/v2\/product_cat?post=400"},{"taxonomy":"product_tag","embeddable":true,"href":"https:\/\/e-zfk.pl\/de\/wp-json\/wp\/v2\/product_tag?post=400"}],"curies":[{"name":"wp","href":"https:\/\/api.w.org\/{rel}","templated":true}]}}