{"id":403,"date":"2023-04-18T11:59:53","date_gmt":"2023-04-18T09:59:53","guid":{"rendered":"https:\/\/e-zfk.pl\/shop\/bez-kategorii\/mn-74-320-kielnia-do-plytek\/"},"modified":"2023-06-20T09:58:46","modified_gmt":"2023-06-20T07:58:46","slug":"mn-74-320-kielnia-do-plytek","status":"publish","type":"product","link":"https:\/\/e-zfk.pl\/de\/shop\/narzedzia-reczne\/szpachle-pace-noze\/mn-74-320-kielnia-do-plytek\/","title":{"rendered":"MN-74-320 GL\u00c4TTEKELLE F\u00dcR FLIESEN"},"content":{"rendered":"<h3>Merkmale und Vorteile<\/h3>\n<ul class=\"style-check\">\n<li>Konstruktion aus rostfreiem Stahl f\u00fcr Korrosionsbest\u00e4ndigkeit<\/li>\n<li>Befestigungsstange f\u00fcr Tischplatte aus s\u00e4urebest\u00e4ndigem Stahl f\u00fcr Korrosionsbest\u00e4ndigkeit<\/li>\n<li>Handgriff aus Massivholz erh\u00f6ht den Arbeitskomfort<\/li>\n<li>Die geschliffene Oberfl\u00e4che verhindert das Abrutschen des M\u00f6rtels und sorgt f\u00fcr Elastizit\u00e4t<\/li>\n<li>Hochwertige Edelstahlschwei\u00dfn\u00e4hte sorgen f\u00fcr eine dauerhafte Verbindung zwischen Griff und Tischplatte<\/li>\n<li><a href=\"https:\/\/e-zfk.pl\/wp-content\/uploads\/2023\/04\/34070.MODECO-EXPERT.PL_.MN-74-31-STAINLESS-STEEL-TROWELS-FOR-PLASTER-WITH-WELDED-HANDLE.pdf\">PRODUKTKARTE<\/a><\/li>\n<\/ul>","protected":false},"excerpt":{"rendered":"<p>KIELNIA<\/p>","protected":false},"featured_media":1665,"comment_status":"closed","ping_status":"closed","template":"","meta":{"om_disable_all_campaigns":false,"inline_featured_image":false,"_monsterinsights_skip_tracking":false,"_monsterinsights_sitenote_active":false,"_monsterinsights_sitenote_note":"","_monsterinsights_sitenote_category":0,"_uf_show_specific_survey":0,"_uf_disable_surveys":false},"product_cat":[53,18],"product_tag":[],"class_list":["post-403","product","type-product","status-publish","has-post-thumbnail","hentry","product_cat-szpachle-pace-noze","product_cat-narzedzia-reczne"],"aioseo_notices":[],"_links":{"self":[{"href":"https:\/\/e-zfk.pl\/de\/wp-json\/wp\/v2\/product\/403","targetHints":{"allow":["GET"]}}],"collection":[{"href":"https:\/\/e-zfk.pl\/de\/wp-json\/wp\/v2\/product"}],"about":[{"href":"https:\/\/e-zfk.pl\/de\/wp-json\/wp\/v2\/types\/product"}],"replies":[{"embeddable":true,"href":"https:\/\/e-zfk.pl\/de\/wp-json\/wp\/v2\/comments?post=403"}],"wp:featuredmedia":[{"embeddable":true,"href":"https:\/\/e-zfk.pl\/de\/wp-json\/wp\/v2\/media\/1665"}],"wp:attachment":[{"href":"https:\/\/e-zfk.pl\/de\/wp-json\/wp\/v2\/media?parent=403"}],"wp:term":[{"taxonomy":"product_cat","embeddable":true,"href":"https:\/\/e-zfk.pl\/de\/wp-json\/wp\/v2\/product_cat?post=403"},{"taxonomy":"product_tag","embeddable":true,"href":"https:\/\/e-zfk.pl\/de\/wp-json\/wp\/v2\/product_tag?post=403"}],"curies":[{"name":"wp","href":"https:\/\/api.w.org\/{rel}","templated":true}]}}