{"id":408,"date":"2023-04-18T12:00:07","date_gmt":"2023-04-18T10:00:07","guid":{"rendered":"https:\/\/e-zfk.pl\/shop\/bez-kategorii\/mn-76-225-otwornica-diamentowa-25mm\/"},"modified":"2023-06-20T09:57:25","modified_gmt":"2023-06-20T07:57:25","slug":"mn-76-225-otwornica-diamentowa-25mm","status":"publish","type":"product","link":"https:\/\/e-zfk.pl\/de\/shop\/akcesoria-do-elektronarzedzi\/otwornice\/mn-76-225-otwornica-diamentowa-25mm\/","title":{"rendered":"MN-76-225 DIAMANTENBOHRUNG 25mm"},"content":{"rendered":"<h3>Merkmale und Vorteile<\/h3>\n<ul class=\"style-check\">\n<li>Ideal zum Bohren von L\u00f6chern in sehr harten Oberfl\u00e4chenmaterialien.<\/li>\n<li>Festigkeit, Haltbarkeit und hohe Qualit\u00e4t dank der vakuumgel\u00f6teten Technologie.<\/li>\n<li>Trockenes Bohren dank des Wachses im Inneren der Lochs\u00e4gen, das w\u00e4hrend des Bohrens schmilzt und den Diamant-Arbeitsteil k\u00fchlt.<\/li>\n<li>Griff mit M14-Gewinde passt zu Winkelschleifern (in MN-76-294 HEX-Futter)<\/li>\n<li>Pr\u00e4zises Anbohren, damit das Loch glatte Kanten ohne Risse, Absplitterungen oder Splitter aufweist.<\/li>\n<li>Hohe Bohrleistung auch in sehr harten Materialien dank der robusten und reinen Diamant-K\u00f6rper-Vakuum-Bindung, die die Best\u00e4ndigkeit gegen hohe Temperaturen und Reibung erh\u00f6ht.<\/li>\n<li>Max. 12.000 U\/min erm\u00f6glichen die Verwendung mit den meisten Winkelschleifern (MN-76-294 max. 3.200 U\/min)<\/li>\n<li>Der K\u00f6rper aus robustem Stahl bricht beim Bohren auch bei kleinen Durchmessern nicht und garantiert eine lange Lebensdauer.<\/li>\n<li><a href=\"https:\/\/e-zfk.pl\/wp-content\/uploads\/2023\/04\/138248.MODECO-EXPERT.PL_.MN-76-2-DIAMOND-HOLE-SAW-M14-RPM-MAX.-12000.pdf\">PRODUKTKARTE<\/a><\/li>\n<\/ul>","protected":false},"excerpt":{"rendered":"<p>OPENER<\/p>","protected":false},"featured_media":1649,"comment_status":"closed","ping_status":"closed","template":"","meta":{"om_disable_all_campaigns":false,"inline_featured_image":false,"_monsterinsights_skip_tracking":false,"_monsterinsights_sitenote_active":false,"_monsterinsights_sitenote_note":"","_monsterinsights_sitenote_category":0,"_uf_show_specific_survey":0,"_uf_disable_surveys":false},"product_cat":[33,17],"product_tag":[],"class_list":["post-408","product","type-product","status-publish","has-post-thumbnail","hentry","product_cat-otwornice","product_cat-akcesoria-do-elektronarzedzi"],"aioseo_notices":[],"_links":{"self":[{"href":"https:\/\/e-zfk.pl\/de\/wp-json\/wp\/v2\/product\/408","targetHints":{"allow":["GET"]}}],"collection":[{"href":"https:\/\/e-zfk.pl\/de\/wp-json\/wp\/v2\/product"}],"about":[{"href":"https:\/\/e-zfk.pl\/de\/wp-json\/wp\/v2\/types\/product"}],"replies":[{"embeddable":true,"href":"https:\/\/e-zfk.pl\/de\/wp-json\/wp\/v2\/comments?post=408"}],"wp:featuredmedia":[{"embeddable":true,"href":"https:\/\/e-zfk.pl\/de\/wp-json\/wp\/v2\/media\/1649"}],"wp:attachment":[{"href":"https:\/\/e-zfk.pl\/de\/wp-json\/wp\/v2\/media?parent=408"}],"wp:term":[{"taxonomy":"product_cat","embeddable":true,"href":"https:\/\/e-zfk.pl\/de\/wp-json\/wp\/v2\/product_cat?post=408"},{"taxonomy":"product_tag","embeddable":true,"href":"https:\/\/e-zfk.pl\/de\/wp-json\/wp\/v2\/product_tag?post=408"}],"curies":[{"name":"wp","href":"https:\/\/api.w.org\/{rel}","templated":true}]}}