{"id":418,"date":"2023-04-18T12:00:36","date_gmt":"2023-04-18T10:00:36","guid":{"rendered":"https:\/\/e-zfk.pl\/shop\/bez-kategorii\/mn-79-018-traser\/"},"modified":"2023-06-20T09:52:38","modified_gmt":"2023-06-20T07:52:38","slug":"mn-79-018-traser","status":"publish","type":"product","link":"https:\/\/e-zfk.pl\/de\/shop\/narzedzia-reczne\/tasmy-miernicze\/mn-79-018-traser\/","title":{"rendered":"MN-79-018 TASTER"},"content":{"rendered":"<h3>Merkmale und Vorteile<\/h3>\n<ul class=\"style-check\">\n<li>Geh\u00e4use aus hochwertigem Zweikomponenten-Kunststoff f\u00fcr hohe Widerstandsf\u00e4higkeit und komfortable Nutzung<\/li>\n<li>Spezieller Mechanismus zur schnellen R\u00fcckf\u00fchrung der Schnur beschleunigt die Arbeit<\/li>\n<li><a href=\"https:\/\/e-zfk.pl\/wp-content\/uploads\/2023\/04\/34180.MODECO-EXPERT.PL_.MN-79-018-PAINTERS-LINE-30M-WITH-CHALK.pdf\">PRODUKTKARTE<\/a><\/li>\n<\/ul>","protected":false},"excerpt":{"rendered":"<p>TALKUM-GEF\u00dcLLTES MAURER-SEIL<\/p>","protected":false},"featured_media":1635,"comment_status":"closed","ping_status":"closed","template":"","meta":{"om_disable_all_campaigns":false,"inline_featured_image":false,"_monsterinsights_skip_tracking":false,"_monsterinsights_sitenote_active":false,"_monsterinsights_sitenote_note":"","_monsterinsights_sitenote_category":0,"_uf_show_specific_survey":0,"_uf_disable_surveys":false},"product_cat":[50,35,18],"product_tag":[],"class_list":["post-418","product","type-product","status-publish","has-post-thumbnail","hentry","product_cat-pozostale","product_cat-tasmy-miernicze","product_cat-narzedzia-reczne"],"aioseo_notices":[],"_links":{"self":[{"href":"https:\/\/e-zfk.pl\/de\/wp-json\/wp\/v2\/product\/418","targetHints":{"allow":["GET"]}}],"collection":[{"href":"https:\/\/e-zfk.pl\/de\/wp-json\/wp\/v2\/product"}],"about":[{"href":"https:\/\/e-zfk.pl\/de\/wp-json\/wp\/v2\/types\/product"}],"replies":[{"embeddable":true,"href":"https:\/\/e-zfk.pl\/de\/wp-json\/wp\/v2\/comments?post=418"}],"wp:featuredmedia":[{"embeddable":true,"href":"https:\/\/e-zfk.pl\/de\/wp-json\/wp\/v2\/media\/1635"}],"wp:attachment":[{"href":"https:\/\/e-zfk.pl\/de\/wp-json\/wp\/v2\/media?parent=418"}],"wp:term":[{"taxonomy":"product_cat","embeddable":true,"href":"https:\/\/e-zfk.pl\/de\/wp-json\/wp\/v2\/product_cat?post=418"},{"taxonomy":"product_tag","embeddable":true,"href":"https:\/\/e-zfk.pl\/de\/wp-json\/wp\/v2\/product_tag?post=418"}],"curies":[{"name":"wp","href":"https:\/\/api.w.org\/{rel}","templated":true}]}}