{"id":429,"date":"2023-04-18T12:01:03","date_gmt":"2023-04-18T10:01:03","guid":{"rendered":"https:\/\/e-zfk.pl\/shop\/bez-kategorii\/mn-80-212-miara-skladana-drewniana-2m\/"},"modified":"2023-06-20T09:46:32","modified_gmt":"2023-06-20T07:46:32","slug":"mn-80-212-miara-skladana-drewniana-2m","status":"publish","type":"product","link":"https:\/\/e-zfk.pl\/de\/shop\/narzedzia-reczne\/tasmy-miernicze\/mn-80-212-miara-skladana-drewniana-2m\/","title":{"rendered":"MN-80-212 FALTBARES HOLZMASSBAND 2M"},"content":{"rendered":"<h3>Merkmale und Vorteile<\/h3>\n<ul class=\"style-check\">\n<li>Genauigkeitsklasse III bedeutet, dass die Skala auf dem Ma\u00dfband eine Toleranz von \u00b11,4 mm\/2 m Nennl\u00e4nge aufweist<\/li>\n<li>Hergestellt aus abgelagertem, hochwertigem Buchenholz f\u00fcr eine lange Produktlebensdauer<\/li>\n<li>Die lackierte Beschichtung erh\u00f6ht die Witterungsbest\u00e4ndigkeit und sch\u00fctzt vor Abrieb des Spielfeldes<br \/>\n<h3><a href=\"https:\/\/e-zfk.pl\/wp-content\/uploads\/2023\/04\/69161.MODECO-EXPERT.PL_.MN-80-212-WOODEN-FOLDING-RULE.pdf\">PRODUKTKARTE<\/a><\/h3>\n<\/li>\n<\/ul>","protected":false},"excerpt":{"rendered":"<p>FALZMASSNAHME<\/p>","protected":false},"featured_media":1614,"comment_status":"closed","ping_status":"closed","template":"","meta":{"om_disable_all_campaigns":false,"inline_featured_image":false,"_monsterinsights_skip_tracking":false,"_monsterinsights_sitenote_active":false,"_monsterinsights_sitenote_note":"","_monsterinsights_sitenote_category":0,"_uf_show_specific_survey":0,"_uf_disable_surveys":false},"product_cat":[35,18],"product_tag":[],"class_list":["post-429","product","type-product","status-publish","has-post-thumbnail","hentry","product_cat-tasmy-miernicze","product_cat-narzedzia-reczne"],"aioseo_notices":[],"_links":{"self":[{"href":"https:\/\/e-zfk.pl\/de\/wp-json\/wp\/v2\/product\/429","targetHints":{"allow":["GET"]}}],"collection":[{"href":"https:\/\/e-zfk.pl\/de\/wp-json\/wp\/v2\/product"}],"about":[{"href":"https:\/\/e-zfk.pl\/de\/wp-json\/wp\/v2\/types\/product"}],"replies":[{"embeddable":true,"href":"https:\/\/e-zfk.pl\/de\/wp-json\/wp\/v2\/comments?post=429"}],"wp:featuredmedia":[{"embeddable":true,"href":"https:\/\/e-zfk.pl\/de\/wp-json\/wp\/v2\/media\/1614"}],"wp:attachment":[{"href":"https:\/\/e-zfk.pl\/de\/wp-json\/wp\/v2\/media?parent=429"}],"wp:term":[{"taxonomy":"product_cat","embeddable":true,"href":"https:\/\/e-zfk.pl\/de\/wp-json\/wp\/v2\/product_cat?post=429"},{"taxonomy":"product_tag","embeddable":true,"href":"https:\/\/e-zfk.pl\/de\/wp-json\/wp\/v2\/product_tag?post=429"}],"curies":[{"name":"wp","href":"https:\/\/api.w.org\/{rel}","templated":true}]}}