{"id":430,"date":"2023-04-18T12:01:07","date_gmt":"2023-04-18T10:01:07","guid":{"rendered":"https:\/\/e-zfk.pl\/shop\/bez-kategorii\/mn-81-132-miara-2m-16mm\/"},"modified":"2023-06-20T09:46:13","modified_gmt":"2023-06-20T07:46:13","slug":"mn-81-132-miara-2m-16mm","status":"publish","type":"product","link":"https:\/\/e-zfk.pl\/de\/shop\/narzedzia-reczne\/tasmy-miernicze\/mn-81-132-miara-2m-16mm\/","title":{"rendered":"MN-81-132 MASS 2M\/16MM"},"content":{"rendered":"<h3>Merkmale und Vorteile<\/h3>\n<ul class=\"style-check\">\n<li>Die Messung entspricht den EU-Normen nach Genauigkeitsklasse II (Messfehler darf +\/-0,7 mm pro 2 m betragen)<\/li>\n<li>Das gelbe Stahlband ist bei den Messungen gut sichtbar<\/li>\n<li>Zwei Nieten an der Messlasche erh\u00f6hen die Haltbarkeit<\/li>\n<li>Zwei alternative Bandstoppmechanismen erh\u00f6hen die Funktionalit\u00e4t der Ma\u00dfnahme<\/li>\n<li>Gummierte H\u00fclle verhindert das Abrutschen des Messger\u00e4ts aus der Hand<\/li>\n<li>Der Befestigungsclip erleichtert den Transport<\/li>\n<li>Der breite Gurt sorgt f\u00fcr die Steifigkeit des Produkts, so dass es bequem \u00fcber l\u00e4ngere Strecken gemessen werden kann.<\/li>\n<li><a href=\"https:\/\/e-zfk.pl\/wp-content\/uploads\/2023\/04\/33940.MODECO-EXPERT.PL_.MN-81-13-TAPE-RULES-FRIENDLY-GRIP.pdf\">PRODUKTKARTE<\/a><\/li>\n<\/ul>","protected":false},"excerpt":{"rendered":"<p>MASSNAHMEN<\/p>","protected":false},"featured_media":1609,"comment_status":"closed","ping_status":"closed","template":"","meta":{"om_disable_all_campaigns":false,"inline_featured_image":false,"_monsterinsights_skip_tracking":false,"_monsterinsights_sitenote_active":false,"_monsterinsights_sitenote_note":"","_monsterinsights_sitenote_category":0,"_uf_show_specific_survey":0,"_uf_disable_surveys":false},"product_cat":[35,18],"product_tag":[],"class_list":["post-430","product","type-product","status-publish","has-post-thumbnail","hentry","product_cat-tasmy-miernicze","product_cat-narzedzia-reczne"],"aioseo_notices":[],"_links":{"self":[{"href":"https:\/\/e-zfk.pl\/de\/wp-json\/wp\/v2\/product\/430","targetHints":{"allow":["GET"]}}],"collection":[{"href":"https:\/\/e-zfk.pl\/de\/wp-json\/wp\/v2\/product"}],"about":[{"href":"https:\/\/e-zfk.pl\/de\/wp-json\/wp\/v2\/types\/product"}],"replies":[{"embeddable":true,"href":"https:\/\/e-zfk.pl\/de\/wp-json\/wp\/v2\/comments?post=430"}],"wp:featuredmedia":[{"embeddable":true,"href":"https:\/\/e-zfk.pl\/de\/wp-json\/wp\/v2\/media\/1609"}],"wp:attachment":[{"href":"https:\/\/e-zfk.pl\/de\/wp-json\/wp\/v2\/media?parent=430"}],"wp:term":[{"taxonomy":"product_cat","embeddable":true,"href":"https:\/\/e-zfk.pl\/de\/wp-json\/wp\/v2\/product_cat?post=430"},{"taxonomy":"product_tag","embeddable":true,"href":"https:\/\/e-zfk.pl\/de\/wp-json\/wp\/v2\/product_tag?post=430"}],"curies":[{"name":"wp","href":"https:\/\/api.w.org\/{rel}","templated":true}]}}