{"id":436,"date":"2023-04-18T12:01:17","date_gmt":"2023-04-18T10:01:17","guid":{"rendered":"https:\/\/e-zfk.pl\/shop\/bez-kategorii\/mn-81-203-3m-chrom\/"},"modified":"2023-06-20T09:44:32","modified_gmt":"2023-06-20T07:44:32","slug":"mn-81-203-3m-chrom","status":"publish","type":"product","link":"https:\/\/e-zfk.pl\/de\/shop\/narzedzia-reczne\/tasmy-miernicze\/mn-81-203-3m-chrom\/","title":{"rendered":"MN-81-203 3m CHROME"},"content":{"rendered":"<h3>Merkmale und Vorteile<\/h3>\n<ul class=\"style-check\">\n<li>Die Messung erf\u00fcllt die strengen Bedingungen der EU-Normen nach der Genauigkeitsklasse I (Messfehler darf +-0,3mm pro 2m betragen)<\/li>\n<li>Das wei\u00dfe Ma\u00dfband ist bei den Messungen gut sichtbar<\/li>\n<li>Eine spezielle zus\u00e4tzliche Beschichtung des Bandes verl\u00e4ngert seine Lebensdauer und verringert die M\u00f6glichkeit des Abriebs<\/li>\n<li>Die drei Nieten, die das Ma\u00dfband festhalten, verbinden den Clip sicher und dauerhaft mit dem Band.<\/li>\n<li>Gummiertes Geh\u00e4use f\u00fcr erh\u00f6hte Sto\u00dffestigkeit<\/li>\n<li><a href=\"https:\/\/e-zfk.pl\/wp-content\/uploads\/2023\/04\/33936.MODECO-EXPERT.PL_.MN-81-20-TAPE-RULES-PRO-CHROM.pdf\">PRODUKTKARTE<\/a><\/li>\n<\/ul>","protected":false},"excerpt":{"rendered":"<p>MASSNAHMEN<\/p>","protected":false},"featured_media":1599,"comment_status":"closed","ping_status":"closed","template":"","meta":{"om_disable_all_campaigns":false,"inline_featured_image":false,"_monsterinsights_skip_tracking":false,"_monsterinsights_sitenote_active":false,"_monsterinsights_sitenote_note":"","_monsterinsights_sitenote_category":0,"_uf_show_specific_survey":0,"_uf_disable_surveys":false},"product_cat":[35,18],"product_tag":[],"class_list":["post-436","product","type-product","status-publish","has-post-thumbnail","hentry","product_cat-tasmy-miernicze","product_cat-narzedzia-reczne"],"aioseo_notices":[],"_links":{"self":[{"href":"https:\/\/e-zfk.pl\/de\/wp-json\/wp\/v2\/product\/436","targetHints":{"allow":["GET"]}}],"collection":[{"href":"https:\/\/e-zfk.pl\/de\/wp-json\/wp\/v2\/product"}],"about":[{"href":"https:\/\/e-zfk.pl\/de\/wp-json\/wp\/v2\/types\/product"}],"replies":[{"embeddable":true,"href":"https:\/\/e-zfk.pl\/de\/wp-json\/wp\/v2\/comments?post=436"}],"wp:featuredmedia":[{"embeddable":true,"href":"https:\/\/e-zfk.pl\/de\/wp-json\/wp\/v2\/media\/1599"}],"wp:attachment":[{"href":"https:\/\/e-zfk.pl\/de\/wp-json\/wp\/v2\/media?parent=436"}],"wp:term":[{"taxonomy":"product_cat","embeddable":true,"href":"https:\/\/e-zfk.pl\/de\/wp-json\/wp\/v2\/product_cat?post=436"},{"taxonomy":"product_tag","embeddable":true,"href":"https:\/\/e-zfk.pl\/de\/wp-json\/wp\/v2\/product_tag?post=436"}],"curies":[{"name":"wp","href":"https:\/\/api.w.org\/{rel}","templated":true}]}}