{"id":439,"date":"2023-04-18T12:01:24","date_gmt":"2023-04-18T10:01:24","guid":{"rendered":"https:\/\/e-zfk.pl\/shop\/bez-kategorii\/mn-81-232-miara-geodezyjna-30-m\/"},"modified":"2023-06-20T09:42:59","modified_gmt":"2023-06-20T07:42:59","slug":"mn-81-232-miara-geodezyjna-30-m","status":"publish","type":"product","link":"https:\/\/e-zfk.pl\/de\/shop\/narzedzia-reczne\/tasmy-miernicze\/mn-81-232-miara-geodezyjna-30-m\/","title":{"rendered":"MN-81-232 VERMESSUNGSMASSSTAB 30 M"},"content":{"rendered":"<h3>Merkmale und Vorteile<\/h3>\n<ul class=\"style-check\">\n<li>Das Ma\u00dfband entspricht den EU-Normen nach Genauigkeitsklasse II (Messfehler kann +-0,7mm pro 2m betragen)<\/li>\n<li>Langlebiges gelbes Stahlband ist w\u00e4hrend der Messungen gut sichtbar<\/li>\n<li>Ergonomisch gummiertes Zweikomponenten-Geh\u00e4use f\u00fcr erh\u00f6hte Sto\u00dffestigkeit<\/li>\n<li>Ein Kurbelmechanismus erleichtert das Zur\u00fcckziehen des Bandes<\/li>\n<li>Bandschutz und Bandf\u00fchrung aus Stahl, was die Lebensdauer des Bandma\u00dfes erh\u00f6ht<\/li>\n<li><a href=\"https:\/\/e-zfk.pl\/wp-content\/uploads\/2023\/04\/33960.MODECO-EXPERT.PL_.MN-81-2-SURVEYORS-MEASURING-TAPES.pdf\">PRODUKTKARTE<\/a><\/li>\n<\/ul>","protected":false},"excerpt":{"rendered":"<p>VERMESSUNGSMASSNAHME<\/p>","protected":false},"featured_media":1594,"comment_status":"closed","ping_status":"closed","template":"","meta":{"om_disable_all_campaigns":false,"inline_featured_image":false,"_monsterinsights_skip_tracking":false,"_monsterinsights_sitenote_active":false,"_monsterinsights_sitenote_note":"","_monsterinsights_sitenote_category":0,"_uf_show_specific_survey":0,"_uf_disable_surveys":false},"product_cat":[35,18],"product_tag":[],"class_list":["post-439","product","type-product","status-publish","has-post-thumbnail","hentry","product_cat-tasmy-miernicze","product_cat-narzedzia-reczne"],"aioseo_notices":[],"_links":{"self":[{"href":"https:\/\/e-zfk.pl\/de\/wp-json\/wp\/v2\/product\/439","targetHints":{"allow":["GET"]}}],"collection":[{"href":"https:\/\/e-zfk.pl\/de\/wp-json\/wp\/v2\/product"}],"about":[{"href":"https:\/\/e-zfk.pl\/de\/wp-json\/wp\/v2\/types\/product"}],"replies":[{"embeddable":true,"href":"https:\/\/e-zfk.pl\/de\/wp-json\/wp\/v2\/comments?post=439"}],"wp:featuredmedia":[{"embeddable":true,"href":"https:\/\/e-zfk.pl\/de\/wp-json\/wp\/v2\/media\/1594"}],"wp:attachment":[{"href":"https:\/\/e-zfk.pl\/de\/wp-json\/wp\/v2\/media?parent=439"}],"wp:term":[{"taxonomy":"product_cat","embeddable":true,"href":"https:\/\/e-zfk.pl\/de\/wp-json\/wp\/v2\/product_cat?post=439"},{"taxonomy":"product_tag","embeddable":true,"href":"https:\/\/e-zfk.pl\/de\/wp-json\/wp\/v2\/product_tag?post=439"}],"curies":[{"name":"wp","href":"https:\/\/api.w.org\/{rel}","templated":true}]}}