{"id":446,"date":"2023-04-18T12:01:37","date_gmt":"2023-04-18T10:01:37","guid":{"rendered":"https:\/\/e-zfk.pl\/shop\/bez-kategorii\/mn-90-105-mieszarka-1400w-2-biegi-m14\/"},"modified":"2023-06-20T09:36:52","modified_gmt":"2023-06-20T07:36:52","slug":"mn-90-105-mieszarka-1400w-2-biegi-m14","status":"publish","type":"product","link":"https:\/\/e-zfk.pl\/de\/shop\/sprzet-budowlany\/modeco-expert\/mn-90-105-mieszarka-1400w-2-biegi-m14\/","title":{"rendered":"MN-90-105 MISCHER 1400W 2 STUFEN M14"},"content":{"rendered":"<h3>Merkmale und Vorteile<\/h3>\n<ul class=\"style-check\">\n<li>Das Design des Ger\u00e4ts erm\u00f6glicht ein bequemes Arbeiten in aufrechter Position, einen sichereren beidh\u00e4ndigen Griff und eine h\u00f6here Pr\u00e4zision der Arbeit<\/li>\n<li>Richtiges Gleichgewicht verbessert die Kontrolle, was die Arbeit beschleunigt<\/li>\n<li>Gummierter, konturierter Griff f\u00fcr besseren Halt und Komfort<\/li>\n<li>Ergonomisch positionierter Ein\/Aus-Schalter und Einstellknopf f\u00fcr eine einfache Bedienung des Ger\u00e4ts<\/li>\n<li>Der M14-Griff erm\u00f6glicht die Befestigung einer breiten Palette von professionellen Mischern f\u00fcr unterschiedliche Zwecke<\/li>\n<li>Das zweistufige Getriebe und die stufenlose Drehzahlregelung (\u00fcber einen zus\u00e4tzlichen Drehknopf) erm\u00f6glichen die Anpassung der R\u00fchrwerksgeschwindigkeit an die zu mischenden Materialien<\/li>\n<li>Langsamer Start erleichtert den Arbeitsbeginn und verhindert das Versch\u00fctten des Mischgutes<\/li>\n<li>Gummierte Ecken erm\u00f6glichen ein sicheres Ablegen des Ger\u00e4ts und sch\u00fctzen es vor Besch\u00e4digungen<\/li>\n<li>Die Abzugssperre erleichtert den kontinuierlichen Betrieb des Mischers, insbesondere beim Mischen gro\u00dfer Materialmengen<\/li>\n<li>Metallgeh\u00e4use erh\u00f6ht die Haltbarkeit und verbessert die W\u00e4rmeableitung<\/li>\n<li>Red Plug Service garantiert eine schnelle Reparatur eines defekten Werkzeugs dank kostenlosem Kurierversand vom und zum Kunden<\/li>\n<li><a href=\"https:\/\/e-zfk.pl\/wp-content\/uploads\/2023\/04\/69242.MODECO-EXPERT2.PL_.MN-90-105-MIXER-2-SPEED-1400W.pdf\">PRODUKTKARTE<\/a><\/li>\n<\/ul>","protected":false},"excerpt":{"rendered":"<p>MIXER<\/p>","protected":false},"featured_media":1578,"comment_status":"closed","ping_status":"closed","template":"","meta":{"om_disable_all_campaigns":false,"inline_featured_image":false,"_monsterinsights_skip_tracking":false,"_monsterinsights_sitenote_active":false,"_monsterinsights_sitenote_note":"","_monsterinsights_sitenote_category":0,"_uf_show_specific_survey":0,"_uf_disable_surveys":false},"product_cat":[27,16],"product_tag":[],"class_list":["post-446","product","type-product","status-publish","has-post-thumbnail","hentry","product_cat-modeco-expert","product_cat-sprzet-budowlany"],"aioseo_notices":[],"_links":{"self":[{"href":"https:\/\/e-zfk.pl\/de\/wp-json\/wp\/v2\/product\/446","targetHints":{"allow":["GET"]}}],"collection":[{"href":"https:\/\/e-zfk.pl\/de\/wp-json\/wp\/v2\/product"}],"about":[{"href":"https:\/\/e-zfk.pl\/de\/wp-json\/wp\/v2\/types\/product"}],"replies":[{"embeddable":true,"href":"https:\/\/e-zfk.pl\/de\/wp-json\/wp\/v2\/comments?post=446"}],"wp:featuredmedia":[{"embeddable":true,"href":"https:\/\/e-zfk.pl\/de\/wp-json\/wp\/v2\/media\/1578"}],"wp:attachment":[{"href":"https:\/\/e-zfk.pl\/de\/wp-json\/wp\/v2\/media?parent=446"}],"wp:term":[{"taxonomy":"product_cat","embeddable":true,"href":"https:\/\/e-zfk.pl\/de\/wp-json\/wp\/v2\/product_cat?post=446"},{"taxonomy":"product_tag","embeddable":true,"href":"https:\/\/e-zfk.pl\/de\/wp-json\/wp\/v2\/product_tag?post=446"}],"curies":[{"name":"wp","href":"https:\/\/api.w.org\/{rel}","templated":true}]}}