{"id":447,"date":"2023-04-18T12:01:39","date_gmt":"2023-04-18T10:01:39","guid":{"rendered":"https:\/\/e-zfk.pl\/shop\/bez-kategorii\/mn-90-221-mlotowiertarka-28j-800w\/"},"modified":"2023-06-20T09:36:30","modified_gmt":"2023-06-20T07:36:30","slug":"mn-90-221-mlotowiertarka-28j-800w","status":"publish","type":"product","link":"https:\/\/e-zfk.pl\/de\/shop\/sprzet-budowlany\/modeco-expert\/mn-90-221-mlotowiertarka-28j-800w\/","title":{"rendered":"MN-90-221 BOHRHAMMER 2.8J 800W"},"content":{"rendered":"<h3>Merkmale und Vorteile<\/h3>\n<ul class=\"style-check\">\n<li>Der elektro-pneumatische Impaktor bringt eine hohe Schlagkraft auf die Bohrkrone und erh\u00f6ht so die Bohrgeschwindigkeit<\/li>\n<li>Der SDS-Plus-Schaft ist f\u00fcr die Verwendung mit den f\u00fcr dieses System vorgesehenen Bohrern und Zubeh\u00f6rteilen vorgesehen.<\/li>\n<li>Vier Betriebsarten (Bohren \/ Hammerbohren \/ Verbau \/ Mei\u00dfeldrehung) gew\u00e4hrleisten einen vielseitigen Einsatz der Maschine<\/li>\n<li>Die Entriegelungsfunktion der Mei\u00dfelposition im Griff erm\u00f6glicht die Einstellung des Mei\u00dfelwinkels<\/li>\n<li>Die variable Drehzahlregelung erm\u00f6glicht die Anpassung der Maschinenparameter an die jeweilige Aufgabe<\/li>\n<li>Die \u00c4nderung der Drehrichtung von Rechts- auf Linkslauf erleichtert das Herausziehen des Bohrers aus dem Material und erm\u00f6glicht das Entfernen von Schrauben und Bolzen<\/li>\n<li>Das 3 Meter lange Kabel garantiert dem Bediener die Freiheit zu arbeiten, ohne die Stromquelle tragen zu m\u00fcssen<\/li>\n<li>Die Gummi-Isolierung des Kabels bedeutet eine h\u00f6here Widerstandsf\u00e4higkeit gegen mechanische Besch\u00e4digungen und damit eine l\u00e4ngere Nutzungsdauer.<\/li>\n<li>Der Koffer erm\u00f6glicht den einfachen Transport und die bequeme Aufbewahrung des Ger\u00e4ts und des gesamten Zubeh\u00f6rs<\/li>\n<li>Red Plug Service garantiert eine schnelle Reparatur eines defekten Werkzeugs dank kostenlosem Kurierversand vom und zum Kunden<\/li>\n<li><a href=\"https:\/\/e-zfk.pl\/wp-content\/uploads\/2023\/04\/131371.MODECO-EXPERT.PL_.MN-90-221-SDS-PLUS-HAMMER-DRILL-800W-26-MM-28-J-KITBOX.pdf\">PRODUKTKARTE<\/a><\/li>\n<\/ul>","protected":false},"excerpt":{"rendered":"<p>HAMMERB\u00d6RSE<\/p>","protected":false},"featured_media":1575,"comment_status":"closed","ping_status":"closed","template":"","meta":{"om_disable_all_campaigns":false,"inline_featured_image":false,"_monsterinsights_skip_tracking":false,"_monsterinsights_sitenote_active":false,"_monsterinsights_sitenote_note":"","_monsterinsights_sitenote_category":0,"_uf_show_specific_survey":0,"_uf_disable_surveys":false},"product_cat":[27,16],"product_tag":[],"class_list":["post-447","product","type-product","status-publish","has-post-thumbnail","hentry","product_cat-modeco-expert","product_cat-sprzet-budowlany"],"aioseo_notices":[],"_links":{"self":[{"href":"https:\/\/e-zfk.pl\/de\/wp-json\/wp\/v2\/product\/447","targetHints":{"allow":["GET"]}}],"collection":[{"href":"https:\/\/e-zfk.pl\/de\/wp-json\/wp\/v2\/product"}],"about":[{"href":"https:\/\/e-zfk.pl\/de\/wp-json\/wp\/v2\/types\/product"}],"replies":[{"embeddable":true,"href":"https:\/\/e-zfk.pl\/de\/wp-json\/wp\/v2\/comments?post=447"}],"wp:featuredmedia":[{"embeddable":true,"href":"https:\/\/e-zfk.pl\/de\/wp-json\/wp\/v2\/media\/1575"}],"wp:attachment":[{"href":"https:\/\/e-zfk.pl\/de\/wp-json\/wp\/v2\/media?parent=447"}],"wp:term":[{"taxonomy":"product_cat","embeddable":true,"href":"https:\/\/e-zfk.pl\/de\/wp-json\/wp\/v2\/product_cat?post=447"},{"taxonomy":"product_tag","embeddable":true,"href":"https:\/\/e-zfk.pl\/de\/wp-json\/wp\/v2\/product_tag?post=447"}],"curies":[{"name":"wp","href":"https:\/\/api.w.org\/{rel}","templated":true}]}}